{"id":2185,"date":"2022-04-19T15:45:12","date_gmt":"2022-04-19T20:45:12","guid":{"rendered":"https:\/\/laroupille.com\/editions\/?page_id=2185"},"modified":"2022-04-19T15:45:14","modified_gmt":"2022-04-19T20:45:14","slug":"remboursements_retours","status":"publish","type":"page","link":"https:\/\/laroupille.com\/editions\/remboursements_retours\/","title":{"rendered":"Politique en mati\u00e8re de remboursements et de retours"},"content":{"rendered":"\n<p><b>This is a sample page.<\/b><\/p>\n\n\n\n<p><h3>POLITIQUE  &amp; CONFIDENTIALIT\u00c9<\/h3><\/p>\n\n\n\n<p>Les renseignements que nous vous demandons sont n\u00e9cessaires au\u00a0 traitement de votre commande : exp\u00e9dition, facturation ou pour vous joindre en cas de besoin.<\/p>\n\n\n\n<ul class=\"wp-block-list\"><li>Nous vous assurons la confidentialit\u00e9 concernant tous les renseignements fournis.<\/li><li>Le site est s\u00e9curis\u00e9&nbsp; pour votre protection.<\/li><li><strong>&nbsp;En envoyant le paiement par le Web, toute somme et information sont prot\u00e9g\u00e9s par PayPal ou Square&nbsp;<\/strong><\/li><li>&nbsp;Cliquez sur le cadenas dans votre navigateur .( Date du certificat et nom du commerce et compagnie qui ont \u00e9mis le certificat.).<\/li><\/ul>\n\n\n\n<p>A<strong>ccessibilit\u00e9 :<\/strong><\/p>\n\n\n\n<p>Le site La Roupille est par principe accessible aux utilisateurs 24\/24h, 7\/7j, sauf interruption, programm\u00e9e ou non, pour les besoins de sa maintenance ou en cas de force majeure. En cas d\u2019impossibilit\u00e9 d\u2019acc\u00e8s au service, Brikarmedia s\u2019engage \u00e0 faire son maximum afin de r\u00e9tablir l\u2019acc\u00e8s au service et s\u2019efforcera alors de communiquer pr\u00e9alablement aux utilisateurs les dates et heures de l\u2019intervention.\u00a0 N\u2019\u00e9tant soumis qu\u2019\u00e0 une obligation de moyen, Brikarmedia  ne saurait \u00eatre tenu pour responsable de tout dommage, quelle qu\u2019en soit la nature, r\u00e9sultant d\u2019une indisponibilit\u00e9 du service.<\/p>\n\n\n\n<p><strong>Retour : <\/strong><\/p>\n\n\n\n<p>Aucun retour sur les livres<\/p>\n","protected":false},"excerpt":{"rendered":"<p>This is a sample page. POLITIQUE &amp; CONFIDENTIALIT\u00c9 Les renseignements que nous vous demandons sont n\u00e9cessaires au\u00a0 traitement de votre commande : exp\u00e9dition, facturation ou pour vous joindre en cas de besoin. Nous vous assurons la confidentialit\u00e9 concernant tous les renseignements fournis. Le site est s\u00e9curis\u00e9&nbsp; pour votre protection. &nbsp;En envoyant le paiement par le [&hellip;]<\/p>\n","protected":false},"author":1,"featured_media":0,"parent":0,"menu_order":0,"comment_status":"closed","ping_status":"closed","template":"","meta":{"footnotes":""},"class_list":["post-2185","page","type-page","status-publish","hentry"],"yoast_head":"<!-- This site is optimized with the Yoast SEO plugin v27.4 - https:\/\/yoast.com\/product\/yoast-seo-wordpress\/ -->\n<title>Politique en mati\u00e8re de remboursements et de retours - \u00c9ditions La Roupille, service d&#039;\u00e9dition<\/title>\n<meta name=\"robots\" content=\"index, follow, max-snippet:-1, max-image-preview:large, max-video-preview:-1\" \/>\n<link rel=\"canonical\" href=\"https:\/\/laroupille.com\/editions\/remboursements_retours\/\" \/>\n<meta property=\"og:locale\" content=\"fr_FR\" \/>\n<meta property=\"og:type\" content=\"article\" \/>\n<meta property=\"og:title\" content=\"Politique en mati\u00e8re de remboursements et de retours - \u00c9ditions La Roupille, service d&#039;\u00e9dition\" \/>\n<meta property=\"og:description\" content=\"This is a sample page. POLITIQUE &amp; CONFIDENTIALIT\u00c9 Les renseignements que nous vous demandons sont n\u00e9cessaires au\u00a0 traitement de votre commande : exp\u00e9dition, facturation ou pour vous joindre en cas de besoin. Nous vous assurons la confidentialit\u00e9 concernant tous les renseignements fournis. Le site est s\u00e9curis\u00e9&nbsp; pour votre protection. &nbsp;En envoyant le paiement par le [&hellip;]\" \/>\n<meta property=\"og:url\" content=\"https:\/\/laroupille.com\/editions\/remboursements_retours\/\" \/>\n<meta property=\"og:site_name\" content=\"\u00c9ditions La Roupille, service d&#039;\u00e9dition\" \/>\n<meta property=\"article:publisher\" content=\"https:\/\/facebook.com\/laroupille\" \/>\n<meta property=\"article:modified_time\" content=\"2022-04-19T20:45:14+00:00\" \/>\n<meta property=\"og:image\" content=\"https:\/\/laroupille.com\/editions\/wp-content\/uploads\/2021\/01\/cropped-apple-icon-114x114-1-1.png\" \/>\n\t<meta property=\"og:image:width\" content=\"512\" \/>\n\t<meta property=\"og:image:height\" content=\"512\" \/>\n\t<meta property=\"og:image:type\" content=\"image\/png\" \/>\n<meta name=\"twitter:card\" content=\"summary_large_image\" \/>\n<meta name=\"twitter:label1\" content=\"Dur\u00e9e de lecture estim\u00e9e\" \/>\n\t<meta name=\"twitter:data1\" content=\"1 minute\" \/>\n<script type=\"application\/ld+json\" class=\"yoast-schema-graph\">{\"@context\":\"https:\\\/\\\/schema.org\",\"@graph\":[{\"@type\":\"WebPage\",\"@id\":\"https:\\\/\\\/laroupille.com\\\/editions\\\/remboursements_retours\\\/\",\"url\":\"https:\\\/\\\/laroupille.com\\\/editions\\\/remboursements_retours\\\/\",\"name\":\"Politique en mati\u00e8re de remboursements et de retours - \u00c9ditions La Roupille, service d&#039;\u00e9dition\",\"isPartOf\":{\"@id\":\"https:\\\/\\\/laroupille.com\\\/editions\\\/#website\"},\"datePublished\":\"2022-04-19T20:45:12+00:00\",\"dateModified\":\"2022-04-19T20:45:14+00:00\",\"breadcrumb\":{\"@id\":\"https:\\\/\\\/laroupille.com\\\/editions\\\/remboursements_retours\\\/#breadcrumb\"},\"inLanguage\":\"fr-FR\",\"potentialAction\":[{\"@type\":\"ReadAction\",\"target\":[\"https:\\\/\\\/laroupille.com\\\/editions\\\/remboursements_retours\\\/\"]}]},{\"@type\":\"BreadcrumbList\",\"@id\":\"https:\\\/\\\/laroupille.com\\\/editions\\\/remboursements_retours\\\/#breadcrumb\",\"itemListElement\":[{\"@type\":\"ListItem\",\"position\":1,\"name\":\"Accueil\",\"item\":\"https:\\\/\\\/laroupille.com\\\/editions\\\/\"},{\"@type\":\"ListItem\",\"position\":2,\"name\":\"Politique en mati\u00e8re de remboursements et de retours\"}]},{\"@type\":\"WebSite\",\"@id\":\"https:\\\/\\\/laroupille.com\\\/editions\\\/#website\",\"url\":\"https:\\\/\\\/laroupille.com\\\/editions\\\/\",\"name\":\"\u00c9ditions La Roupille, service d&#039;\u00e9dition\",\"description\":\"La Roupille service d&#039;\u00e9ditions\",\"publisher\":{\"@id\":\"https:\\\/\\\/laroupille.com\\\/editions\\\/#organization\"},\"potentialAction\":[{\"@type\":\"SearchAction\",\"target\":{\"@type\":\"EntryPoint\",\"urlTemplate\":\"https:\\\/\\\/laroupille.com\\\/editions\\\/?s={search_term_string}\"},\"query-input\":{\"@type\":\"PropertyValueSpecification\",\"valueRequired\":true,\"valueName\":\"search_term_string\"}}],\"inLanguage\":\"fr-FR\"},{\"@type\":\"Organization\",\"@id\":\"https:\\\/\\\/laroupille.com\\\/editions\\\/#organization\",\"name\":\"La Roupille\",\"url\":\"https:\\\/\\\/laroupille.com\\\/editions\\\/\",\"logo\":{\"@type\":\"ImageObject\",\"inLanguage\":\"fr-FR\",\"@id\":\"https:\\\/\\\/laroupille.com\\\/editions\\\/#\\\/schema\\\/logo\\\/image\\\/\",\"url\":\"https:\\\/\\\/laroupille.com\\\/editions\\\/wp-content\\\/uploads\\\/2021\\\/02\\\/logo-laroupille-big.png\",\"contentUrl\":\"https:\\\/\\\/laroupille.com\\\/editions\\\/wp-content\\\/uploads\\\/2021\\\/02\\\/logo-laroupille-big.png\",\"width\":294,\"height\":130,\"caption\":\"La Roupille\"},\"image\":{\"@id\":\"https:\\\/\\\/laroupille.com\\\/editions\\\/#\\\/schema\\\/logo\\\/image\\\/\"},\"sameAs\":[\"https:\\\/\\\/facebook.com\\\/laroupille\",\"https:\\\/\\\/www.instagram.com\\\/editionslaroupille\\\/\"]}]}<\/script>\n<!-- \/ Yoast SEO plugin. -->","yoast_head_json":{"title":"Politique en mati\u00e8re de remboursements et de retours - \u00c9ditions La Roupille, service d&#039;\u00e9dition","robots":{"index":"index","follow":"follow","max-snippet":"max-snippet:-1","max-image-preview":"max-image-preview:large","max-video-preview":"max-video-preview:-1"},"canonical":"https:\/\/laroupille.com\/editions\/remboursements_retours\/","og_locale":"fr_FR","og_type":"article","og_title":"Politique en mati\u00e8re de remboursements et de retours - \u00c9ditions La Roupille, service d&#039;\u00e9dition","og_description":"This is a sample page. POLITIQUE &amp; CONFIDENTIALIT\u00c9 Les renseignements que nous vous demandons sont n\u00e9cessaires au\u00a0 traitement de votre commande : exp\u00e9dition, facturation ou pour vous joindre en cas de besoin. Nous vous assurons la confidentialit\u00e9 concernant tous les renseignements fournis. Le site est s\u00e9curis\u00e9&nbsp; pour votre protection. &nbsp;En envoyant le paiement par le [&hellip;]","og_url":"https:\/\/laroupille.com\/editions\/remboursements_retours\/","og_site_name":"\u00c9ditions La Roupille, service d&#039;\u00e9dition","article_publisher":"https:\/\/facebook.com\/laroupille","article_modified_time":"2022-04-19T20:45:14+00:00","og_image":[{"width":512,"height":512,"url":"https:\/\/laroupille.com\/editions\/wp-content\/uploads\/2021\/01\/cropped-apple-icon-114x114-1-1.png","type":"image\/png"}],"twitter_card":"summary_large_image","twitter_misc":{"Dur\u00e9e de lecture estim\u00e9e":"1 minute"},"schema":{"@context":"https:\/\/schema.org","@graph":[{"@type":"WebPage","@id":"https:\/\/laroupille.com\/editions\/remboursements_retours\/","url":"https:\/\/laroupille.com\/editions\/remboursements_retours\/","name":"Politique en mati\u00e8re de remboursements et de retours - \u00c9ditions La Roupille, service d&#039;\u00e9dition","isPartOf":{"@id":"https:\/\/laroupille.com\/editions\/#website"},"datePublished":"2022-04-19T20:45:12+00:00","dateModified":"2022-04-19T20:45:14+00:00","breadcrumb":{"@id":"https:\/\/laroupille.com\/editions\/remboursements_retours\/#breadcrumb"},"inLanguage":"fr-FR","potentialAction":[{"@type":"ReadAction","target":["https:\/\/laroupille.com\/editions\/remboursements_retours\/"]}]},{"@type":"BreadcrumbList","@id":"https:\/\/laroupille.com\/editions\/remboursements_retours\/#breadcrumb","itemListElement":[{"@type":"ListItem","position":1,"name":"Accueil","item":"https:\/\/laroupille.com\/editions\/"},{"@type":"ListItem","position":2,"name":"Politique en mati\u00e8re de remboursements et de retours"}]},{"@type":"WebSite","@id":"https:\/\/laroupille.com\/editions\/#website","url":"https:\/\/laroupille.com\/editions\/","name":"\u00c9ditions La Roupille, service d&#039;\u00e9dition","description":"La Roupille service d&#039;\u00e9ditions","publisher":{"@id":"https:\/\/laroupille.com\/editions\/#organization"},"potentialAction":[{"@type":"SearchAction","target":{"@type":"EntryPoint","urlTemplate":"https:\/\/laroupille.com\/editions\/?s={search_term_string}"},"query-input":{"@type":"PropertyValueSpecification","valueRequired":true,"valueName":"search_term_string"}}],"inLanguage":"fr-FR"},{"@type":"Organization","@id":"https:\/\/laroupille.com\/editions\/#organization","name":"La Roupille","url":"https:\/\/laroupille.com\/editions\/","logo":{"@type":"ImageObject","inLanguage":"fr-FR","@id":"https:\/\/laroupille.com\/editions\/#\/schema\/logo\/image\/","url":"https:\/\/laroupille.com\/editions\/wp-content\/uploads\/2021\/02\/logo-laroupille-big.png","contentUrl":"https:\/\/laroupille.com\/editions\/wp-content\/uploads\/2021\/02\/logo-laroupille-big.png","width":294,"height":130,"caption":"La Roupille"},"image":{"@id":"https:\/\/laroupille.com\/editions\/#\/schema\/logo\/image\/"},"sameAs":["https:\/\/facebook.com\/laroupille","https:\/\/www.instagram.com\/editionslaroupille\/"]}]}},"jetpack_sharing_enabled":true,"_links":{"self":[{"href":"https:\/\/laroupille.com\/editions\/wp-json\/wp\/v2\/pages\/2185","targetHints":{"allow":["GET"]}}],"collection":[{"href":"https:\/\/laroupille.com\/editions\/wp-json\/wp\/v2\/pages"}],"about":[{"href":"https:\/\/laroupille.com\/editions\/wp-json\/wp\/v2\/types\/page"}],"author":[{"embeddable":true,"href":"https:\/\/laroupille.com\/editions\/wp-json\/wp\/v2\/users\/1"}],"replies":[{"embeddable":true,"href":"https:\/\/laroupille.com\/editions\/wp-json\/wp\/v2\/comments?post=2185"}],"version-history":[{"count":1,"href":"https:\/\/laroupille.com\/editions\/wp-json\/wp\/v2\/pages\/2185\/revisions"}],"predecessor-version":[{"id":2325,"href":"https:\/\/laroupille.com\/editions\/wp-json\/wp\/v2\/pages\/2185\/revisions\/2325"}],"wp:attachment":[{"href":"https:\/\/laroupille.com\/editions\/wp-json\/wp\/v2\/media?parent=2185"}],"curies":[{"name":"wp","href":"https:\/\/api.w.org\/{rel}","templated":true}]}}