{"id":384,"date":"2021-01-19T02:42:47","date_gmt":"2021-01-19T07:42:47","guid":{"rendered":"http:\/\/demo.wphash.com\/neha\/?page_id=384"},"modified":"2024-03-05T13:55:03","modified_gmt":"2024-03-05T18:55:03","slug":"a-propos","status":"publish","type":"page","link":"https:\/\/laroupille.com\/editions\/a-propos\/","title":{"rendered":"\u00c0 propos de nous"},"content":{"rendered":"<p><section class=\"kc-elm kc-css-896042 kc_row\"><div class=\"kc-row-container  kc-container\"><div class=\"kc-wrap-columns\"><div class=\"kc-elm kc-css-585796 kc_col-sm-12 kc_column kc_col-sm-12\"><div class=\"kc-col-container\"><div class=\"kc-elm kc-css-305296 kc_row kc_row_inner\"><div class=\"kc-elm kc-css-993901 kc_col-sm-12 kc_column_inner kc_col-sm-12\"><div class=\"kc_wrapper kc-col-inner-container\">\n<div class=\"kc-elm kc-css-848998 kc-title-wrap \">\n\n\t<h3 class=\"kc_title\">\u00c0 propos de nous<\/h3>\n<\/div>\n<div class=\"kc-elm kc-css-894240 kc_text_block\"><\/p>\n<p>\nles bonnes personnes pour votre projet<\/p>\n<p>\n<\/div><\/div><\/div><\/div><div class=\"kc-elm kc-css-857449 kc_row kc_row_inner\"><div class=\"kc-elm kc-css-19829 kc_col-sm-6 kc_column_inner kc_col-sm-6\"><div class=\"kc_wrapper kc-col-inner-container\">\n<div class=\"kc-elm kc-css-472984 kc-title-wrap \">\n\n\t<h3 class=\"kc_title\">nous avons des comp\u00e9tences \u00e0 montrer<\/h3>\n<\/div>\n<div class=\"kc-elm kc-css-252081 kc_shortcode kc_progress_bars \" data-style=\"1\"><div class=\"progress-item\"><span class=\"label\">Favoris des clients<\/span><div class=\"kc-ui-progress-bar kc-ui-progress-bar1 kc-progress-bar kc-ui-container\"><div class=\"kc-ui-progress kc-ui-progress1\" style=\"background-color: #7b7b7b;width: 73%\" data-value=\"73\" data-speed=\"2000\"><div class=\"ui-label\">\n\t\t\t\t\t<span class=\"value\">73%<\/span>\n\t\t\t\t<\/div><\/div><\/div><\/div><div class=\"progress-item\"><span class=\"label\">Auteurs Populaires<\/span><div class=\"kc-ui-progress-bar kc-ui-progress-bar1 kc-progress-bar kc-ui-container\"><div class=\"kc-ui-progress kc-ui-progress1\" style=\"background-color: #7b7b7b;width: 95%\" data-value=\"95\" data-speed=\"2000\"><div class=\"ui-label\">\n\t\t\t\t\t<span class=\"value\">95%<\/span>\n\t\t\t\t<\/div><\/div><\/div><\/div><div class=\"progress-item\"><span class=\"label\">S\u00e9rie \u00e0 succ\u00e8s<\/span><div class=\"kc-ui-progress-bar kc-ui-progress-bar1 kc-progress-bar kc-ui-container\"><div class=\"kc-ui-progress kc-ui-progress1\" style=\"background-color: #7b7b7b;width: 61%\" data-value=\"61\" data-speed=\"2000\"><div class=\"ui-label\">\n\t\t\t\t\t<span class=\"value\">61%<\/span>\n\t\t\t\t<\/div><\/div><\/div><\/div><div class=\"progress-item\"><span class=\"label\">Livres \u00e0 prix abordables<\/span><div class=\"kc-ui-progress-bar kc-ui-progress-bar1 kc-progress-bar kc-ui-container\"><div class=\"kc-ui-progress kc-ui-progress1\" style=\"background-color: #7b7b7b;width: 82%\" data-value=\"82\" data-speed=\"2000\"><div class=\"ui-label\">\n\t\t\t\t\t<span class=\"value\">82%<\/span>\n\t\t\t\t<\/div><\/div><\/div><\/div><\/div><\/div><\/div><div class=\"kc-elm kc-css-343052 kc_col-sm-6 kc_column_inner kc_col-sm-6\"><div class=\"kc_wrapper kc-col-inner-container\"><div class=\"kc-elm kc-css-462888 kc_text_block about-story\"><\/p>\n<p>\nFond\u00e9 en 2012,<strong> La Roupille<\/strong> s\u2019est donn\u00e9 comme mission de mettre en lumi\u00e8re pr\u00e9jug\u00e9s, tabous et diff\u00e9rences.<\/p>\n<p>Que ce soit \u00e0 travers la plume d&#039;exp\u00e9rience ou la plume aventuri\u00e8re de nouveaux talents de la litt\u00e9rature qu\u00e9b\u00e9coise, la maison d&#039;\u00e9dition propose des th\u00e8mes vari\u00e9s, humanistes, en demeurant soucieuse d&#039;ouvrir le dialogue interg\u00e9n\u00e9rationnel.<\/p>\n<p>Qu&#039;elles soient inspir\u00e9es, romanc\u00e9es, r\u00e9alistes ou fictives, les publications de LaRoupille devraient \u00e0 coup s\u00fbr stimuler l&#039;imaginaire des lecteurs et les mener vers un cheminement personnel et social.<\/p>\n<p><strong>NOS OBJECTIFS :<\/strong><br \/>Que nos ouvrages deviennent des outils de r\u00e9f\u00e9rences en d\u00e9veloppement personnel et social et qu&#039;ils stimulent l&#039;imaginaire des lecteurs en leur donnant le go\u00fbt de se d\u00e9passer.<\/p>\n<p><strong>NOS OUVRAGES :<\/strong><br \/>Inspir\u00e9s, romanc\u00e9s, r\u00e9alistes ou fictifs, nos ouvrages sont teint\u00e9s de v\u00e9rit\u00e9s, de pr\u00e9jug\u00e9s, de diff\u00e9rences ou d\u2019interdits. Ils m\u00e8neront \u00e0 coup s\u00fbr le lecteur vers un cheminement personnel.<\/p>\n<p><img loading=\"lazy\" decoding=\"async\" class=\"size-medium aligncenter\" src=\"https:\/\/laroupille.com\/editions\/wp-content\/uploads\/2021\/01\/logo-laroupille-small.png\" alt=\"Editions La Roupille\" width=\"147\" height=\"65\">\u00a0 1203, rue du Pont, St-Lambert-de-Lauzon (Qu\u00e9bec) G0S 2W0<\/p>\n<p>\n<\/div><\/div><\/div><\/div><\/div><\/div><\/div><\/div><\/section><section class=\"kc-elm kc-css-652887 kc_row\"><div class=\"kc-row-container  kc-container\"><div class=\"kc-wrap-columns\"><div class=\"kc-elm kc-css-19316 kc_col-sm-12 kc_column kc_col-sm-12\"><div class=\"kc-col-container\"><div class=\"kc-elm kc-css-180290 kc_row kc_row_inner\"><div class=\"kc-elm kc-css-620504 kc_col-sm-12 kc_column_inner kc_col-sm-12\"><div class=\"kc_wrapper kc-col-inner-container\">\n<div class=\"kc-elm kc-css-881571 kc-title-wrap \">\n\n\t<h3 class=\"kc_title\">Rencontrez notre \u00e9quipe d\u2019experts<\/h3>\n<\/div>\n<div class=\"kc-elm kc-css-366310 kc_text_block\"><\/p>\n<p>\nMaison d&#039;\u00e9dition sp\u00e9cialis\u00e9e dans la r\u00e9v\u00e9lation de nouveaux talents de la litt\u00e9rature qu\u00e9b\u00e9coise.<\/p>\n<p>\n<\/div><\/div><\/div><\/div><div data-kc-equalheight=\"true\" data-kc-row-action=\"true\" data-kc-equalheight-align=\"top\" class=\"kc-elm kc-css-123195 kc_row kc_row_inner\"><div class=\"kc-elm kc-css-685850 kc_col-sm-3 kc_column_inner kc_col-sm-3\"><div class=\"kc_wrapper kc-col-inner-container\">\t\r\n\t<div class=\"kc-elm kc-css-815734 \">\r\n\t\t\t\t\r\n\t\t\t<div class=\"wn__team\">\r\n\t\t\t\t\t\t\t\t<div class=\"thumb\">\r\n\t\t\t\t\t\t\t\t\t\t<img decoding=\"async\" alt=\"\" src=\"https:\/\/laroupille.com\/editions\/wp-content\/uploads\/2021\/02\/Caroline_Larochelle-equipe-nb.jpg\">\r\n\t\t\t\t<\/div>\r\n\t\t\t\t\t\t\t\t<div class=\"content text-center\">\r\n\t\t\t\t\t\t\t\t\t\t\t<h4>CAROLINE LAROCHELLE<\/h4>\r\n\t\t\t\t\t\t\t\t\t\t\t\t\t\t\t\t<P class=\"pos\">Fondatrice, pr\u00e9sidente, \u00e9ditrice et autrice<\/p>\r\n\t\t\t\t\t\t\t\t\t\t<ul class=\"team__social__net\">\r\n\t\t\t\t\t\t\t\t\t\t<\/ul>\r\n\t\t\t\t<\/div>\r\n\t\t\t<\/div>\r\n\r\n\t<\/div>\r\n\r\n\t\t\r\n\t<div class=\"kc-elm kc-css-945908 \">\r\n\t\t\t\t\r\n\t\t\t<div class=\"wn__team\">\r\n\t\t\t\t\t\t\t\t<div class=\"thumb\">\r\n\t\t\t\t\t\t\t\t\t\t<img decoding=\"async\" alt=\"\" src=\"https:\/\/laroupille.com\/editions\/wp-content\/uploads\/2021\/02\/nadine_marticotte-euipe-nb.jpg\">\r\n\t\t\t\t<\/div>\r\n\t\t\t\t\t\t\t\t<div class=\"content text-center\">\r\n\t\t\t\t\t\t\t\t\t\t\t<h4>NADINE MARTICOTTE<\/h4>\r\n\t\t\t\t\t\t\t\t\t\t\t\t\t\t\t\t<P class=\"pos\">Designer graphique<\/p>\r\n\t\t\t\t\t\t\t\t\t\t<ul class=\"team__social__net\">\r\n\t\t\t\t\t\t\t\t\t\t<\/ul>\r\n\t\t\t\t<\/div>\r\n\t\t\t<\/div>\r\n\r\n\t<\/div>\r\n\r\n\t<\/div><\/div><div class=\"kc-elm kc-css-45132 kc_col-sm-3 kc_column_inner kc_col-sm-3\"><div class=\"kc_wrapper kc-col-inner-container\">\t\r\n\t<div class=\"kc-elm kc-css-565778 \">\r\n\t\t\t\t\r\n\t\t\t<div class=\"wn__team\">\r\n\t\t\t\t\t\t\t\t<div class=\"thumb\">\r\n\t\t\t\t\t\t\t\t\t\t<img decoding=\"async\" alt=\"\" src=\"https:\/\/laroupille.com\/editions\/wp-content\/uploads\/2021\/02\/Patrice_Dumont-equipe-nb.jpg\">\r\n\t\t\t\t<\/div>\r\n\t\t\t\t\t\t\t\t<div class=\"content text-center\">\r\n\t\t\t\t\t\t\t\t\t\t\t<h4>PATRICE DUMONT<\/h4>\r\n\t\t\t\t\t\t\t\t\t\t\t\t\t\t\t\t<P class=\"pos\">Directeur des op\u00e9rations<\/p>\r\n\t\t\t\t\t\t\t\t\t\t<ul class=\"team__social__net\">\r\n\t\t\t\t\t\t\t\t\t\t<\/ul>\r\n\t\t\t\t<\/div>\r\n\t\t\t<\/div>\r\n\r\n\t<\/div>\r\n\r\n\t\t\r\n\t<div class=\"kc-elm kc-css-126780 \">\r\n\t\t\t\t\r\n\t\t\t<div class=\"wn__team\">\r\n\t\t\t\t\t\t\t\t<div class=\"thumb\">\r\n\t\t\t\t\t\t\t\t\t\t<img decoding=\"async\" alt=\"\" src=\"https:\/\/laroupille.com\/editions\/wp-content\/uploads\/2021\/02\/maryse_froment_lebeau-equipe-nb.jpg\">\r\n\t\t\t\t<\/div>\r\n\t\t\t\t\t\t\t\t<div class=\"content text-center\">\r\n\t\t\t\t\t\t\t\t\t\t\t<h4>MARYSE FROMENT-LEBEAU<\/h4>\r\n\t\t\t\t\t\t\t\t\t\t\t\t\t\t\t\t<P class=\"pos\">R\u00e9viseure<\/p>\r\n\t\t\t\t\t\t\t\t\t\t<ul class=\"team__social__net\">\r\n\t\t\t\t\t\t\t\t\t\t<\/ul>\r\n\t\t\t\t<\/div>\r\n\t\t\t<\/div>\r\n\r\n\t<\/div>\r\n\r\n\t<\/div><\/div><div class=\"kc-elm kc-css-891854 kc_col-sm-3 kc_column_inner kc_col-sm-3\"><div class=\"kc_wrapper kc-col-inner-container\">\t\r\n\t<div class=\"kc-elm kc-css-648809 \">\r\n\t\t\t\t\r\n\t\t\t<div class=\"wn__team\">\r\n\t\t\t\t\t\t\t\t<div class=\"thumb\">\r\n\t\t\t\t\t\t\t\t\t\t<img decoding=\"async\" alt=\"\" src=\"https:\/\/laroupille.com\/editions\/wp-content\/uploads\/2021\/02\/Florence_Dumont-equipe-nb.jpg\">\r\n\t\t\t\t<\/div>\r\n\t\t\t\t\t\t\t\t<div class=\"content text-center\">\r\n\t\t\t\t\t\t\t\t\t\t\t<h4>FLORENCE DUMONT<\/h4>\r\n\t\t\t\t\t\t\t\t\t\t\t\t\t\t\t\t<P class=\"pos\">Adjointe \u00e0 la direction<\/p>\r\n\t\t\t\t\t\t\t\t\t\t<ul class=\"team__social__net\">\r\n\t\t\t\t\t\t\t\t\t\t<\/ul>\r\n\t\t\t\t<\/div>\r\n\t\t\t<\/div>\r\n\r\n\t<\/div>\r\n\r\n\t\t\r\n\t<div class=\"kc-elm kc-css-434016 \">\r\n\t\t\t\t\r\n\t\t\t<div class=\"wn__team\">\r\n\t\t\t\t\t\t\t\t<div class=\"thumb\">\r\n\t\t\t\t\t\t\t\t\t\t<img decoding=\"async\" alt=\"\" src=\"https:\/\/laroupille.com\/editions\/wp-content\/uploads\/2021\/02\/mario-bedard21-nb.png\">\r\n\t\t\t\t<\/div>\r\n\t\t\t\t\t\t\t\t<div class=\"content text-center\">\r\n\t\t\t\t\t\t\t\t\t\t\t<h4>MARIO B\u00c9DARD<\/h4>\r\n\t\t\t\t\t\t\t\t\t\t\t\t\t\t\t\t<P class=\"pos\">Illustrateur<\/p>\r\n\t\t\t\t\t\t\t\t\t\t<ul class=\"team__social__net\">\r\n\t\t\t\t\t\t\t\t\t\t<\/ul>\r\n\t\t\t\t<\/div>\r\n\t\t\t<\/div>\r\n\r\n\t<\/div>\r\n\r\n\t<\/div><\/div><div class=\"kc-elm kc-css-835865 kc_col-sm-3 kc_column_inner kc_col-sm-3\"><div class=\"kc_wrapper kc-col-inner-container\">\t\r\n\t<div class=\"kc-elm kc-css-630247 \">\r\n\t\t\t\t\r\n\t\t\t<div class=\"wn__team\">\r\n\t\t\t\t\t\t\t\t<div class=\"thumb\">\r\n\t\t\t\t\t\t\t\t\t\t<img decoding=\"async\" alt=\"\" src=\"https:\/\/laroupille.com\/editions\/wp-content\/uploads\/2021\/02\/solange-juliana-dumont-equipe-nb.jpg\">\r\n\t\t\t\t<\/div>\r\n\t\t\t\t\t\t\t\t<div class=\"content text-center\">\r\n\t\t\t\t\t\t\t\t\t\t\t<h4>SOLANGE-J. DUMONT<\/h4>\r\n\t\t\t\t\t\t\t\t\t\t\t\t\t\t\t\t<P class=\"pos\">Conseill\u00e8re litt\u00e9raire \/ Communications<\/p>\r\n\t\t\t\t\t\t\t\t\t\t<ul class=\"team__social__net\">\r\n\t\t\t\t\t\t\t\t\t\t<\/ul>\r\n\t\t\t\t<\/div>\r\n\t\t\t<\/div>\r\n\r\n\t<\/div>\r\n\r\n\t\t\r\n\t<div class=\"kc-elm kc-css-608852 \">\r\n\t\t\t\t\r\n\t\t\t<div class=\"wn__team\">\r\n\t\t\t\t\t\t\t\t<div class=\"thumb\">\r\n\t\t\t\t\t\t\t\t\t\t<img decoding=\"async\" alt=\"\" src=\"https:\/\/laroupille.com\/editions\/wp-content\/uploads\/2021\/02\/margaret_boisaubert.jpg\">\r\n\t\t\t\t<\/div>\r\n\t\t\t\t\t\t\t\t<div class=\"content text-center\">\r\n\t\t\t\t\t\t\t\t\t\t\t<h4>MARGARET BOISAUBERT<\/h4>\r\n\t\t\t\t\t\t\t\t\t\t\t\t\t\t\t\t<P class=\"pos\">Webmaster<\/p>\r\n\t\t\t\t\t\t\t\t\t\t<ul class=\"team__social__net\">\r\n\t\t\t\t\t\t\t\t\t\t<\/ul>\r\n\t\t\t\t<\/div>\r\n\t\t\t<\/div>\r\n\r\n\t<\/div>\r\n\r\n\t<\/div><\/div><\/div><\/div><\/div><\/div><\/div><\/section><\/p>\n","protected":false},"excerpt":{"rendered":"","protected":false},"author":1,"featured_media":0,"parent":0,"menu_order":0,"comment_status":"closed","ping_status":"closed","template":"page-full-width.php","meta":{"footnotes":""},"class_list":["post-384","page","type-page","status-publish","hentry"],"yoast_head":"<!-- This site is optimized with the Yoast SEO plugin v27.6 - https:\/\/yoast.com\/product\/yoast-seo-wordpress\/ -->\n<title>\u00c0 propos de nous - \u00c9ditions La Roupille, service d&#039;\u00e9dition<\/title>\n<meta name=\"robots\" content=\"index, follow, max-snippet:-1, max-image-preview:large, max-video-preview:-1\" \/>\n<link rel=\"canonical\" href=\"https:\/\/laroupille.com\/editions\/a-propos\/\" \/>\n<meta property=\"og:locale\" content=\"fr_FR\" \/>\n<meta property=\"og:type\" content=\"article\" \/>\n<meta property=\"og:title\" content=\"\u00c0 propos de nous - \u00c9ditions La Roupille, service d&#039;\u00e9dition\" \/>\n<meta property=\"og:description\" content=\"\u00c0 propos de nous les bonnes personnes pour votre projet nous avons des comp\u00e9tences \u00e0 montrer Favoris des clients 73% Auteurs Populaires 95% S\u00e9rie \u00e0 succ\u00e8s 61% Livres \u00e0 prix abordables 82% Fond\u00e9 en 2012, La Roupille s\u2019est donn\u00e9 comme mission de mettre en lumi\u00e8re pr\u00e9jug\u00e9s, tabous et diff\u00e9rences. Que ce soit \u00e0 travers la [&hellip;]\" \/>\n<meta property=\"og:url\" content=\"https:\/\/laroupille.com\/editions\/a-propos\/\" \/>\n<meta property=\"og:site_name\" content=\"\u00c9ditions La Roupille, service d&#039;\u00e9dition\" \/>\n<meta property=\"article:publisher\" content=\"https:\/\/facebook.com\/laroupille\" \/>\n<meta property=\"article:modified_time\" content=\"2024-03-05T18:55:03+00:00\" \/>\n<meta property=\"og:image\" content=\"https:\/\/laroupille.com\/editions\/wp-content\/uploads\/2021\/01\/logo-laroupille-small.png\" \/>\n<meta name=\"twitter:card\" content=\"summary_large_image\" \/>\n<meta name=\"twitter:label1\" content=\"Dur\u00e9e de lecture estim\u00e9e\" \/>\n\t<meta name=\"twitter:data1\" content=\"1 minute\" \/>\n<script type=\"application\/ld+json\" class=\"yoast-schema-graph\">{\"@context\":\"https:\\\/\\\/schema.org\",\"@graph\":[{\"@type\":\"WebPage\",\"@id\":\"https:\\\/\\\/laroupille.com\\\/editions\\\/a-propos\\\/\",\"url\":\"https:\\\/\\\/laroupille.com\\\/editions\\\/a-propos\\\/\",\"name\":\"\u00c0 propos de nous - \u00c9ditions La Roupille, service d&#039;\u00e9dition\",\"isPartOf\":{\"@id\":\"https:\\\/\\\/laroupille.com\\\/editions\\\/#website\"},\"primaryImageOfPage\":{\"@id\":\"https:\\\/\\\/laroupille.com\\\/editions\\\/a-propos\\\/#primaryimage\"},\"image\":{\"@id\":\"https:\\\/\\\/laroupille.com\\\/editions\\\/a-propos\\\/#primaryimage\"},\"thumbnailUrl\":\"https:\\\/\\\/laroupille.com\\\/editions\\\/wp-content\\\/uploads\\\/2021\\\/01\\\/logo-laroupille-small.png\",\"datePublished\":\"2021-01-19T07:42:47+00:00\",\"dateModified\":\"2024-03-05T18:55:03+00:00\",\"breadcrumb\":{\"@id\":\"https:\\\/\\\/laroupille.com\\\/editions\\\/a-propos\\\/#breadcrumb\"},\"inLanguage\":\"fr-FR\",\"potentialAction\":[{\"@type\":\"ReadAction\",\"target\":[\"https:\\\/\\\/laroupille.com\\\/editions\\\/a-propos\\\/\"]}]},{\"@type\":\"ImageObject\",\"inLanguage\":\"fr-FR\",\"@id\":\"https:\\\/\\\/laroupille.com\\\/editions\\\/a-propos\\\/#primaryimage\",\"url\":\"https:\\\/\\\/laroupille.com\\\/editions\\\/wp-content\\\/uploads\\\/2021\\\/01\\\/logo-laroupille-small.png\",\"contentUrl\":\"https:\\\/\\\/laroupille.com\\\/editions\\\/wp-content\\\/uploads\\\/2021\\\/01\\\/logo-laroupille-small.png\",\"width\":147,\"height\":65,\"caption\":\"Editions La Roupille\"},{\"@type\":\"BreadcrumbList\",\"@id\":\"https:\\\/\\\/laroupille.com\\\/editions\\\/a-propos\\\/#breadcrumb\",\"itemListElement\":[{\"@type\":\"ListItem\",\"position\":1,\"name\":\"Accueil\",\"item\":\"https:\\\/\\\/laroupille.com\\\/editions\\\/\"},{\"@type\":\"ListItem\",\"position\":2,\"name\":\"\u00c0 propos de nous\"}]},{\"@type\":\"WebSite\",\"@id\":\"https:\\\/\\\/laroupille.com\\\/editions\\\/#website\",\"url\":\"https:\\\/\\\/laroupille.com\\\/editions\\\/\",\"name\":\"\u00c9ditions La Roupille, service d&#039;\u00e9dition\",\"description\":\"La Roupille service d&#039;\u00e9ditions\",\"publisher\":{\"@id\":\"https:\\\/\\\/laroupille.com\\\/editions\\\/#organization\"},\"potentialAction\":[{\"@type\":\"SearchAction\",\"target\":{\"@type\":\"EntryPoint\",\"urlTemplate\":\"https:\\\/\\\/laroupille.com\\\/editions\\\/?s={search_term_string}\"},\"query-input\":{\"@type\":\"PropertyValueSpecification\",\"valueRequired\":true,\"valueName\":\"search_term_string\"}}],\"inLanguage\":\"fr-FR\"},{\"@type\":\"Organization\",\"@id\":\"https:\\\/\\\/laroupille.com\\\/editions\\\/#organization\",\"name\":\"La Roupille\",\"url\":\"https:\\\/\\\/laroupille.com\\\/editions\\\/\",\"logo\":{\"@type\":\"ImageObject\",\"inLanguage\":\"fr-FR\",\"@id\":\"https:\\\/\\\/laroupille.com\\\/editions\\\/#\\\/schema\\\/logo\\\/image\\\/\",\"url\":\"https:\\\/\\\/laroupille.com\\\/editions\\\/wp-content\\\/uploads\\\/2021\\\/02\\\/logo-laroupille-big.png\",\"contentUrl\":\"https:\\\/\\\/laroupille.com\\\/editions\\\/wp-content\\\/uploads\\\/2021\\\/02\\\/logo-laroupille-big.png\",\"width\":294,\"height\":130,\"caption\":\"La Roupille\"},\"image\":{\"@id\":\"https:\\\/\\\/laroupille.com\\\/editions\\\/#\\\/schema\\\/logo\\\/image\\\/\"},\"sameAs\":[\"https:\\\/\\\/facebook.com\\\/laroupille\",\"https:\\\/\\\/www.instagram.com\\\/editionslaroupille\\\/\"]}]}<\/script>\n<!-- \/ Yoast SEO plugin. -->","yoast_head_json":{"title":"\u00c0 propos de nous - \u00c9ditions La Roupille, service d&#039;\u00e9dition","robots":{"index":"index","follow":"follow","max-snippet":"max-snippet:-1","max-image-preview":"max-image-preview:large","max-video-preview":"max-video-preview:-1"},"canonical":"https:\/\/laroupille.com\/editions\/a-propos\/","og_locale":"fr_FR","og_type":"article","og_title":"\u00c0 propos de nous - \u00c9ditions La Roupille, service d&#039;\u00e9dition","og_description":"\u00c0 propos de nous les bonnes personnes pour votre projet nous avons des comp\u00e9tences \u00e0 montrer Favoris des clients 73% Auteurs Populaires 95% S\u00e9rie \u00e0 succ\u00e8s 61% Livres \u00e0 prix abordables 82% Fond\u00e9 en 2012, La Roupille s\u2019est donn\u00e9 comme mission de mettre en lumi\u00e8re pr\u00e9jug\u00e9s, tabous et diff\u00e9rences. Que ce soit \u00e0 travers la [&hellip;]","og_url":"https:\/\/laroupille.com\/editions\/a-propos\/","og_site_name":"\u00c9ditions La Roupille, service d&#039;\u00e9dition","article_publisher":"https:\/\/facebook.com\/laroupille","article_modified_time":"2024-03-05T18:55:03+00:00","og_image":[{"url":"https:\/\/laroupille.com\/editions\/wp-content\/uploads\/2021\/01\/logo-laroupille-small.png","type":"","width":"","height":""}],"twitter_card":"summary_large_image","twitter_misc":{"Dur\u00e9e de lecture estim\u00e9e":"1 minute"},"schema":{"@context":"https:\/\/schema.org","@graph":[{"@type":"WebPage","@id":"https:\/\/laroupille.com\/editions\/a-propos\/","url":"https:\/\/laroupille.com\/editions\/a-propos\/","name":"\u00c0 propos de nous - \u00c9ditions La Roupille, service d&#039;\u00e9dition","isPartOf":{"@id":"https:\/\/laroupille.com\/editions\/#website"},"primaryImageOfPage":{"@id":"https:\/\/laroupille.com\/editions\/a-propos\/#primaryimage"},"image":{"@id":"https:\/\/laroupille.com\/editions\/a-propos\/#primaryimage"},"thumbnailUrl":"https:\/\/laroupille.com\/editions\/wp-content\/uploads\/2021\/01\/logo-laroupille-small.png","datePublished":"2021-01-19T07:42:47+00:00","dateModified":"2024-03-05T18:55:03+00:00","breadcrumb":{"@id":"https:\/\/laroupille.com\/editions\/a-propos\/#breadcrumb"},"inLanguage":"fr-FR","potentialAction":[{"@type":"ReadAction","target":["https:\/\/laroupille.com\/editions\/a-propos\/"]}]},{"@type":"ImageObject","inLanguage":"fr-FR","@id":"https:\/\/laroupille.com\/editions\/a-propos\/#primaryimage","url":"https:\/\/laroupille.com\/editions\/wp-content\/uploads\/2021\/01\/logo-laroupille-small.png","contentUrl":"https:\/\/laroupille.com\/editions\/wp-content\/uploads\/2021\/01\/logo-laroupille-small.png","width":147,"height":65,"caption":"Editions La Roupille"},{"@type":"BreadcrumbList","@id":"https:\/\/laroupille.com\/editions\/a-propos\/#breadcrumb","itemListElement":[{"@type":"ListItem","position":1,"name":"Accueil","item":"https:\/\/laroupille.com\/editions\/"},{"@type":"ListItem","position":2,"name":"\u00c0 propos de nous"}]},{"@type":"WebSite","@id":"https:\/\/laroupille.com\/editions\/#website","url":"https:\/\/laroupille.com\/editions\/","name":"\u00c9ditions La Roupille, service d&#039;\u00e9dition","description":"La Roupille service d&#039;\u00e9ditions","publisher":{"@id":"https:\/\/laroupille.com\/editions\/#organization"},"potentialAction":[{"@type":"SearchAction","target":{"@type":"EntryPoint","urlTemplate":"https:\/\/laroupille.com\/editions\/?s={search_term_string}"},"query-input":{"@type":"PropertyValueSpecification","valueRequired":true,"valueName":"search_term_string"}}],"inLanguage":"fr-FR"},{"@type":"Organization","@id":"https:\/\/laroupille.com\/editions\/#organization","name":"La Roupille","url":"https:\/\/laroupille.com\/editions\/","logo":{"@type":"ImageObject","inLanguage":"fr-FR","@id":"https:\/\/laroupille.com\/editions\/#\/schema\/logo\/image\/","url":"https:\/\/laroupille.com\/editions\/wp-content\/uploads\/2021\/02\/logo-laroupille-big.png","contentUrl":"https:\/\/laroupille.com\/editions\/wp-content\/uploads\/2021\/02\/logo-laroupille-big.png","width":294,"height":130,"caption":"La Roupille"},"image":{"@id":"https:\/\/laroupille.com\/editions\/#\/schema\/logo\/image\/"},"sameAs":["https:\/\/facebook.com\/laroupille","https:\/\/www.instagram.com\/editionslaroupille\/"]}]}},"jetpack_sharing_enabled":true,"_links":{"self":[{"href":"https:\/\/laroupille.com\/editions\/wp-json\/wp\/v2\/pages\/384","targetHints":{"allow":["GET"]}}],"collection":[{"href":"https:\/\/laroupille.com\/editions\/wp-json\/wp\/v2\/pages"}],"about":[{"href":"https:\/\/laroupille.com\/editions\/wp-json\/wp\/v2\/types\/page"}],"author":[{"embeddable":true,"href":"https:\/\/laroupille.com\/editions\/wp-json\/wp\/v2\/users\/1"}],"replies":[{"embeddable":true,"href":"https:\/\/laroupille.com\/editions\/wp-json\/wp\/v2\/comments?post=384"}],"version-history":[{"count":59,"href":"https:\/\/laroupille.com\/editions\/wp-json\/wp\/v2\/pages\/384\/revisions"}],"predecessor-version":[{"id":3064,"href":"https:\/\/laroupille.com\/editions\/wp-json\/wp\/v2\/pages\/384\/revisions\/3064"}],"wp:attachment":[{"href":"https:\/\/laroupille.com\/editions\/wp-json\/wp\/v2\/media?parent=384"}],"curies":[{"name":"wp","href":"https:\/\/api.w.org\/{rel}","templated":true}]}}