{"id":1348,"date":"2021-01-28T19:52:06","date_gmt":"2021-01-29T00:52:06","guid":{"rendered":"https:\/\/laroupille.com\/editions\/?post_type=product&#038;p=1348"},"modified":"2021-09-07T10:05:35","modified_gmt":"2021-09-07T15:05:35","slug":"les-lundis-de-zachary-petit","status":"publish","type":"product","link":"https:\/\/laroupille.com\/editions\/product\/les-lundis-de-zachary-petit\/","title":{"rendered":"Les lundis de &#8230; Zachary Petit"},"content":{"rendered":"<p>Quelles entourloupettes Zachary Petit va-t-il encore inventer pour parvenir \u00e0 ses fins?<\/p>\n","protected":false},"excerpt":{"rendered":"<p>Collection Mioche<br \/>\nAutrice : <a href=\"https:\/\/laroupille.com\/editions\/auteurs\/#caroline-larochelle\">Caroline Larochelle<\/a><\/p>\n<p>Zachary, un jeune gar\u00e7on plut\u00f4t d\u00e9gourdi, cumule les b\u00eatises depuis qu\u2019il est tout petit. Persuad\u00e9 d\u2019enrayer, une fois pour toutes, les lundis mal\u00e9fiques qui troublent sa famille, ce dr\u00f4le d\u2019explorateur se pr\u00e9pare pour une mission plus abstraite que p\u00e9rilleuse : d\u00e9couvrir l\u2019adresse secr\u00e8te du fameux paradis o\u00f9 se trouve sa Mamie ch\u00e9rie. Quelles entourloupettes Zachary Petit va-t-il encore inventer pour parvenir \u00e0 ses fins?<\/p>\n","protected":false},"featured_media":1477,"comment_status":"closed","ping_status":"closed","template":"","meta":[],"product_brand":[],"product_cat":[60,62,49],"product_tag":[72,85],"class_list":{"0":"post-1348","1":"product","2":"type-product","3":"status-publish","4":"has-post-thumbnail","6":"product_cat-jeunesse","7":"product_cat-jeunesse-5-8-ans","8":"product_cat-tous-les-livres","9":"product_tag-caroline-larochelle","10":"product_tag-les-lundis-de-zacchary-petit","11":"product_shipping_class-forfait","13":"first","14":"instock","15":"taxable","16":"shipping-taxable","17":"purchasable","18":"product-type-simple"},"yoast_head":"<!-- This site is optimized with the Yoast SEO plugin v27.4 - https:\/\/yoast.com\/product\/yoast-seo-wordpress\/ -->\n<title>Les lundis de ... Zachary Petit - \u00c9ditions La Roupille, service d&#039;\u00e9dition<\/title>\n<meta name=\"robots\" content=\"index, follow, max-snippet:-1, max-image-preview:large, max-video-preview:-1\" \/>\n<link rel=\"canonical\" href=\"https:\/\/laroupille.com\/editions\/product\/les-lundis-de-zachary-petit\/\" \/>\n<meta property=\"og:locale\" content=\"fr_FR\" \/>\n<meta property=\"og:type\" content=\"article\" \/>\n<meta property=\"og:title\" content=\"Les lundis de ... Zachary Petit - \u00c9ditions La Roupille, service d&#039;\u00e9dition\" \/>\n<meta property=\"og:description\" content=\"Collection Mioche Autrice : Caroline Larochelle  Zachary, un jeune gar\u00e7on plut\u00f4t d\u00e9gourdi, cumule les b\u00eatises depuis qu\u2019il est tout petit. Persuad\u00e9 d\u2019enrayer, une fois pour toutes, les lundis mal\u00e9fiques qui troublent sa famille, ce dr\u00f4le d\u2019explorateur se pr\u00e9pare pour une mission plus abstraite que p\u00e9rilleuse : d\u00e9couvrir l\u2019adresse secr\u00e8te du fameux paradis o\u00f9 se trouve sa Mamie ch\u00e9rie. Quelles entourloupettes Zachary Petit va-t-il encore inventer pour parvenir \u00e0 ses fins?\" \/>\n<meta property=\"og:url\" content=\"https:\/\/laroupille.com\/editions\/product\/les-lundis-de-zachary-petit\/\" \/>\n<meta property=\"og:site_name\" content=\"\u00c9ditions La Roupille, service d&#039;\u00e9dition\" \/>\n<meta property=\"article:publisher\" content=\"https:\/\/facebook.com\/laroupille\" \/>\n<meta property=\"article:modified_time\" content=\"2021-09-07T15:05:35+00:00\" \/>\n<meta property=\"og:image\" content=\"https:\/\/laroupille.com\/editions\/wp-content\/uploads\/2021\/01\/les-lundis-de-zachary-petit-couvert.png\" \/>\n\t<meta property=\"og:image:width\" content=\"800\" \/>\n\t<meta property=\"og:image:height\" content=\"890\" \/>\n\t<meta property=\"og:image:type\" content=\"image\/png\" \/>\n<meta name=\"twitter:card\" content=\"summary_large_image\" \/>\n<script type=\"application\/ld+json\" class=\"yoast-schema-graph\">{\"@context\":\"https:\\\/\\\/schema.org\",\"@graph\":[{\"@type\":\"WebPage\",\"@id\":\"https:\\\/\\\/laroupille.com\\\/editions\\\/product\\\/les-lundis-de-zachary-petit\\\/\",\"url\":\"https:\\\/\\\/laroupille.com\\\/editions\\\/product\\\/les-lundis-de-zachary-petit\\\/\",\"name\":\"Les lundis de ... Zachary Petit - \u00c9ditions La Roupille, service d&#039;\u00e9dition\",\"isPartOf\":{\"@id\":\"https:\\\/\\\/laroupille.com\\\/editions\\\/#website\"},\"primaryImageOfPage\":{\"@id\":\"https:\\\/\\\/laroupille.com\\\/editions\\\/product\\\/les-lundis-de-zachary-petit\\\/#primaryimage\"},\"image\":{\"@id\":\"https:\\\/\\\/laroupille.com\\\/editions\\\/product\\\/les-lundis-de-zachary-petit\\\/#primaryimage\"},\"thumbnailUrl\":\"https:\\\/\\\/laroupille.com\\\/editions\\\/wp-content\\\/uploads\\\/2021\\\/01\\\/les-lundis-de-zachary-petit-couvert.png\",\"datePublished\":\"2021-01-29T00:52:06+00:00\",\"dateModified\":\"2021-09-07T15:05:35+00:00\",\"breadcrumb\":{\"@id\":\"https:\\\/\\\/laroupille.com\\\/editions\\\/product\\\/les-lundis-de-zachary-petit\\\/#breadcrumb\"},\"inLanguage\":\"fr-FR\",\"potentialAction\":[{\"@type\":\"ReadAction\",\"target\":[\"https:\\\/\\\/laroupille.com\\\/editions\\\/product\\\/les-lundis-de-zachary-petit\\\/\"]}]},{\"@type\":\"ImageObject\",\"inLanguage\":\"fr-FR\",\"@id\":\"https:\\\/\\\/laroupille.com\\\/editions\\\/product\\\/les-lundis-de-zachary-petit\\\/#primaryimage\",\"url\":\"https:\\\/\\\/laroupille.com\\\/editions\\\/wp-content\\\/uploads\\\/2021\\\/01\\\/les-lundis-de-zachary-petit-couvert.png\",\"contentUrl\":\"https:\\\/\\\/laroupille.com\\\/editions\\\/wp-content\\\/uploads\\\/2021\\\/01\\\/les-lundis-de-zachary-petit-couvert.png\",\"width\":800,\"height\":890,\"caption\":\"Les lundis de Zachary petit de Caroline Larochelle\"},{\"@type\":\"BreadcrumbList\",\"@id\":\"https:\\\/\\\/laroupille.com\\\/editions\\\/product\\\/les-lundis-de-zachary-petit\\\/#breadcrumb\",\"itemListElement\":[{\"@type\":\"ListItem\",\"position\":1,\"name\":\"Accueil\",\"item\":\"https:\\\/\\\/laroupille.com\\\/editions\\\/\"},{\"@type\":\"ListItem\",\"position\":2,\"name\":\"Catalogue\",\"item\":\"https:\\\/\\\/laroupille.com\\\/editions\\\/catalogue\\\/\"},{\"@type\":\"ListItem\",\"position\":3,\"name\":\"Les lundis de &#8230; Zachary Petit\"}]},{\"@type\":\"WebSite\",\"@id\":\"https:\\\/\\\/laroupille.com\\\/editions\\\/#website\",\"url\":\"https:\\\/\\\/laroupille.com\\\/editions\\\/\",\"name\":\"\u00c9ditions La Roupille, service d&#039;\u00e9dition\",\"description\":\"La Roupille service d&#039;\u00e9ditions\",\"publisher\":{\"@id\":\"https:\\\/\\\/laroupille.com\\\/editions\\\/#organization\"},\"potentialAction\":[{\"@type\":\"SearchAction\",\"target\":{\"@type\":\"EntryPoint\",\"urlTemplate\":\"https:\\\/\\\/laroupille.com\\\/editions\\\/?s={search_term_string}\"},\"query-input\":{\"@type\":\"PropertyValueSpecification\",\"valueRequired\":true,\"valueName\":\"search_term_string\"}}],\"inLanguage\":\"fr-FR\"},{\"@type\":\"Organization\",\"@id\":\"https:\\\/\\\/laroupille.com\\\/editions\\\/#organization\",\"name\":\"La Roupille\",\"url\":\"https:\\\/\\\/laroupille.com\\\/editions\\\/\",\"logo\":{\"@type\":\"ImageObject\",\"inLanguage\":\"fr-FR\",\"@id\":\"https:\\\/\\\/laroupille.com\\\/editions\\\/#\\\/schema\\\/logo\\\/image\\\/\",\"url\":\"https:\\\/\\\/laroupille.com\\\/editions\\\/wp-content\\\/uploads\\\/2021\\\/02\\\/logo-laroupille-big.png\",\"contentUrl\":\"https:\\\/\\\/laroupille.com\\\/editions\\\/wp-content\\\/uploads\\\/2021\\\/02\\\/logo-laroupille-big.png\",\"width\":294,\"height\":130,\"caption\":\"La Roupille\"},\"image\":{\"@id\":\"https:\\\/\\\/laroupille.com\\\/editions\\\/#\\\/schema\\\/logo\\\/image\\\/\"},\"sameAs\":[\"https:\\\/\\\/facebook.com\\\/laroupille\",\"https:\\\/\\\/www.instagram.com\\\/editionslaroupille\\\/\"]}]}<\/script>\n<!-- \/ Yoast SEO plugin. -->","yoast_head_json":{"title":"Les lundis de ... Zachary Petit - \u00c9ditions La Roupille, service d&#039;\u00e9dition","robots":{"index":"index","follow":"follow","max-snippet":"max-snippet:-1","max-image-preview":"max-image-preview:large","max-video-preview":"max-video-preview:-1"},"canonical":"https:\/\/laroupille.com\/editions\/product\/les-lundis-de-zachary-petit\/","og_locale":"fr_FR","og_type":"article","og_title":"Les lundis de ... Zachary Petit - \u00c9ditions La Roupille, service d&#039;\u00e9dition","og_description":"Collection Mioche Autrice : Caroline Larochelle  Zachary, un jeune gar\u00e7on plut\u00f4t d\u00e9gourdi, cumule les b\u00eatises depuis qu\u2019il est tout petit. Persuad\u00e9 d\u2019enrayer, une fois pour toutes, les lundis mal\u00e9fiques qui troublent sa famille, ce dr\u00f4le d\u2019explorateur se pr\u00e9pare pour une mission plus abstraite que p\u00e9rilleuse : d\u00e9couvrir l\u2019adresse secr\u00e8te du fameux paradis o\u00f9 se trouve sa Mamie ch\u00e9rie. Quelles entourloupettes Zachary Petit va-t-il encore inventer pour parvenir \u00e0 ses fins?","og_url":"https:\/\/laroupille.com\/editions\/product\/les-lundis-de-zachary-petit\/","og_site_name":"\u00c9ditions La Roupille, service d&#039;\u00e9dition","article_publisher":"https:\/\/facebook.com\/laroupille","article_modified_time":"2021-09-07T15:05:35+00:00","og_image":[{"width":800,"height":890,"url":"https:\/\/laroupille.com\/editions\/wp-content\/uploads\/2021\/01\/les-lundis-de-zachary-petit-couvert.png","type":"image\/png"}],"twitter_card":"summary_large_image","schema":{"@context":"https:\/\/schema.org","@graph":[{"@type":"WebPage","@id":"https:\/\/laroupille.com\/editions\/product\/les-lundis-de-zachary-petit\/","url":"https:\/\/laroupille.com\/editions\/product\/les-lundis-de-zachary-petit\/","name":"Les lundis de ... Zachary Petit - \u00c9ditions La Roupille, service d&#039;\u00e9dition","isPartOf":{"@id":"https:\/\/laroupille.com\/editions\/#website"},"primaryImageOfPage":{"@id":"https:\/\/laroupille.com\/editions\/product\/les-lundis-de-zachary-petit\/#primaryimage"},"image":{"@id":"https:\/\/laroupille.com\/editions\/product\/les-lundis-de-zachary-petit\/#primaryimage"},"thumbnailUrl":"https:\/\/laroupille.com\/editions\/wp-content\/uploads\/2021\/01\/les-lundis-de-zachary-petit-couvert.png","datePublished":"2021-01-29T00:52:06+00:00","dateModified":"2021-09-07T15:05:35+00:00","breadcrumb":{"@id":"https:\/\/laroupille.com\/editions\/product\/les-lundis-de-zachary-petit\/#breadcrumb"},"inLanguage":"fr-FR","potentialAction":[{"@type":"ReadAction","target":["https:\/\/laroupille.com\/editions\/product\/les-lundis-de-zachary-petit\/"]}]},{"@type":"ImageObject","inLanguage":"fr-FR","@id":"https:\/\/laroupille.com\/editions\/product\/les-lundis-de-zachary-petit\/#primaryimage","url":"https:\/\/laroupille.com\/editions\/wp-content\/uploads\/2021\/01\/les-lundis-de-zachary-petit-couvert.png","contentUrl":"https:\/\/laroupille.com\/editions\/wp-content\/uploads\/2021\/01\/les-lundis-de-zachary-petit-couvert.png","width":800,"height":890,"caption":"Les lundis de Zachary petit de Caroline Larochelle"},{"@type":"BreadcrumbList","@id":"https:\/\/laroupille.com\/editions\/product\/les-lundis-de-zachary-petit\/#breadcrumb","itemListElement":[{"@type":"ListItem","position":1,"name":"Accueil","item":"https:\/\/laroupille.com\/editions\/"},{"@type":"ListItem","position":2,"name":"Catalogue","item":"https:\/\/laroupille.com\/editions\/catalogue\/"},{"@type":"ListItem","position":3,"name":"Les lundis de &#8230; Zachary Petit"}]},{"@type":"WebSite","@id":"https:\/\/laroupille.com\/editions\/#website","url":"https:\/\/laroupille.com\/editions\/","name":"\u00c9ditions La Roupille, service d&#039;\u00e9dition","description":"La Roupille service d&#039;\u00e9ditions","publisher":{"@id":"https:\/\/laroupille.com\/editions\/#organization"},"potentialAction":[{"@type":"SearchAction","target":{"@type":"EntryPoint","urlTemplate":"https:\/\/laroupille.com\/editions\/?s={search_term_string}"},"query-input":{"@type":"PropertyValueSpecification","valueRequired":true,"valueName":"search_term_string"}}],"inLanguage":"fr-FR"},{"@type":"Organization","@id":"https:\/\/laroupille.com\/editions\/#organization","name":"La Roupille","url":"https:\/\/laroupille.com\/editions\/","logo":{"@type":"ImageObject","inLanguage":"fr-FR","@id":"https:\/\/laroupille.com\/editions\/#\/schema\/logo\/image\/","url":"https:\/\/laroupille.com\/editions\/wp-content\/uploads\/2021\/02\/logo-laroupille-big.png","contentUrl":"https:\/\/laroupille.com\/editions\/wp-content\/uploads\/2021\/02\/logo-laroupille-big.png","width":294,"height":130,"caption":"La Roupille"},"image":{"@id":"https:\/\/laroupille.com\/editions\/#\/schema\/logo\/image\/"},"sameAs":["https:\/\/facebook.com\/laroupille","https:\/\/www.instagram.com\/editionslaroupille\/"]}]}},"jetpack_sharing_enabled":true,"_links":{"self":[{"href":"https:\/\/laroupille.com\/editions\/wp-json\/wp\/v2\/product\/1348","targetHints":{"allow":["GET"]}}],"collection":[{"href":"https:\/\/laroupille.com\/editions\/wp-json\/wp\/v2\/product"}],"about":[{"href":"https:\/\/laroupille.com\/editions\/wp-json\/wp\/v2\/types\/product"}],"replies":[{"embeddable":true,"href":"https:\/\/laroupille.com\/editions\/wp-json\/wp\/v2\/comments?post=1348"}],"wp:featuredmedia":[{"embeddable":true,"href":"https:\/\/laroupille.com\/editions\/wp-json\/wp\/v2\/media\/1477"}],"wp:attachment":[{"href":"https:\/\/laroupille.com\/editions\/wp-json\/wp\/v2\/media?parent=1348"}],"wp:term":[{"taxonomy":"product_brand","embeddable":true,"href":"https:\/\/laroupille.com\/editions\/wp-json\/wp\/v2\/product_brand?post=1348"},{"taxonomy":"product_cat","embeddable":true,"href":"https:\/\/laroupille.com\/editions\/wp-json\/wp\/v2\/product_cat?post=1348"},{"taxonomy":"product_tag","embeddable":true,"href":"https:\/\/laroupille.com\/editions\/wp-json\/wp\/v2\/product_tag?post=1348"}],"curies":[{"name":"wp","href":"https:\/\/api.w.org\/{rel}","templated":true}]}}