{"id":1358,"date":"2021-01-28T20:25:53","date_gmt":"2021-01-29T01:25:53","guid":{"rendered":"https:\/\/laroupille.com\/editions\/?post_type=product&#038;p=1358"},"modified":"2021-02-17T11:08:10","modified_gmt":"2021-02-17T16:08:10","slug":"la-demeure-de-lombre-1-et-2","status":"publish","type":"product","link":"https:\/\/laroupille.com\/editions\/product\/la-demeure-de-lombre-1-et-2\/","title":{"rendered":"La demeure de l\u2019ombre 1 et 2"},"content":{"rendered":"<p>Nouvelle maison, nouvelle \u00e9cole, nouveaux amis, Max, 12 ans, fils unique de parents policiers, s\u2019ennuie souvent de sa vie d\u2019avant.<\/p>\n","protected":false},"excerpt":{"rendered":"<p>Collection Mioche<br \/>\nAutrice : <a href=\"https:\/\/laroupille.com\/editions\/auteurs\/#florence-c;loutier\">Florence Cloutier<\/a><\/p>\n<p>Nouvelle maison, nouvelle \u00e9cole, nouveaux amis, Max, 12 ans, fils unique de parents policiers, s\u2019ennuie souvent de sa vie d\u2019avant.<\/p>\n<p>1 Curieux de nature et pourvu d\u2019un imaginaire riche et singulier, Max plongera t\u00eate premi\u00e8re dans un pi\u00e8ge sans fin. De l\u00e0, suivra une s\u00e9rie d\u2019incidents tous aussi invraisemblables et intrigants les uns que les autres. Max mettra-t-il sa vie en p\u00e9ril en prenant trop de risques pour r\u00e9soudre cette fameuse \u00e9nigme de la demeure de l\u2019OMBRE ?<\/p>\n<p>2 Ce jeune chercheur inusit\u00e9 se retrouvera une fois de plus devant une surprenante intrigue polici\u00e8re. Alors convaincu de pouvoir retrouver seul, ses parents disparus sans laisser aucune trace, Max imaginera des d\u00e9marches tous aussi ing\u00e9nieuses et \u00e9tonnantes les unes que les autres. R\u00e9ussira-t-il \u00e0 r\u00e9soudre l\u2019\u00e9nigme des disparus ou sera-t-il victime d\u2019une arnaque illusoire?<\/p>\n","protected":false},"featured_media":1937,"comment_status":"open","ping_status":"closed","template":"","meta":[],"product_brand":[],"product_cat":[60,63,49],"product_tag":[93,92],"class_list":{"0":"post-1358","1":"product","2":"type-product","3":"status-publish","4":"has-post-thumbnail","6":"product_cat-jeunesse","7":"product_cat-jeunesse-9-12-ans","8":"product_cat-tous-les-livres","9":"product_tag-florence-cloutier","10":"product_tag-la-demeure-de-lombre-1-et-2","11":"product_shipping_class-forfait","13":"first","14":"instock","15":"taxable","16":"shipping-taxable","17":"purchasable","18":"product-type-simple"},"yoast_head":"<!-- This site is optimized with the Yoast SEO plugin v27.4 - https:\/\/yoast.com\/product\/yoast-seo-wordpress\/ -->\n<title>La demeure de l\u2019ombre 1 et 2 - \u00c9ditions La Roupille, service d&#039;\u00e9dition<\/title>\n<meta name=\"robots\" content=\"index, follow, max-snippet:-1, max-image-preview:large, max-video-preview:-1\" \/>\n<link rel=\"canonical\" href=\"https:\/\/laroupille.com\/editions\/product\/la-demeure-de-lombre-1-et-2\/\" \/>\n<meta property=\"og:locale\" content=\"fr_FR\" \/>\n<meta property=\"og:type\" content=\"article\" \/>\n<meta property=\"og:title\" content=\"La demeure de l\u2019ombre 1 et 2 - \u00c9ditions La Roupille, service d&#039;\u00e9dition\" \/>\n<meta property=\"og:description\" content=\"Collection Mioche Autrice : Florence Cloutier  Nouvelle maison, nouvelle \u00e9cole, nouveaux amis, Max, 12 ans, fils unique de parents policiers, s\u2019ennuie souvent de sa vie d\u2019avant.  1 Curieux de nature et pourvu d\u2019un imaginaire riche et singulier, Max plongera t\u00eate premi\u00e8re dans un pi\u00e8ge sans fin. De l\u00e0, suivra une s\u00e9rie d\u2019incidents tous aussi invraisemblables et intrigants les uns que les autres. Max mettra-t-il sa vie en p\u00e9ril en prenant trop de risques pour r\u00e9soudre cette fameuse \u00e9nigme de la demeure de l\u2019OMBRE ?  2 Ce jeune chercheur inusit\u00e9 se retrouvera une fois de plus devant une surprenante intrigue polici\u00e8re. Alors convaincu de pouvoir retrouver seul, ses parents disparus sans laisser aucune trace, Max imaginera des d\u00e9marches tous aussi ing\u00e9nieuses et \u00e9tonnantes les unes que les autres. R\u00e9ussira-t-il \u00e0 r\u00e9soudre l\u2019\u00e9nigme des disparus ou sera-t-il victime d\u2019une arnaque illusoire?\" \/>\n<meta property=\"og:url\" content=\"https:\/\/laroupille.com\/editions\/product\/la-demeure-de-lombre-1-et-2\/\" \/>\n<meta property=\"og:site_name\" content=\"\u00c9ditions La Roupille, service d&#039;\u00e9dition\" \/>\n<meta property=\"article:publisher\" content=\"https:\/\/facebook.com\/laroupille\" \/>\n<meta property=\"article:modified_time\" content=\"2021-02-17T16:08:10+00:00\" \/>\n<meta property=\"og:image\" content=\"https:\/\/laroupille.com\/editions\/wp-content\/uploads\/2021\/01\/DEMEUREOMBRECOUVERT.jpg\" \/>\n\t<meta property=\"og:image:width\" content=\"800\" \/>\n\t<meta property=\"og:image:height\" content=\"890\" \/>\n\t<meta property=\"og:image:type\" content=\"image\/jpeg\" \/>\n<meta name=\"twitter:card\" content=\"summary_large_image\" \/>\n<script type=\"application\/ld+json\" class=\"yoast-schema-graph\">{\"@context\":\"https:\\\/\\\/schema.org\",\"@graph\":[{\"@type\":\"WebPage\",\"@id\":\"https:\\\/\\\/laroupille.com\\\/editions\\\/product\\\/la-demeure-de-lombre-1-et-2\\\/\",\"url\":\"https:\\\/\\\/laroupille.com\\\/editions\\\/product\\\/la-demeure-de-lombre-1-et-2\\\/\",\"name\":\"La demeure de l\u2019ombre 1 et 2 - \u00c9ditions La Roupille, service d&#039;\u00e9dition\",\"isPartOf\":{\"@id\":\"https:\\\/\\\/laroupille.com\\\/editions\\\/#website\"},\"primaryImageOfPage\":{\"@id\":\"https:\\\/\\\/laroupille.com\\\/editions\\\/product\\\/la-demeure-de-lombre-1-et-2\\\/#primaryimage\"},\"image\":{\"@id\":\"https:\\\/\\\/laroupille.com\\\/editions\\\/product\\\/la-demeure-de-lombre-1-et-2\\\/#primaryimage\"},\"thumbnailUrl\":\"https:\\\/\\\/laroupille.com\\\/editions\\\/wp-content\\\/uploads\\\/2021\\\/01\\\/DEMEUREOMBRECOUVERT.jpg\",\"datePublished\":\"2021-01-29T01:25:53+00:00\",\"dateModified\":\"2021-02-17T16:08:10+00:00\",\"breadcrumb\":{\"@id\":\"https:\\\/\\\/laroupille.com\\\/editions\\\/product\\\/la-demeure-de-lombre-1-et-2\\\/#breadcrumb\"},\"inLanguage\":\"fr-FR\",\"potentialAction\":[{\"@type\":\"ReadAction\",\"target\":[\"https:\\\/\\\/laroupille.com\\\/editions\\\/product\\\/la-demeure-de-lombre-1-et-2\\\/\"]}]},{\"@type\":\"ImageObject\",\"inLanguage\":\"fr-FR\",\"@id\":\"https:\\\/\\\/laroupille.com\\\/editions\\\/product\\\/la-demeure-de-lombre-1-et-2\\\/#primaryimage\",\"url\":\"https:\\\/\\\/laroupille.com\\\/editions\\\/wp-content\\\/uploads\\\/2021\\\/01\\\/DEMEUREOMBRECOUVERT.jpg\",\"contentUrl\":\"https:\\\/\\\/laroupille.com\\\/editions\\\/wp-content\\\/uploads\\\/2021\\\/01\\\/DEMEUREOMBRECOUVERT.jpg\",\"width\":800,\"height\":890},{\"@type\":\"BreadcrumbList\",\"@id\":\"https:\\\/\\\/laroupille.com\\\/editions\\\/product\\\/la-demeure-de-lombre-1-et-2\\\/#breadcrumb\",\"itemListElement\":[{\"@type\":\"ListItem\",\"position\":1,\"name\":\"Accueil\",\"item\":\"https:\\\/\\\/laroupille.com\\\/editions\\\/\"},{\"@type\":\"ListItem\",\"position\":2,\"name\":\"Catalogue\",\"item\":\"https:\\\/\\\/laroupille.com\\\/editions\\\/catalogue\\\/\"},{\"@type\":\"ListItem\",\"position\":3,\"name\":\"La demeure de l\u2019ombre 1 et 2\"}]},{\"@type\":\"WebSite\",\"@id\":\"https:\\\/\\\/laroupille.com\\\/editions\\\/#website\",\"url\":\"https:\\\/\\\/laroupille.com\\\/editions\\\/\",\"name\":\"\u00c9ditions La Roupille, service d&#039;\u00e9dition\",\"description\":\"La Roupille service d&#039;\u00e9ditions\",\"publisher\":{\"@id\":\"https:\\\/\\\/laroupille.com\\\/editions\\\/#organization\"},\"potentialAction\":[{\"@type\":\"SearchAction\",\"target\":{\"@type\":\"EntryPoint\",\"urlTemplate\":\"https:\\\/\\\/laroupille.com\\\/editions\\\/?s={search_term_string}\"},\"query-input\":{\"@type\":\"PropertyValueSpecification\",\"valueRequired\":true,\"valueName\":\"search_term_string\"}}],\"inLanguage\":\"fr-FR\"},{\"@type\":\"Organization\",\"@id\":\"https:\\\/\\\/laroupille.com\\\/editions\\\/#organization\",\"name\":\"La Roupille\",\"url\":\"https:\\\/\\\/laroupille.com\\\/editions\\\/\",\"logo\":{\"@type\":\"ImageObject\",\"inLanguage\":\"fr-FR\",\"@id\":\"https:\\\/\\\/laroupille.com\\\/editions\\\/#\\\/schema\\\/logo\\\/image\\\/\",\"url\":\"https:\\\/\\\/laroupille.com\\\/editions\\\/wp-content\\\/uploads\\\/2021\\\/02\\\/logo-laroupille-big.png\",\"contentUrl\":\"https:\\\/\\\/laroupille.com\\\/editions\\\/wp-content\\\/uploads\\\/2021\\\/02\\\/logo-laroupille-big.png\",\"width\":294,\"height\":130,\"caption\":\"La Roupille\"},\"image\":{\"@id\":\"https:\\\/\\\/laroupille.com\\\/editions\\\/#\\\/schema\\\/logo\\\/image\\\/\"},\"sameAs\":[\"https:\\\/\\\/facebook.com\\\/laroupille\",\"https:\\\/\\\/www.instagram.com\\\/editionslaroupille\\\/\"]}]}<\/script>\n<!-- \/ Yoast SEO plugin. -->","yoast_head_json":{"title":"La demeure de l\u2019ombre 1 et 2 - \u00c9ditions La Roupille, service d&#039;\u00e9dition","robots":{"index":"index","follow":"follow","max-snippet":"max-snippet:-1","max-image-preview":"max-image-preview:large","max-video-preview":"max-video-preview:-1"},"canonical":"https:\/\/laroupille.com\/editions\/product\/la-demeure-de-lombre-1-et-2\/","og_locale":"fr_FR","og_type":"article","og_title":"La demeure de l\u2019ombre 1 et 2 - \u00c9ditions La Roupille, service d&#039;\u00e9dition","og_description":"Collection Mioche Autrice : Florence Cloutier  Nouvelle maison, nouvelle \u00e9cole, nouveaux amis, Max, 12 ans, fils unique de parents policiers, s\u2019ennuie souvent de sa vie d\u2019avant.  1 Curieux de nature et pourvu d\u2019un imaginaire riche et singulier, Max plongera t\u00eate premi\u00e8re dans un pi\u00e8ge sans fin. De l\u00e0, suivra une s\u00e9rie d\u2019incidents tous aussi invraisemblables et intrigants les uns que les autres. Max mettra-t-il sa vie en p\u00e9ril en prenant trop de risques pour r\u00e9soudre cette fameuse \u00e9nigme de la demeure de l\u2019OMBRE ?  2 Ce jeune chercheur inusit\u00e9 se retrouvera une fois de plus devant une surprenante intrigue polici\u00e8re. Alors convaincu de pouvoir retrouver seul, ses parents disparus sans laisser aucune trace, Max imaginera des d\u00e9marches tous aussi ing\u00e9nieuses et \u00e9tonnantes les unes que les autres. R\u00e9ussira-t-il \u00e0 r\u00e9soudre l\u2019\u00e9nigme des disparus ou sera-t-il victime d\u2019une arnaque illusoire?","og_url":"https:\/\/laroupille.com\/editions\/product\/la-demeure-de-lombre-1-et-2\/","og_site_name":"\u00c9ditions La Roupille, service d&#039;\u00e9dition","article_publisher":"https:\/\/facebook.com\/laroupille","article_modified_time":"2021-02-17T16:08:10+00:00","og_image":[{"width":800,"height":890,"url":"https:\/\/laroupille.com\/editions\/wp-content\/uploads\/2021\/01\/DEMEUREOMBRECOUVERT.jpg","type":"image\/jpeg"}],"twitter_card":"summary_large_image","schema":{"@context":"https:\/\/schema.org","@graph":[{"@type":"WebPage","@id":"https:\/\/laroupille.com\/editions\/product\/la-demeure-de-lombre-1-et-2\/","url":"https:\/\/laroupille.com\/editions\/product\/la-demeure-de-lombre-1-et-2\/","name":"La demeure de l\u2019ombre 1 et 2 - \u00c9ditions La Roupille, service d&#039;\u00e9dition","isPartOf":{"@id":"https:\/\/laroupille.com\/editions\/#website"},"primaryImageOfPage":{"@id":"https:\/\/laroupille.com\/editions\/product\/la-demeure-de-lombre-1-et-2\/#primaryimage"},"image":{"@id":"https:\/\/laroupille.com\/editions\/product\/la-demeure-de-lombre-1-et-2\/#primaryimage"},"thumbnailUrl":"https:\/\/laroupille.com\/editions\/wp-content\/uploads\/2021\/01\/DEMEUREOMBRECOUVERT.jpg","datePublished":"2021-01-29T01:25:53+00:00","dateModified":"2021-02-17T16:08:10+00:00","breadcrumb":{"@id":"https:\/\/laroupille.com\/editions\/product\/la-demeure-de-lombre-1-et-2\/#breadcrumb"},"inLanguage":"fr-FR","potentialAction":[{"@type":"ReadAction","target":["https:\/\/laroupille.com\/editions\/product\/la-demeure-de-lombre-1-et-2\/"]}]},{"@type":"ImageObject","inLanguage":"fr-FR","@id":"https:\/\/laroupille.com\/editions\/product\/la-demeure-de-lombre-1-et-2\/#primaryimage","url":"https:\/\/laroupille.com\/editions\/wp-content\/uploads\/2021\/01\/DEMEUREOMBRECOUVERT.jpg","contentUrl":"https:\/\/laroupille.com\/editions\/wp-content\/uploads\/2021\/01\/DEMEUREOMBRECOUVERT.jpg","width":800,"height":890},{"@type":"BreadcrumbList","@id":"https:\/\/laroupille.com\/editions\/product\/la-demeure-de-lombre-1-et-2\/#breadcrumb","itemListElement":[{"@type":"ListItem","position":1,"name":"Accueil","item":"https:\/\/laroupille.com\/editions\/"},{"@type":"ListItem","position":2,"name":"Catalogue","item":"https:\/\/laroupille.com\/editions\/catalogue\/"},{"@type":"ListItem","position":3,"name":"La demeure de l\u2019ombre 1 et 2"}]},{"@type":"WebSite","@id":"https:\/\/laroupille.com\/editions\/#website","url":"https:\/\/laroupille.com\/editions\/","name":"\u00c9ditions La Roupille, service d&#039;\u00e9dition","description":"La Roupille service d&#039;\u00e9ditions","publisher":{"@id":"https:\/\/laroupille.com\/editions\/#organization"},"potentialAction":[{"@type":"SearchAction","target":{"@type":"EntryPoint","urlTemplate":"https:\/\/laroupille.com\/editions\/?s={search_term_string}"},"query-input":{"@type":"PropertyValueSpecification","valueRequired":true,"valueName":"search_term_string"}}],"inLanguage":"fr-FR"},{"@type":"Organization","@id":"https:\/\/laroupille.com\/editions\/#organization","name":"La Roupille","url":"https:\/\/laroupille.com\/editions\/","logo":{"@type":"ImageObject","inLanguage":"fr-FR","@id":"https:\/\/laroupille.com\/editions\/#\/schema\/logo\/image\/","url":"https:\/\/laroupille.com\/editions\/wp-content\/uploads\/2021\/02\/logo-laroupille-big.png","contentUrl":"https:\/\/laroupille.com\/editions\/wp-content\/uploads\/2021\/02\/logo-laroupille-big.png","width":294,"height":130,"caption":"La Roupille"},"image":{"@id":"https:\/\/laroupille.com\/editions\/#\/schema\/logo\/image\/"},"sameAs":["https:\/\/facebook.com\/laroupille","https:\/\/www.instagram.com\/editionslaroupille\/"]}]}},"jetpack_sharing_enabled":true,"_links":{"self":[{"href":"https:\/\/laroupille.com\/editions\/wp-json\/wp\/v2\/product\/1358","targetHints":{"allow":["GET"]}}],"collection":[{"href":"https:\/\/laroupille.com\/editions\/wp-json\/wp\/v2\/product"}],"about":[{"href":"https:\/\/laroupille.com\/editions\/wp-json\/wp\/v2\/types\/product"}],"replies":[{"embeddable":true,"href":"https:\/\/laroupille.com\/editions\/wp-json\/wp\/v2\/comments?post=1358"}],"wp:featuredmedia":[{"embeddable":true,"href":"https:\/\/laroupille.com\/editions\/wp-json\/wp\/v2\/media\/1937"}],"wp:attachment":[{"href":"https:\/\/laroupille.com\/editions\/wp-json\/wp\/v2\/media?parent=1358"}],"wp:term":[{"taxonomy":"product_brand","embeddable":true,"href":"https:\/\/laroupille.com\/editions\/wp-json\/wp\/v2\/product_brand?post=1358"},{"taxonomy":"product_cat","embeddable":true,"href":"https:\/\/laroupille.com\/editions\/wp-json\/wp\/v2\/product_cat?post=1358"},{"taxonomy":"product_tag","embeddable":true,"href":"https:\/\/laroupille.com\/editions\/wp-json\/wp\/v2\/product_tag?post=1358"}],"curies":[{"name":"wp","href":"https:\/\/api.w.org\/{rel}","templated":true}]}}