{"id":1360,"date":"2021-01-28T20:34:53","date_gmt":"2021-01-29T01:34:53","guid":{"rendered":"https:\/\/laroupille.com\/editions\/?post_type=product&#038;p=1360"},"modified":"2021-02-11T18:44:27","modified_gmt":"2021-02-11T23:44:27","slug":"mystere-autour-de-ma-naissance","status":"publish","type":"product","link":"https:\/\/laroupille.com\/editions\/product\/mystere-autour-de-ma-naissance\/","title":{"rendered":"Myst\u00e8re&#8230; autour de ma naissance"},"content":{"rendered":"<p>Lilia \u00ab la fouine \u00bb, entour\u00e9e d\u2019amis tannants, vit toutes sortes de moments FORTS EN \u00c9MOTIONS. Va-t-elle, \u00e0 travers tous ces rebondissements, \u00e9lucider enfin les myst\u00e8res de sa naissance ?<\/p>\n","protected":false},"excerpt":{"rendered":"<p>Collection Myst\u00e8res &amp; Tabous<br \/>\nAutrice : <a href=\"https:\/\/laroupille.com\/editions\/auteurs\/#caroline-larochelle\">Caroline Larochelle<\/a><\/p>\n<p>LILIA, avec la fougue de ses 10 ans, subit tout un choc lorsqu\u2019elle r\u00e9alise qu\u2019\u00eatre adopt\u00e9e veut aussi dire avoir une m\u00e8re de naissance inconnue bien vivante quelque part. Dans un UNIVERS ESTIVAL RIGOLO, captivant, et parfois fort contrariant, Lilia \u00ab la fouine \u00bb, entour\u00e9e d\u2019amis tannants, vit toutes sortes de moments FORTS EN \u00c9MOTIONS. Va-t-elle, \u00e0 travers tous ces rebondissements, \u00e9lucider enfin les myst\u00e8res de sa naissance ?<\/p>\n","protected":false},"featured_media":1486,"comment_status":"open","ping_status":"closed","template":"","meta":[],"product_brand":[],"product_cat":[60,63,49],"product_tag":[72,94],"class_list":{"0":"post-1360","1":"product","2":"type-product","3":"status-publish","4":"has-post-thumbnail","6":"product_cat-jeunesse","7":"product_cat-jeunesse-9-12-ans","8":"product_cat-tous-les-livres","9":"product_tag-caroline-larochelle","10":"product_tag-mystere-autour-de-ma-naissance","11":"product_shipping_class-forfait","13":"first","14":"instock","15":"taxable","16":"shipping-taxable","17":"purchasable","18":"product-type-simple"},"yoast_head":"<!-- This site is optimized with the Yoast SEO plugin v27.4 - https:\/\/yoast.com\/product\/yoast-seo-wordpress\/ -->\n<title>Myst\u00e8re... autour de ma naissance - \u00c9ditions La Roupille, service d&#039;\u00e9dition<\/title>\n<meta name=\"robots\" content=\"index, follow, max-snippet:-1, max-image-preview:large, max-video-preview:-1\" \/>\n<link rel=\"canonical\" href=\"https:\/\/laroupille.com\/editions\/product\/mystere-autour-de-ma-naissance\/\" \/>\n<meta property=\"og:locale\" content=\"fr_FR\" \/>\n<meta property=\"og:type\" content=\"article\" \/>\n<meta property=\"og:title\" content=\"Myst\u00e8re... autour de ma naissance - \u00c9ditions La Roupille, service d&#039;\u00e9dition\" \/>\n<meta property=\"og:description\" content=\"Collection Myst\u00e8res &amp; Tabous Autrice : Caroline Larochelle  LILIA, avec la fougue de ses 10 ans, subit tout un choc lorsqu\u2019elle r\u00e9alise qu\u2019\u00eatre adopt\u00e9e veut aussi dire avoir une m\u00e8re de naissance inconnue bien vivante quelque part. Dans un UNIVERS ESTIVAL RIGOLO, captivant, et parfois fort contrariant, Lilia \u00ab la fouine \u00bb, entour\u00e9e d\u2019amis tannants, vit toutes sortes de moments FORTS EN \u00c9MOTIONS. Va-t-elle, \u00e0 travers tous ces rebondissements, \u00e9lucider enfin les myst\u00e8res de sa naissance ?\" \/>\n<meta property=\"og:url\" content=\"https:\/\/laroupille.com\/editions\/product\/mystere-autour-de-ma-naissance\/\" \/>\n<meta property=\"og:site_name\" content=\"\u00c9ditions La Roupille, service d&#039;\u00e9dition\" \/>\n<meta property=\"article:publisher\" content=\"https:\/\/facebook.com\/laroupille\" \/>\n<meta property=\"article:modified_time\" content=\"2021-02-11T23:44:27+00:00\" \/>\n<meta property=\"og:image\" content=\"https:\/\/laroupille.com\/editions\/wp-content\/uploads\/2021\/01\/mystere-autour-demanaissance-couvert.png\" \/>\n\t<meta property=\"og:image:width\" content=\"800\" \/>\n\t<meta property=\"og:image:height\" content=\"890\" \/>\n\t<meta property=\"og:image:type\" content=\"image\/png\" \/>\n<meta name=\"twitter:card\" content=\"summary_large_image\" \/>\n<script type=\"application\/ld+json\" class=\"yoast-schema-graph\">{\"@context\":\"https:\\\/\\\/schema.org\",\"@graph\":[{\"@type\":\"WebPage\",\"@id\":\"https:\\\/\\\/laroupille.com\\\/editions\\\/product\\\/mystere-autour-de-ma-naissance\\\/\",\"url\":\"https:\\\/\\\/laroupille.com\\\/editions\\\/product\\\/mystere-autour-de-ma-naissance\\\/\",\"name\":\"Myst\u00e8re... autour de ma naissance - \u00c9ditions La Roupille, service d&#039;\u00e9dition\",\"isPartOf\":{\"@id\":\"https:\\\/\\\/laroupille.com\\\/editions\\\/#website\"},\"primaryImageOfPage\":{\"@id\":\"https:\\\/\\\/laroupille.com\\\/editions\\\/product\\\/mystere-autour-de-ma-naissance\\\/#primaryimage\"},\"image\":{\"@id\":\"https:\\\/\\\/laroupille.com\\\/editions\\\/product\\\/mystere-autour-de-ma-naissance\\\/#primaryimage\"},\"thumbnailUrl\":\"https:\\\/\\\/laroupille.com\\\/editions\\\/wp-content\\\/uploads\\\/2021\\\/01\\\/mystere-autour-demanaissance-couvert.png\",\"datePublished\":\"2021-01-29T01:34:53+00:00\",\"dateModified\":\"2021-02-11T23:44:27+00:00\",\"breadcrumb\":{\"@id\":\"https:\\\/\\\/laroupille.com\\\/editions\\\/product\\\/mystere-autour-de-ma-naissance\\\/#breadcrumb\"},\"inLanguage\":\"fr-FR\",\"potentialAction\":[{\"@type\":\"ReadAction\",\"target\":[\"https:\\\/\\\/laroupille.com\\\/editions\\\/product\\\/mystere-autour-de-ma-naissance\\\/\"]}]},{\"@type\":\"ImageObject\",\"inLanguage\":\"fr-FR\",\"@id\":\"https:\\\/\\\/laroupille.com\\\/editions\\\/product\\\/mystere-autour-de-ma-naissance\\\/#primaryimage\",\"url\":\"https:\\\/\\\/laroupille.com\\\/editions\\\/wp-content\\\/uploads\\\/2021\\\/01\\\/mystere-autour-demanaissance-couvert.png\",\"contentUrl\":\"https:\\\/\\\/laroupille.com\\\/editions\\\/wp-content\\\/uploads\\\/2021\\\/01\\\/mystere-autour-demanaissance-couvert.png\",\"width\":800,\"height\":890,\"caption\":\"Myst\u00e8re... autour de ma naissance de Caroline Larochelle\"},{\"@type\":\"BreadcrumbList\",\"@id\":\"https:\\\/\\\/laroupille.com\\\/editions\\\/product\\\/mystere-autour-de-ma-naissance\\\/#breadcrumb\",\"itemListElement\":[{\"@type\":\"ListItem\",\"position\":1,\"name\":\"Accueil\",\"item\":\"https:\\\/\\\/laroupille.com\\\/editions\\\/\"},{\"@type\":\"ListItem\",\"position\":2,\"name\":\"Catalogue\",\"item\":\"https:\\\/\\\/laroupille.com\\\/editions\\\/catalogue\\\/\"},{\"@type\":\"ListItem\",\"position\":3,\"name\":\"Myst\u00e8re&#8230; autour de ma naissance\"}]},{\"@type\":\"WebSite\",\"@id\":\"https:\\\/\\\/laroupille.com\\\/editions\\\/#website\",\"url\":\"https:\\\/\\\/laroupille.com\\\/editions\\\/\",\"name\":\"\u00c9ditions La Roupille, service d&#039;\u00e9dition\",\"description\":\"La Roupille service d&#039;\u00e9ditions\",\"publisher\":{\"@id\":\"https:\\\/\\\/laroupille.com\\\/editions\\\/#organization\"},\"potentialAction\":[{\"@type\":\"SearchAction\",\"target\":{\"@type\":\"EntryPoint\",\"urlTemplate\":\"https:\\\/\\\/laroupille.com\\\/editions\\\/?s={search_term_string}\"},\"query-input\":{\"@type\":\"PropertyValueSpecification\",\"valueRequired\":true,\"valueName\":\"search_term_string\"}}],\"inLanguage\":\"fr-FR\"},{\"@type\":\"Organization\",\"@id\":\"https:\\\/\\\/laroupille.com\\\/editions\\\/#organization\",\"name\":\"La Roupille\",\"url\":\"https:\\\/\\\/laroupille.com\\\/editions\\\/\",\"logo\":{\"@type\":\"ImageObject\",\"inLanguage\":\"fr-FR\",\"@id\":\"https:\\\/\\\/laroupille.com\\\/editions\\\/#\\\/schema\\\/logo\\\/image\\\/\",\"url\":\"https:\\\/\\\/laroupille.com\\\/editions\\\/wp-content\\\/uploads\\\/2021\\\/02\\\/logo-laroupille-big.png\",\"contentUrl\":\"https:\\\/\\\/laroupille.com\\\/editions\\\/wp-content\\\/uploads\\\/2021\\\/02\\\/logo-laroupille-big.png\",\"width\":294,\"height\":130,\"caption\":\"La Roupille\"},\"image\":{\"@id\":\"https:\\\/\\\/laroupille.com\\\/editions\\\/#\\\/schema\\\/logo\\\/image\\\/\"},\"sameAs\":[\"https:\\\/\\\/facebook.com\\\/laroupille\",\"https:\\\/\\\/www.instagram.com\\\/editionslaroupille\\\/\"]}]}<\/script>\n<!-- \/ Yoast SEO plugin. -->","yoast_head_json":{"title":"Myst\u00e8re... autour de ma naissance - \u00c9ditions La Roupille, service d&#039;\u00e9dition","robots":{"index":"index","follow":"follow","max-snippet":"max-snippet:-1","max-image-preview":"max-image-preview:large","max-video-preview":"max-video-preview:-1"},"canonical":"https:\/\/laroupille.com\/editions\/product\/mystere-autour-de-ma-naissance\/","og_locale":"fr_FR","og_type":"article","og_title":"Myst\u00e8re... autour de ma naissance - \u00c9ditions La Roupille, service d&#039;\u00e9dition","og_description":"Collection Myst\u00e8res &amp; Tabous Autrice : Caroline Larochelle  LILIA, avec la fougue de ses 10 ans, subit tout un choc lorsqu\u2019elle r\u00e9alise qu\u2019\u00eatre adopt\u00e9e veut aussi dire avoir une m\u00e8re de naissance inconnue bien vivante quelque part. Dans un UNIVERS ESTIVAL RIGOLO, captivant, et parfois fort contrariant, Lilia \u00ab la fouine \u00bb, entour\u00e9e d\u2019amis tannants, vit toutes sortes de moments FORTS EN \u00c9MOTIONS. Va-t-elle, \u00e0 travers tous ces rebondissements, \u00e9lucider enfin les myst\u00e8res de sa naissance ?","og_url":"https:\/\/laroupille.com\/editions\/product\/mystere-autour-de-ma-naissance\/","og_site_name":"\u00c9ditions La Roupille, service d&#039;\u00e9dition","article_publisher":"https:\/\/facebook.com\/laroupille","article_modified_time":"2021-02-11T23:44:27+00:00","og_image":[{"width":800,"height":890,"url":"https:\/\/laroupille.com\/editions\/wp-content\/uploads\/2021\/01\/mystere-autour-demanaissance-couvert.png","type":"image\/png"}],"twitter_card":"summary_large_image","schema":{"@context":"https:\/\/schema.org","@graph":[{"@type":"WebPage","@id":"https:\/\/laroupille.com\/editions\/product\/mystere-autour-de-ma-naissance\/","url":"https:\/\/laroupille.com\/editions\/product\/mystere-autour-de-ma-naissance\/","name":"Myst\u00e8re... autour de ma naissance - \u00c9ditions La Roupille, service d&#039;\u00e9dition","isPartOf":{"@id":"https:\/\/laroupille.com\/editions\/#website"},"primaryImageOfPage":{"@id":"https:\/\/laroupille.com\/editions\/product\/mystere-autour-de-ma-naissance\/#primaryimage"},"image":{"@id":"https:\/\/laroupille.com\/editions\/product\/mystere-autour-de-ma-naissance\/#primaryimage"},"thumbnailUrl":"https:\/\/laroupille.com\/editions\/wp-content\/uploads\/2021\/01\/mystere-autour-demanaissance-couvert.png","datePublished":"2021-01-29T01:34:53+00:00","dateModified":"2021-02-11T23:44:27+00:00","breadcrumb":{"@id":"https:\/\/laroupille.com\/editions\/product\/mystere-autour-de-ma-naissance\/#breadcrumb"},"inLanguage":"fr-FR","potentialAction":[{"@type":"ReadAction","target":["https:\/\/laroupille.com\/editions\/product\/mystere-autour-de-ma-naissance\/"]}]},{"@type":"ImageObject","inLanguage":"fr-FR","@id":"https:\/\/laroupille.com\/editions\/product\/mystere-autour-de-ma-naissance\/#primaryimage","url":"https:\/\/laroupille.com\/editions\/wp-content\/uploads\/2021\/01\/mystere-autour-demanaissance-couvert.png","contentUrl":"https:\/\/laroupille.com\/editions\/wp-content\/uploads\/2021\/01\/mystere-autour-demanaissance-couvert.png","width":800,"height":890,"caption":"Myst\u00e8re... autour de ma naissance de Caroline Larochelle"},{"@type":"BreadcrumbList","@id":"https:\/\/laroupille.com\/editions\/product\/mystere-autour-de-ma-naissance\/#breadcrumb","itemListElement":[{"@type":"ListItem","position":1,"name":"Accueil","item":"https:\/\/laroupille.com\/editions\/"},{"@type":"ListItem","position":2,"name":"Catalogue","item":"https:\/\/laroupille.com\/editions\/catalogue\/"},{"@type":"ListItem","position":3,"name":"Myst\u00e8re&#8230; autour de ma naissance"}]},{"@type":"WebSite","@id":"https:\/\/laroupille.com\/editions\/#website","url":"https:\/\/laroupille.com\/editions\/","name":"\u00c9ditions La Roupille, service d&#039;\u00e9dition","description":"La Roupille service d&#039;\u00e9ditions","publisher":{"@id":"https:\/\/laroupille.com\/editions\/#organization"},"potentialAction":[{"@type":"SearchAction","target":{"@type":"EntryPoint","urlTemplate":"https:\/\/laroupille.com\/editions\/?s={search_term_string}"},"query-input":{"@type":"PropertyValueSpecification","valueRequired":true,"valueName":"search_term_string"}}],"inLanguage":"fr-FR"},{"@type":"Organization","@id":"https:\/\/laroupille.com\/editions\/#organization","name":"La Roupille","url":"https:\/\/laroupille.com\/editions\/","logo":{"@type":"ImageObject","inLanguage":"fr-FR","@id":"https:\/\/laroupille.com\/editions\/#\/schema\/logo\/image\/","url":"https:\/\/laroupille.com\/editions\/wp-content\/uploads\/2021\/02\/logo-laroupille-big.png","contentUrl":"https:\/\/laroupille.com\/editions\/wp-content\/uploads\/2021\/02\/logo-laroupille-big.png","width":294,"height":130,"caption":"La Roupille"},"image":{"@id":"https:\/\/laroupille.com\/editions\/#\/schema\/logo\/image\/"},"sameAs":["https:\/\/facebook.com\/laroupille","https:\/\/www.instagram.com\/editionslaroupille\/"]}]}},"jetpack_sharing_enabled":true,"_links":{"self":[{"href":"https:\/\/laroupille.com\/editions\/wp-json\/wp\/v2\/product\/1360","targetHints":{"allow":["GET"]}}],"collection":[{"href":"https:\/\/laroupille.com\/editions\/wp-json\/wp\/v2\/product"}],"about":[{"href":"https:\/\/laroupille.com\/editions\/wp-json\/wp\/v2\/types\/product"}],"replies":[{"embeddable":true,"href":"https:\/\/laroupille.com\/editions\/wp-json\/wp\/v2\/comments?post=1360"}],"wp:featuredmedia":[{"embeddable":true,"href":"https:\/\/laroupille.com\/editions\/wp-json\/wp\/v2\/media\/1486"}],"wp:attachment":[{"href":"https:\/\/laroupille.com\/editions\/wp-json\/wp\/v2\/media?parent=1360"}],"wp:term":[{"taxonomy":"product_brand","embeddable":true,"href":"https:\/\/laroupille.com\/editions\/wp-json\/wp\/v2\/product_brand?post=1360"},{"taxonomy":"product_cat","embeddable":true,"href":"https:\/\/laroupille.com\/editions\/wp-json\/wp\/v2\/product_cat?post=1360"},{"taxonomy":"product_tag","embeddable":true,"href":"https:\/\/laroupille.com\/editions\/wp-json\/wp\/v2\/product_tag?post=1360"}],"curies":[{"name":"wp","href":"https:\/\/api.w.org\/{rel}","templated":true}]}}