{"id":1366,"date":"2021-01-28T21:07:08","date_gmt":"2021-01-29T02:07:08","guid":{"rendered":"https:\/\/laroupille.com\/editions\/?post_type=product&#038;p=1366"},"modified":"2024-10-17T23:02:05","modified_gmt":"2024-10-18T03:02:05","slug":"mon-carnet-demotions","status":"publish","type":"product","link":"https:\/\/laroupille.com\/editions\/product\/mon-carnet-demotions\/","title":{"rendered":"Mon carnet d&#8217;\u00e9motions"},"content":{"rendered":"<p>Une PENS\u00c9E ou une ACTION du jour r\u00e9confortantes lui permettront d\u2019\u00e9voluer positivement. C\u2019est un CARNET illustr\u00e9 original et comique dont le jeune devient l\u2019auteur<\/p>\n<p>&nbsp;<\/p>\n","protected":false},"excerpt":{"rendered":"<p>Collection Myst\u00e8re &amp;Tabous<br \/>\nAutrice : <a href=\"https:\/\/laroupille.com\/editions\/auteurs\/#caroline-larochelle\">Caroline Larochelle<\/a><\/p>\n<p>Voici un carnet PRIV\u00c9, UNIQUE en son genre. Sous des allures de journal intime, ce petit livre offre au jeune de compl\u00e9ter les phrases propos\u00e9es en d\u00e9but de page afin de lib\u00e9rer son TROP-PLEIN D\u2019\u00c9MOTIONS. Une PENS\u00c9E ou une ACTION du jour r\u00e9confortantes lui permettront d\u2019\u00e9voluer positivement. C\u2019est un CARNET illustr\u00e9 original et comique dont le jeune devient l\u2019auteur<\/p>\n","protected":false},"featured_media":1485,"comment_status":"open","ping_status":"closed","template":"","meta":[],"product_brand":[],"product_cat":[60,63,49],"product_tag":[72,97],"class_list":{"0":"post-1366","1":"product","2":"type-product","3":"status-publish","4":"has-post-thumbnail","6":"product_cat-jeunesse","7":"product_cat-jeunesse-9-12-ans","8":"product_cat-tous-les-livres","9":"product_tag-caroline-larochelle","10":"product_tag-mon-carnet-demotions","11":"product_shipping_class-forfait","13":"first","14":"instock","15":"taxable","16":"shipping-taxable","17":"purchasable","18":"product-type-simple"},"yoast_head":"<!-- This site is optimized with the Yoast SEO plugin v27.4 - https:\/\/yoast.com\/product\/yoast-seo-wordpress\/ -->\n<title>Mon carnet d&#039;\u00e9motions - \u00c9ditions La Roupille, service d&#039;\u00e9dition<\/title>\n<meta name=\"robots\" content=\"index, follow, max-snippet:-1, max-image-preview:large, max-video-preview:-1\" \/>\n<link rel=\"canonical\" href=\"https:\/\/laroupille.com\/editions\/product\/mon-carnet-demotions\/\" \/>\n<meta property=\"og:locale\" content=\"fr_FR\" \/>\n<meta property=\"og:type\" content=\"article\" \/>\n<meta property=\"og:title\" content=\"Mon carnet d&#039;\u00e9motions - \u00c9ditions La Roupille, service d&#039;\u00e9dition\" \/>\n<meta property=\"og:description\" content=\"Collection Myst\u00e8re &amp;Tabous Autrice : Caroline Larochelle  Voici un carnet PRIV\u00c9, UNIQUE en son genre. Sous des allures de journal intime, ce petit livre offre au jeune de compl\u00e9ter les phrases propos\u00e9es en d\u00e9but de page afin de lib\u00e9rer son TROP-PLEIN D\u2019\u00c9MOTIONS. Une PENS\u00c9E ou une ACTION du jour r\u00e9confortantes lui permettront d\u2019\u00e9voluer positivement. C\u2019est un CARNET illustr\u00e9 original et comique dont le jeune devient l\u2019auteur\" \/>\n<meta property=\"og:url\" content=\"https:\/\/laroupille.com\/editions\/product\/mon-carnet-demotions\/\" \/>\n<meta property=\"og:site_name\" content=\"\u00c9ditions La Roupille, service d&#039;\u00e9dition\" \/>\n<meta property=\"article:publisher\" content=\"https:\/\/facebook.com\/laroupille\" \/>\n<meta property=\"article:modified_time\" content=\"2024-10-18T03:02:05+00:00\" \/>\n<meta property=\"og:image\" content=\"https:\/\/laroupille.com\/editions\/wp-content\/uploads\/2021\/01\/mon-carnet-demotions-couvert.png\" \/>\n\t<meta property=\"og:image:width\" content=\"800\" \/>\n\t<meta property=\"og:image:height\" content=\"890\" \/>\n\t<meta property=\"og:image:type\" content=\"image\/png\" \/>\n<meta name=\"twitter:card\" content=\"summary_large_image\" \/>\n<script type=\"application\/ld+json\" class=\"yoast-schema-graph\">{\"@context\":\"https:\\\/\\\/schema.org\",\"@graph\":[{\"@type\":\"WebPage\",\"@id\":\"https:\\\/\\\/laroupille.com\\\/editions\\\/product\\\/mon-carnet-demotions\\\/\",\"url\":\"https:\\\/\\\/laroupille.com\\\/editions\\\/product\\\/mon-carnet-demotions\\\/\",\"name\":\"Mon carnet d'\u00e9motions - \u00c9ditions La Roupille, service d&#039;\u00e9dition\",\"isPartOf\":{\"@id\":\"https:\\\/\\\/laroupille.com\\\/editions\\\/#website\"},\"primaryImageOfPage\":{\"@id\":\"https:\\\/\\\/laroupille.com\\\/editions\\\/product\\\/mon-carnet-demotions\\\/#primaryimage\"},\"image\":{\"@id\":\"https:\\\/\\\/laroupille.com\\\/editions\\\/product\\\/mon-carnet-demotions\\\/#primaryimage\"},\"thumbnailUrl\":\"https:\\\/\\\/laroupille.com\\\/editions\\\/wp-content\\\/uploads\\\/2021\\\/01\\\/mon-carnet-demotions-couvert.png\",\"datePublished\":\"2021-01-29T02:07:08+00:00\",\"dateModified\":\"2024-10-18T03:02:05+00:00\",\"breadcrumb\":{\"@id\":\"https:\\\/\\\/laroupille.com\\\/editions\\\/product\\\/mon-carnet-demotions\\\/#breadcrumb\"},\"inLanguage\":\"fr-FR\",\"potentialAction\":[{\"@type\":\"ReadAction\",\"target\":[\"https:\\\/\\\/laroupille.com\\\/editions\\\/product\\\/mon-carnet-demotions\\\/\"]}]},{\"@type\":\"ImageObject\",\"inLanguage\":\"fr-FR\",\"@id\":\"https:\\\/\\\/laroupille.com\\\/editions\\\/product\\\/mon-carnet-demotions\\\/#primaryimage\",\"url\":\"https:\\\/\\\/laroupille.com\\\/editions\\\/wp-content\\\/uploads\\\/2021\\\/01\\\/mon-carnet-demotions-couvert.png\",\"contentUrl\":\"https:\\\/\\\/laroupille.com\\\/editions\\\/wp-content\\\/uploads\\\/2021\\\/01\\\/mon-carnet-demotions-couvert.png\",\"width\":800,\"height\":890,\"caption\":\"Myst\u00e8re... autour de ma naissance de Caroline Larochelle\"},{\"@type\":\"BreadcrumbList\",\"@id\":\"https:\\\/\\\/laroupille.com\\\/editions\\\/product\\\/mon-carnet-demotions\\\/#breadcrumb\",\"itemListElement\":[{\"@type\":\"ListItem\",\"position\":1,\"name\":\"Accueil\",\"item\":\"https:\\\/\\\/laroupille.com\\\/editions\\\/\"},{\"@type\":\"ListItem\",\"position\":2,\"name\":\"Catalogue\",\"item\":\"https:\\\/\\\/laroupille.com\\\/editions\\\/catalogue\\\/\"},{\"@type\":\"ListItem\",\"position\":3,\"name\":\"Mon carnet d&#8217;\u00e9motions\"}]},{\"@type\":\"WebSite\",\"@id\":\"https:\\\/\\\/laroupille.com\\\/editions\\\/#website\",\"url\":\"https:\\\/\\\/laroupille.com\\\/editions\\\/\",\"name\":\"\u00c9ditions La Roupille, service d&#039;\u00e9dition\",\"description\":\"La Roupille service d&#039;\u00e9ditions\",\"publisher\":{\"@id\":\"https:\\\/\\\/laroupille.com\\\/editions\\\/#organization\"},\"potentialAction\":[{\"@type\":\"SearchAction\",\"target\":{\"@type\":\"EntryPoint\",\"urlTemplate\":\"https:\\\/\\\/laroupille.com\\\/editions\\\/?s={search_term_string}\"},\"query-input\":{\"@type\":\"PropertyValueSpecification\",\"valueRequired\":true,\"valueName\":\"search_term_string\"}}],\"inLanguage\":\"fr-FR\"},{\"@type\":\"Organization\",\"@id\":\"https:\\\/\\\/laroupille.com\\\/editions\\\/#organization\",\"name\":\"La Roupille\",\"url\":\"https:\\\/\\\/laroupille.com\\\/editions\\\/\",\"logo\":{\"@type\":\"ImageObject\",\"inLanguage\":\"fr-FR\",\"@id\":\"https:\\\/\\\/laroupille.com\\\/editions\\\/#\\\/schema\\\/logo\\\/image\\\/\",\"url\":\"https:\\\/\\\/laroupille.com\\\/editions\\\/wp-content\\\/uploads\\\/2021\\\/02\\\/logo-laroupille-big.png\",\"contentUrl\":\"https:\\\/\\\/laroupille.com\\\/editions\\\/wp-content\\\/uploads\\\/2021\\\/02\\\/logo-laroupille-big.png\",\"width\":294,\"height\":130,\"caption\":\"La Roupille\"},\"image\":{\"@id\":\"https:\\\/\\\/laroupille.com\\\/editions\\\/#\\\/schema\\\/logo\\\/image\\\/\"},\"sameAs\":[\"https:\\\/\\\/facebook.com\\\/laroupille\",\"https:\\\/\\\/www.instagram.com\\\/editionslaroupille\\\/\"]}]}<\/script>\n<!-- \/ Yoast SEO plugin. -->","yoast_head_json":{"title":"Mon carnet d'\u00e9motions - \u00c9ditions La Roupille, service d&#039;\u00e9dition","robots":{"index":"index","follow":"follow","max-snippet":"max-snippet:-1","max-image-preview":"max-image-preview:large","max-video-preview":"max-video-preview:-1"},"canonical":"https:\/\/laroupille.com\/editions\/product\/mon-carnet-demotions\/","og_locale":"fr_FR","og_type":"article","og_title":"Mon carnet d'\u00e9motions - \u00c9ditions La Roupille, service d&#039;\u00e9dition","og_description":"Collection Myst\u00e8re &amp;Tabous Autrice : Caroline Larochelle  Voici un carnet PRIV\u00c9, UNIQUE en son genre. Sous des allures de journal intime, ce petit livre offre au jeune de compl\u00e9ter les phrases propos\u00e9es en d\u00e9but de page afin de lib\u00e9rer son TROP-PLEIN D\u2019\u00c9MOTIONS. Une PENS\u00c9E ou une ACTION du jour r\u00e9confortantes lui permettront d\u2019\u00e9voluer positivement. C\u2019est un CARNET illustr\u00e9 original et comique dont le jeune devient l\u2019auteur","og_url":"https:\/\/laroupille.com\/editions\/product\/mon-carnet-demotions\/","og_site_name":"\u00c9ditions La Roupille, service d&#039;\u00e9dition","article_publisher":"https:\/\/facebook.com\/laroupille","article_modified_time":"2024-10-18T03:02:05+00:00","og_image":[{"width":800,"height":890,"url":"https:\/\/laroupille.com\/editions\/wp-content\/uploads\/2021\/01\/mon-carnet-demotions-couvert.png","type":"image\/png"}],"twitter_card":"summary_large_image","schema":{"@context":"https:\/\/schema.org","@graph":[{"@type":"WebPage","@id":"https:\/\/laroupille.com\/editions\/product\/mon-carnet-demotions\/","url":"https:\/\/laroupille.com\/editions\/product\/mon-carnet-demotions\/","name":"Mon carnet d'\u00e9motions - \u00c9ditions La Roupille, service d&#039;\u00e9dition","isPartOf":{"@id":"https:\/\/laroupille.com\/editions\/#website"},"primaryImageOfPage":{"@id":"https:\/\/laroupille.com\/editions\/product\/mon-carnet-demotions\/#primaryimage"},"image":{"@id":"https:\/\/laroupille.com\/editions\/product\/mon-carnet-demotions\/#primaryimage"},"thumbnailUrl":"https:\/\/laroupille.com\/editions\/wp-content\/uploads\/2021\/01\/mon-carnet-demotions-couvert.png","datePublished":"2021-01-29T02:07:08+00:00","dateModified":"2024-10-18T03:02:05+00:00","breadcrumb":{"@id":"https:\/\/laroupille.com\/editions\/product\/mon-carnet-demotions\/#breadcrumb"},"inLanguage":"fr-FR","potentialAction":[{"@type":"ReadAction","target":["https:\/\/laroupille.com\/editions\/product\/mon-carnet-demotions\/"]}]},{"@type":"ImageObject","inLanguage":"fr-FR","@id":"https:\/\/laroupille.com\/editions\/product\/mon-carnet-demotions\/#primaryimage","url":"https:\/\/laroupille.com\/editions\/wp-content\/uploads\/2021\/01\/mon-carnet-demotions-couvert.png","contentUrl":"https:\/\/laroupille.com\/editions\/wp-content\/uploads\/2021\/01\/mon-carnet-demotions-couvert.png","width":800,"height":890,"caption":"Myst\u00e8re... autour de ma naissance de Caroline Larochelle"},{"@type":"BreadcrumbList","@id":"https:\/\/laroupille.com\/editions\/product\/mon-carnet-demotions\/#breadcrumb","itemListElement":[{"@type":"ListItem","position":1,"name":"Accueil","item":"https:\/\/laroupille.com\/editions\/"},{"@type":"ListItem","position":2,"name":"Catalogue","item":"https:\/\/laroupille.com\/editions\/catalogue\/"},{"@type":"ListItem","position":3,"name":"Mon carnet d&#8217;\u00e9motions"}]},{"@type":"WebSite","@id":"https:\/\/laroupille.com\/editions\/#website","url":"https:\/\/laroupille.com\/editions\/","name":"\u00c9ditions La Roupille, service d&#039;\u00e9dition","description":"La Roupille service d&#039;\u00e9ditions","publisher":{"@id":"https:\/\/laroupille.com\/editions\/#organization"},"potentialAction":[{"@type":"SearchAction","target":{"@type":"EntryPoint","urlTemplate":"https:\/\/laroupille.com\/editions\/?s={search_term_string}"},"query-input":{"@type":"PropertyValueSpecification","valueRequired":true,"valueName":"search_term_string"}}],"inLanguage":"fr-FR"},{"@type":"Organization","@id":"https:\/\/laroupille.com\/editions\/#organization","name":"La Roupille","url":"https:\/\/laroupille.com\/editions\/","logo":{"@type":"ImageObject","inLanguage":"fr-FR","@id":"https:\/\/laroupille.com\/editions\/#\/schema\/logo\/image\/","url":"https:\/\/laroupille.com\/editions\/wp-content\/uploads\/2021\/02\/logo-laroupille-big.png","contentUrl":"https:\/\/laroupille.com\/editions\/wp-content\/uploads\/2021\/02\/logo-laroupille-big.png","width":294,"height":130,"caption":"La Roupille"},"image":{"@id":"https:\/\/laroupille.com\/editions\/#\/schema\/logo\/image\/"},"sameAs":["https:\/\/facebook.com\/laroupille","https:\/\/www.instagram.com\/editionslaroupille\/"]}]}},"jetpack_sharing_enabled":true,"_links":{"self":[{"href":"https:\/\/laroupille.com\/editions\/wp-json\/wp\/v2\/product\/1366","targetHints":{"allow":["GET"]}}],"collection":[{"href":"https:\/\/laroupille.com\/editions\/wp-json\/wp\/v2\/product"}],"about":[{"href":"https:\/\/laroupille.com\/editions\/wp-json\/wp\/v2\/types\/product"}],"replies":[{"embeddable":true,"href":"https:\/\/laroupille.com\/editions\/wp-json\/wp\/v2\/comments?post=1366"}],"wp:featuredmedia":[{"embeddable":true,"href":"https:\/\/laroupille.com\/editions\/wp-json\/wp\/v2\/media\/1485"}],"wp:attachment":[{"href":"https:\/\/laroupille.com\/editions\/wp-json\/wp\/v2\/media?parent=1366"}],"wp:term":[{"taxonomy":"product_brand","embeddable":true,"href":"https:\/\/laroupille.com\/editions\/wp-json\/wp\/v2\/product_brand?post=1366"},{"taxonomy":"product_cat","embeddable":true,"href":"https:\/\/laroupille.com\/editions\/wp-json\/wp\/v2\/product_cat?post=1366"},{"taxonomy":"product_tag","embeddable":true,"href":"https:\/\/laroupille.com\/editions\/wp-json\/wp\/v2\/product_tag?post=1366"}],"curies":[{"name":"wp","href":"https:\/\/api.w.org\/{rel}","templated":true}]}}