{"id":1371,"date":"2021-01-28T21:28:04","date_gmt":"2021-01-29T02:28:04","guid":{"rendered":"https:\/\/laroupille.com\/editions\/?post_type=product&#038;p=1371"},"modified":"2024-08-27T10:15:43","modified_gmt":"2024-08-27T15:15:43","slug":"ayoye-mechant-cauchemar","status":"publish","type":"product","link":"https:\/\/laroupille.com\/editions\/product\/ayoye-mechant-cauchemar\/","title":{"rendered":"Ayoye ! M\u00e9chant cauchemar"},"content":{"rendered":"<p>Il tentera alors par tous les moyens de le retrouver, au risque de s\u2019attirer une foule d\u2019ennuis qui l\u2019am\u00e8neront malgr\u00e9 lui \u00e0 braver un pass\u00e9 douloureux. Max sera-t-il assez fort pour affronter ses d\u00e9mons?<\/p>\n<p>Tome 1<\/p>\n","protected":false},"excerpt":{"rendered":"<p>Autrice : <a href=\"https:\/\/laroupille.com\/editions\/auteurs\/#veronique-veilleux\">V\u00e9ronique Veilleux<\/a><\/p>\n<p>Les vacances d\u2019\u00e9t\u00e9 tant esp\u00e9r\u00e9es par \u00c9milie tournent rapidement au cauchemar lorsque son fr\u00e8re Max, en visite \u00e0 Montr\u00e9al, constate la disparition d\u2019Andr\u00e9. Lui qui avait enfin accept\u00e9 son homosexualit\u00e9 avec son amoureux\u2026 Il tentera alors par tous les moyens de le retrouver, au risque de s\u2019attirer une foule d\u2019ennuis qui l\u2019am\u00e8neront malgr\u00e9 lui \u00e0 braver un pass\u00e9 douloureux. Max sera-t-il assez fort pour affronter ses d\u00e9mons?<\/p>\n","protected":false},"featured_media":1936,"comment_status":"open","ping_status":"closed","template":"","meta":[],"product_brand":[],"product_cat":[15],"product_tag":[102,101],"class_list":{"0":"post-1371","1":"product","2":"type-product","3":"status-publish","4":"has-post-thumbnail","6":"product_cat-tous-livres-epuises","7":"product_tag-ayoye-mechant-cauchemar","8":"product_tag-veronique-veilleux","9":"product_shipping_class-forfait","11":"first","12":"outofstock","13":"taxable","14":"shipping-taxable","15":"purchasable","16":"product-type-simple"},"yoast_head":"<!-- This site is optimized with the Yoast SEO plugin v27.4 - https:\/\/yoast.com\/product\/yoast-seo-wordpress\/ -->\n<title>Ayoye ! M\u00e9chant cauchemar - \u00c9ditions La Roupille, service d&#039;\u00e9dition<\/title>\n<meta name=\"robots\" content=\"index, follow, max-snippet:-1, max-image-preview:large, max-video-preview:-1\" \/>\n<link rel=\"canonical\" href=\"https:\/\/laroupille.com\/editions\/product\/ayoye-mechant-cauchemar\/\" \/>\n<meta property=\"og:locale\" content=\"fr_FR\" \/>\n<meta property=\"og:type\" content=\"article\" \/>\n<meta property=\"og:title\" content=\"Ayoye ! M\u00e9chant cauchemar - \u00c9ditions La Roupille, service d&#039;\u00e9dition\" \/>\n<meta property=\"og:description\" content=\"Autrice : V\u00e9ronique Veilleux  Les vacances d\u2019\u00e9t\u00e9 tant esp\u00e9r\u00e9es par \u00c9milie tournent rapidement au cauchemar lorsque son fr\u00e8re Max, en visite \u00e0 Montr\u00e9al, constate la disparition d\u2019Andr\u00e9. Lui qui avait enfin accept\u00e9 son homosexualit\u00e9 avec son amoureux\u2026 Il tentera alors par tous les moyens de le retrouver, au risque de s\u2019attirer une foule d\u2019ennuis qui l\u2019am\u00e8neront malgr\u00e9 lui \u00e0 braver un pass\u00e9 douloureux. Max sera-t-il assez fort pour affronter ses d\u00e9mons?\" \/>\n<meta property=\"og:url\" content=\"https:\/\/laroupille.com\/editions\/product\/ayoye-mechant-cauchemar\/\" \/>\n<meta property=\"og:site_name\" content=\"\u00c9ditions La Roupille, service d&#039;\u00e9dition\" \/>\n<meta property=\"article:publisher\" content=\"https:\/\/facebook.com\/laroupille\" \/>\n<meta property=\"article:modified_time\" content=\"2024-08-27T15:15:43+00:00\" \/>\n<meta property=\"og:image\" content=\"https:\/\/laroupille.com\/editions\/wp-content\/uploads\/2021\/01\/AYOYE2COUVERT.jpg\" \/>\n\t<meta property=\"og:image:width\" content=\"800\" \/>\n\t<meta property=\"og:image:height\" content=\"890\" \/>\n\t<meta property=\"og:image:type\" content=\"image\/jpeg\" \/>\n<meta name=\"twitter:card\" content=\"summary_large_image\" \/>\n<script type=\"application\/ld+json\" class=\"yoast-schema-graph\">{\"@context\":\"https:\\\/\\\/schema.org\",\"@graph\":[{\"@type\":\"WebPage\",\"@id\":\"https:\\\/\\\/laroupille.com\\\/editions\\\/product\\\/ayoye-mechant-cauchemar\\\/\",\"url\":\"https:\\\/\\\/laroupille.com\\\/editions\\\/product\\\/ayoye-mechant-cauchemar\\\/\",\"name\":\"Ayoye ! M\u00e9chant cauchemar - \u00c9ditions La Roupille, service d&#039;\u00e9dition\",\"isPartOf\":{\"@id\":\"https:\\\/\\\/laroupille.com\\\/editions\\\/#website\"},\"primaryImageOfPage\":{\"@id\":\"https:\\\/\\\/laroupille.com\\\/editions\\\/product\\\/ayoye-mechant-cauchemar\\\/#primaryimage\"},\"image\":{\"@id\":\"https:\\\/\\\/laroupille.com\\\/editions\\\/product\\\/ayoye-mechant-cauchemar\\\/#primaryimage\"},\"thumbnailUrl\":\"https:\\\/\\\/laroupille.com\\\/editions\\\/wp-content\\\/uploads\\\/2021\\\/01\\\/AYOYE2COUVERT.jpg\",\"datePublished\":\"2021-01-29T02:28:04+00:00\",\"dateModified\":\"2024-08-27T15:15:43+00:00\",\"breadcrumb\":{\"@id\":\"https:\\\/\\\/laroupille.com\\\/editions\\\/product\\\/ayoye-mechant-cauchemar\\\/#breadcrumb\"},\"inLanguage\":\"fr-FR\",\"potentialAction\":[{\"@type\":\"ReadAction\",\"target\":[\"https:\\\/\\\/laroupille.com\\\/editions\\\/product\\\/ayoye-mechant-cauchemar\\\/\"]}]},{\"@type\":\"ImageObject\",\"inLanguage\":\"fr-FR\",\"@id\":\"https:\\\/\\\/laroupille.com\\\/editions\\\/product\\\/ayoye-mechant-cauchemar\\\/#primaryimage\",\"url\":\"https:\\\/\\\/laroupille.com\\\/editions\\\/wp-content\\\/uploads\\\/2021\\\/01\\\/AYOYE2COUVERT.jpg\",\"contentUrl\":\"https:\\\/\\\/laroupille.com\\\/editions\\\/wp-content\\\/uploads\\\/2021\\\/01\\\/AYOYE2COUVERT.jpg\",\"width\":800,\"height\":890},{\"@type\":\"BreadcrumbList\",\"@id\":\"https:\\\/\\\/laroupille.com\\\/editions\\\/product\\\/ayoye-mechant-cauchemar\\\/#breadcrumb\",\"itemListElement\":[{\"@type\":\"ListItem\",\"position\":1,\"name\":\"Accueil\",\"item\":\"https:\\\/\\\/laroupille.com\\\/editions\\\/\"},{\"@type\":\"ListItem\",\"position\":2,\"name\":\"Catalogue\",\"item\":\"https:\\\/\\\/laroupille.com\\\/editions\\\/catalogue\\\/\"},{\"@type\":\"ListItem\",\"position\":3,\"name\":\"Ayoye ! M\u00e9chant cauchemar\"}]},{\"@type\":\"WebSite\",\"@id\":\"https:\\\/\\\/laroupille.com\\\/editions\\\/#website\",\"url\":\"https:\\\/\\\/laroupille.com\\\/editions\\\/\",\"name\":\"\u00c9ditions La Roupille, service d&#039;\u00e9dition\",\"description\":\"La Roupille service d&#039;\u00e9ditions\",\"publisher\":{\"@id\":\"https:\\\/\\\/laroupille.com\\\/editions\\\/#organization\"},\"potentialAction\":[{\"@type\":\"SearchAction\",\"target\":{\"@type\":\"EntryPoint\",\"urlTemplate\":\"https:\\\/\\\/laroupille.com\\\/editions\\\/?s={search_term_string}\"},\"query-input\":{\"@type\":\"PropertyValueSpecification\",\"valueRequired\":true,\"valueName\":\"search_term_string\"}}],\"inLanguage\":\"fr-FR\"},{\"@type\":\"Organization\",\"@id\":\"https:\\\/\\\/laroupille.com\\\/editions\\\/#organization\",\"name\":\"La Roupille\",\"url\":\"https:\\\/\\\/laroupille.com\\\/editions\\\/\",\"logo\":{\"@type\":\"ImageObject\",\"inLanguage\":\"fr-FR\",\"@id\":\"https:\\\/\\\/laroupille.com\\\/editions\\\/#\\\/schema\\\/logo\\\/image\\\/\",\"url\":\"https:\\\/\\\/laroupille.com\\\/editions\\\/wp-content\\\/uploads\\\/2021\\\/02\\\/logo-laroupille-big.png\",\"contentUrl\":\"https:\\\/\\\/laroupille.com\\\/editions\\\/wp-content\\\/uploads\\\/2021\\\/02\\\/logo-laroupille-big.png\",\"width\":294,\"height\":130,\"caption\":\"La Roupille\"},\"image\":{\"@id\":\"https:\\\/\\\/laroupille.com\\\/editions\\\/#\\\/schema\\\/logo\\\/image\\\/\"},\"sameAs\":[\"https:\\\/\\\/facebook.com\\\/laroupille\",\"https:\\\/\\\/www.instagram.com\\\/editionslaroupille\\\/\"]}]}<\/script>\n<!-- \/ Yoast SEO plugin. -->","yoast_head_json":{"title":"Ayoye ! M\u00e9chant cauchemar - \u00c9ditions La Roupille, service d&#039;\u00e9dition","robots":{"index":"index","follow":"follow","max-snippet":"max-snippet:-1","max-image-preview":"max-image-preview:large","max-video-preview":"max-video-preview:-1"},"canonical":"https:\/\/laroupille.com\/editions\/product\/ayoye-mechant-cauchemar\/","og_locale":"fr_FR","og_type":"article","og_title":"Ayoye ! M\u00e9chant cauchemar - \u00c9ditions La Roupille, service d&#039;\u00e9dition","og_description":"Autrice : V\u00e9ronique Veilleux  Les vacances d\u2019\u00e9t\u00e9 tant esp\u00e9r\u00e9es par \u00c9milie tournent rapidement au cauchemar lorsque son fr\u00e8re Max, en visite \u00e0 Montr\u00e9al, constate la disparition d\u2019Andr\u00e9. Lui qui avait enfin accept\u00e9 son homosexualit\u00e9 avec son amoureux\u2026 Il tentera alors par tous les moyens de le retrouver, au risque de s\u2019attirer une foule d\u2019ennuis qui l\u2019am\u00e8neront malgr\u00e9 lui \u00e0 braver un pass\u00e9 douloureux. Max sera-t-il assez fort pour affronter ses d\u00e9mons?","og_url":"https:\/\/laroupille.com\/editions\/product\/ayoye-mechant-cauchemar\/","og_site_name":"\u00c9ditions La Roupille, service d&#039;\u00e9dition","article_publisher":"https:\/\/facebook.com\/laroupille","article_modified_time":"2024-08-27T15:15:43+00:00","og_image":[{"width":800,"height":890,"url":"https:\/\/laroupille.com\/editions\/wp-content\/uploads\/2021\/01\/AYOYE2COUVERT.jpg","type":"image\/jpeg"}],"twitter_card":"summary_large_image","schema":{"@context":"https:\/\/schema.org","@graph":[{"@type":"WebPage","@id":"https:\/\/laroupille.com\/editions\/product\/ayoye-mechant-cauchemar\/","url":"https:\/\/laroupille.com\/editions\/product\/ayoye-mechant-cauchemar\/","name":"Ayoye ! M\u00e9chant cauchemar - \u00c9ditions La Roupille, service d&#039;\u00e9dition","isPartOf":{"@id":"https:\/\/laroupille.com\/editions\/#website"},"primaryImageOfPage":{"@id":"https:\/\/laroupille.com\/editions\/product\/ayoye-mechant-cauchemar\/#primaryimage"},"image":{"@id":"https:\/\/laroupille.com\/editions\/product\/ayoye-mechant-cauchemar\/#primaryimage"},"thumbnailUrl":"https:\/\/laroupille.com\/editions\/wp-content\/uploads\/2021\/01\/AYOYE2COUVERT.jpg","datePublished":"2021-01-29T02:28:04+00:00","dateModified":"2024-08-27T15:15:43+00:00","breadcrumb":{"@id":"https:\/\/laroupille.com\/editions\/product\/ayoye-mechant-cauchemar\/#breadcrumb"},"inLanguage":"fr-FR","potentialAction":[{"@type":"ReadAction","target":["https:\/\/laroupille.com\/editions\/product\/ayoye-mechant-cauchemar\/"]}]},{"@type":"ImageObject","inLanguage":"fr-FR","@id":"https:\/\/laroupille.com\/editions\/product\/ayoye-mechant-cauchemar\/#primaryimage","url":"https:\/\/laroupille.com\/editions\/wp-content\/uploads\/2021\/01\/AYOYE2COUVERT.jpg","contentUrl":"https:\/\/laroupille.com\/editions\/wp-content\/uploads\/2021\/01\/AYOYE2COUVERT.jpg","width":800,"height":890},{"@type":"BreadcrumbList","@id":"https:\/\/laroupille.com\/editions\/product\/ayoye-mechant-cauchemar\/#breadcrumb","itemListElement":[{"@type":"ListItem","position":1,"name":"Accueil","item":"https:\/\/laroupille.com\/editions\/"},{"@type":"ListItem","position":2,"name":"Catalogue","item":"https:\/\/laroupille.com\/editions\/catalogue\/"},{"@type":"ListItem","position":3,"name":"Ayoye ! M\u00e9chant cauchemar"}]},{"@type":"WebSite","@id":"https:\/\/laroupille.com\/editions\/#website","url":"https:\/\/laroupille.com\/editions\/","name":"\u00c9ditions La Roupille, service d&#039;\u00e9dition","description":"La Roupille service d&#039;\u00e9ditions","publisher":{"@id":"https:\/\/laroupille.com\/editions\/#organization"},"potentialAction":[{"@type":"SearchAction","target":{"@type":"EntryPoint","urlTemplate":"https:\/\/laroupille.com\/editions\/?s={search_term_string}"},"query-input":{"@type":"PropertyValueSpecification","valueRequired":true,"valueName":"search_term_string"}}],"inLanguage":"fr-FR"},{"@type":"Organization","@id":"https:\/\/laroupille.com\/editions\/#organization","name":"La Roupille","url":"https:\/\/laroupille.com\/editions\/","logo":{"@type":"ImageObject","inLanguage":"fr-FR","@id":"https:\/\/laroupille.com\/editions\/#\/schema\/logo\/image\/","url":"https:\/\/laroupille.com\/editions\/wp-content\/uploads\/2021\/02\/logo-laroupille-big.png","contentUrl":"https:\/\/laroupille.com\/editions\/wp-content\/uploads\/2021\/02\/logo-laroupille-big.png","width":294,"height":130,"caption":"La Roupille"},"image":{"@id":"https:\/\/laroupille.com\/editions\/#\/schema\/logo\/image\/"},"sameAs":["https:\/\/facebook.com\/laroupille","https:\/\/www.instagram.com\/editionslaroupille\/"]}]}},"jetpack_sharing_enabled":true,"_links":{"self":[{"href":"https:\/\/laroupille.com\/editions\/wp-json\/wp\/v2\/product\/1371","targetHints":{"allow":["GET"]}}],"collection":[{"href":"https:\/\/laroupille.com\/editions\/wp-json\/wp\/v2\/product"}],"about":[{"href":"https:\/\/laroupille.com\/editions\/wp-json\/wp\/v2\/types\/product"}],"replies":[{"embeddable":true,"href":"https:\/\/laroupille.com\/editions\/wp-json\/wp\/v2\/comments?post=1371"}],"wp:featuredmedia":[{"embeddable":true,"href":"https:\/\/laroupille.com\/editions\/wp-json\/wp\/v2\/media\/1936"}],"wp:attachment":[{"href":"https:\/\/laroupille.com\/editions\/wp-json\/wp\/v2\/media?parent=1371"}],"wp:term":[{"taxonomy":"product_brand","embeddable":true,"href":"https:\/\/laroupille.com\/editions\/wp-json\/wp\/v2\/product_brand?post=1371"},{"taxonomy":"product_cat","embeddable":true,"href":"https:\/\/laroupille.com\/editions\/wp-json\/wp\/v2\/product_cat?post=1371"},{"taxonomy":"product_tag","embeddable":true,"href":"https:\/\/laroupille.com\/editions\/wp-json\/wp\/v2\/product_tag?post=1371"}],"curies":[{"name":"wp","href":"https:\/\/api.w.org\/{rel}","templated":true}]}}