{"id":1373,"date":"2021-01-28T21:35:30","date_gmt":"2021-01-29T02:35:30","guid":{"rendered":"https:\/\/laroupille.com\/editions\/?post_type=product&#038;p=1373"},"modified":"2024-10-07T16:40:07","modified_gmt":"2024-10-07T20:40:07","slug":"transaction-tome-1-lascension-dun-coach","status":"publish","type":"product","link":"https:\/\/laroupille.com\/editions\/product\/transaction-tome-1-lascension-dun-coach\/","title":{"rendered":"TRANSACTION, tome 1 \u00ab L\u2019ascension d\u2019un coach \u00bb"},"content":{"rendered":"<p>L\u2019ancien ouvrier d\u2019usine \u00e9tait-il vraiment pr\u00e9par\u00e9 \u00e0 faire face au grand d\u00e9fi qui l\u2019attendait? Comment vivra-t-il avec le stress de performance et la pression des partisans? Saura-t-il b\u00e2tir une \u00e9quipe gagnante et r\u00e9aliser enfin son r\u00eave de jeunesse?<\/p>\n","protected":false},"excerpt":{"rendered":"<p>Auteur : <a href=\"https:\/\/laroupille.com\/editions\/auteurs\/#andy-lehoux\">Andy Lehoux<\/a><\/p>\n<p>D\u00e8s son arriv\u00e9e en Abitibi, le nouvel entraineur-chef et directeur g\u00e9n\u00e9ral des Foreurs de Val d\u2019Or, Patrick Nadeau se bute \u00e0 la critique g\u00e9n\u00e9rale. Constamment sous pression, mais d\u00e9termin\u00e9 \u00e0 redresser l\u2019\u00e9quipe junior, il ignore les normes et poursuit ses d\u00e9cisions audacieuses malgr\u00e9 la controverse qui l\u2019entoure. C\u2019est avec l\u2019appui de son fils Nicolas et les conseils avertis de son p\u00e8re et pr\u00e9cieux mentor, Claude, que l\u2019indomptable coach Nadeau ose d\u00e9fier les standards habituels.<\/p>\n<p>L\u2019ancien ouvrier d\u2019usine \u00e9tait-il vraiment pr\u00e9par\u00e9 \u00e0 faire face au grand d\u00e9fi qui l\u2019attendait? Comment vivra-t-il avec le stress de performance et la pression des partisans? Saura-t-il b\u00e2tir une \u00e9quipe gagnante et r\u00e9aliser enfin son r\u00eave de jeunesse?<\/p>\n","protected":false},"featured_media":1374,"comment_status":"open","ping_status":"closed","template":"","meta":[],"product_brand":[],"product_cat":[15],"product_tag":[105,104,103],"class_list":{"0":"post-1373","1":"product","2":"type-product","3":"status-publish","4":"has-post-thumbnail","6":"product_cat-tous-livres-epuises","7":"product_tag-andy-lehoux","8":"product_tag-tome-1-lascension-dun-coach","9":"product_tag-transaction","10":"product_shipping_class-forfait","12":"first","13":"outofstock","14":"taxable","15":"shipping-taxable","16":"purchasable","17":"product-type-simple"},"yoast_head":"<!-- This site is optimized with the Yoast SEO plugin v27.4 - https:\/\/yoast.com\/product\/yoast-seo-wordpress\/ -->\n<title>TRANSACTION, tome 1 \u00ab L\u2019ascension d\u2019un coach \u00bb - \u00c9ditions La Roupille, service d&#039;\u00e9dition<\/title>\n<meta name=\"robots\" content=\"index, follow, max-snippet:-1, max-image-preview:large, max-video-preview:-1\" \/>\n<link rel=\"canonical\" href=\"https:\/\/laroupille.com\/editions\/product\/transaction-tome-1-lascension-dun-coach\/\" \/>\n<meta property=\"og:locale\" content=\"fr_FR\" \/>\n<meta property=\"og:type\" content=\"article\" \/>\n<meta property=\"og:title\" content=\"TRANSACTION, tome 1 \u00ab L\u2019ascension d\u2019un coach \u00bb - \u00c9ditions La Roupille, service d&#039;\u00e9dition\" \/>\n<meta property=\"og:description\" content=\"Auteur : Andy Lehoux  D\u00e8s son arriv\u00e9e en Abitibi, le nouvel entraineur-chef et directeur g\u00e9n\u00e9ral des Foreurs de Val d\u2019Or, Patrick Nadeau se bute \u00e0 la critique g\u00e9n\u00e9rale. Constamment sous pression, mais d\u00e9termin\u00e9 \u00e0 redresser l\u2019\u00e9quipe junior, il ignore les normes et poursuit ses d\u00e9cisions audacieuses malgr\u00e9 la controverse qui l\u2019entoure. C\u2019est avec l\u2019appui de son fils Nicolas et les conseils avertis de son p\u00e8re et pr\u00e9cieux mentor, Claude, que l\u2019indomptable coach Nadeau ose d\u00e9fier les standards habituels.  L\u2019ancien ouvrier d\u2019usine \u00e9tait-il vraiment pr\u00e9par\u00e9 \u00e0 faire face au grand d\u00e9fi qui l\u2019attendait? Comment vivra-t-il avec le stress de performance et la pression des partisans? Saura-t-il b\u00e2tir une \u00e9quipe gagnante et r\u00e9aliser enfin son r\u00eave de jeunesse?\" \/>\n<meta property=\"og:url\" content=\"https:\/\/laroupille.com\/editions\/product\/transaction-tome-1-lascension-dun-coach\/\" \/>\n<meta property=\"og:site_name\" content=\"\u00c9ditions La Roupille, service d&#039;\u00e9dition\" \/>\n<meta property=\"article:publisher\" content=\"https:\/\/facebook.com\/laroupille\" \/>\n<meta property=\"article:modified_time\" content=\"2024-10-07T20:40:07+00:00\" \/>\n<meta property=\"og:image\" content=\"https:\/\/laroupille.com\/editions\/wp-content\/uploads\/2021\/01\/tranaction-ascension-un-coach-1.png\" \/>\n\t<meta property=\"og:image:width\" content=\"800\" \/>\n\t<meta property=\"og:image:height\" content=\"800\" \/>\n\t<meta property=\"og:image:type\" content=\"image\/png\" \/>\n<meta name=\"twitter:card\" content=\"summary_large_image\" \/>\n<script type=\"application\/ld+json\" class=\"yoast-schema-graph\">{\"@context\":\"https:\\\/\\\/schema.org\",\"@graph\":[{\"@type\":\"WebPage\",\"@id\":\"https:\\\/\\\/laroupille.com\\\/editions\\\/product\\\/transaction-tome-1-lascension-dun-coach\\\/\",\"url\":\"https:\\\/\\\/laroupille.com\\\/editions\\\/product\\\/transaction-tome-1-lascension-dun-coach\\\/\",\"name\":\"TRANSACTION, tome 1 \u00ab L\u2019ascension d\u2019un coach \u00bb - \u00c9ditions La Roupille, service d&#039;\u00e9dition\",\"isPartOf\":{\"@id\":\"https:\\\/\\\/laroupille.com\\\/editions\\\/#website\"},\"primaryImageOfPage\":{\"@id\":\"https:\\\/\\\/laroupille.com\\\/editions\\\/product\\\/transaction-tome-1-lascension-dun-coach\\\/#primaryimage\"},\"image\":{\"@id\":\"https:\\\/\\\/laroupille.com\\\/editions\\\/product\\\/transaction-tome-1-lascension-dun-coach\\\/#primaryimage\"},\"thumbnailUrl\":\"https:\\\/\\\/laroupille.com\\\/editions\\\/wp-content\\\/uploads\\\/2021\\\/01\\\/tranaction-ascension-un-coach-1.png\",\"datePublished\":\"2021-01-29T02:35:30+00:00\",\"dateModified\":\"2024-10-07T20:40:07+00:00\",\"breadcrumb\":{\"@id\":\"https:\\\/\\\/laroupille.com\\\/editions\\\/product\\\/transaction-tome-1-lascension-dun-coach\\\/#breadcrumb\"},\"inLanguage\":\"fr-FR\",\"potentialAction\":[{\"@type\":\"ReadAction\",\"target\":[\"https:\\\/\\\/laroupille.com\\\/editions\\\/product\\\/transaction-tome-1-lascension-dun-coach\\\/\"]}]},{\"@type\":\"ImageObject\",\"inLanguage\":\"fr-FR\",\"@id\":\"https:\\\/\\\/laroupille.com\\\/editions\\\/product\\\/transaction-tome-1-lascension-dun-coach\\\/#primaryimage\",\"url\":\"https:\\\/\\\/laroupille.com\\\/editions\\\/wp-content\\\/uploads\\\/2021\\\/01\\\/tranaction-ascension-un-coach-1.png\",\"contentUrl\":\"https:\\\/\\\/laroupille.com\\\/editions\\\/wp-content\\\/uploads\\\/2021\\\/01\\\/tranaction-ascension-un-coach-1.png\",\"width\":800,\"height\":800,\"caption\":\"Transaction, L'ascension d'un coach de Andy Lehoux\"},{\"@type\":\"BreadcrumbList\",\"@id\":\"https:\\\/\\\/laroupille.com\\\/editions\\\/product\\\/transaction-tome-1-lascension-dun-coach\\\/#breadcrumb\",\"itemListElement\":[{\"@type\":\"ListItem\",\"position\":1,\"name\":\"Accueil\",\"item\":\"https:\\\/\\\/laroupille.com\\\/editions\\\/\"},{\"@type\":\"ListItem\",\"position\":2,\"name\":\"Catalogue\",\"item\":\"https:\\\/\\\/laroupille.com\\\/editions\\\/catalogue\\\/\"},{\"@type\":\"ListItem\",\"position\":3,\"name\":\"TRANSACTION, tome 1 \u00ab L\u2019ascension d\u2019un coach \u00bb\"}]},{\"@type\":\"WebSite\",\"@id\":\"https:\\\/\\\/laroupille.com\\\/editions\\\/#website\",\"url\":\"https:\\\/\\\/laroupille.com\\\/editions\\\/\",\"name\":\"\u00c9ditions La Roupille, service d&#039;\u00e9dition\",\"description\":\"La Roupille service d&#039;\u00e9ditions\",\"publisher\":{\"@id\":\"https:\\\/\\\/laroupille.com\\\/editions\\\/#organization\"},\"potentialAction\":[{\"@type\":\"SearchAction\",\"target\":{\"@type\":\"EntryPoint\",\"urlTemplate\":\"https:\\\/\\\/laroupille.com\\\/editions\\\/?s={search_term_string}\"},\"query-input\":{\"@type\":\"PropertyValueSpecification\",\"valueRequired\":true,\"valueName\":\"search_term_string\"}}],\"inLanguage\":\"fr-FR\"},{\"@type\":\"Organization\",\"@id\":\"https:\\\/\\\/laroupille.com\\\/editions\\\/#organization\",\"name\":\"La Roupille\",\"url\":\"https:\\\/\\\/laroupille.com\\\/editions\\\/\",\"logo\":{\"@type\":\"ImageObject\",\"inLanguage\":\"fr-FR\",\"@id\":\"https:\\\/\\\/laroupille.com\\\/editions\\\/#\\\/schema\\\/logo\\\/image\\\/\",\"url\":\"https:\\\/\\\/laroupille.com\\\/editions\\\/wp-content\\\/uploads\\\/2021\\\/02\\\/logo-laroupille-big.png\",\"contentUrl\":\"https:\\\/\\\/laroupille.com\\\/editions\\\/wp-content\\\/uploads\\\/2021\\\/02\\\/logo-laroupille-big.png\",\"width\":294,\"height\":130,\"caption\":\"La Roupille\"},\"image\":{\"@id\":\"https:\\\/\\\/laroupille.com\\\/editions\\\/#\\\/schema\\\/logo\\\/image\\\/\"},\"sameAs\":[\"https:\\\/\\\/facebook.com\\\/laroupille\",\"https:\\\/\\\/www.instagram.com\\\/editionslaroupille\\\/\"]}]}<\/script>\n<!-- \/ Yoast SEO plugin. -->","yoast_head_json":{"title":"TRANSACTION, tome 1 \u00ab L\u2019ascension d\u2019un coach \u00bb - \u00c9ditions La Roupille, service d&#039;\u00e9dition","robots":{"index":"index","follow":"follow","max-snippet":"max-snippet:-1","max-image-preview":"max-image-preview:large","max-video-preview":"max-video-preview:-1"},"canonical":"https:\/\/laroupille.com\/editions\/product\/transaction-tome-1-lascension-dun-coach\/","og_locale":"fr_FR","og_type":"article","og_title":"TRANSACTION, tome 1 \u00ab L\u2019ascension d\u2019un coach \u00bb - \u00c9ditions La Roupille, service d&#039;\u00e9dition","og_description":"Auteur : Andy Lehoux  D\u00e8s son arriv\u00e9e en Abitibi, le nouvel entraineur-chef et directeur g\u00e9n\u00e9ral des Foreurs de Val d\u2019Or, Patrick Nadeau se bute \u00e0 la critique g\u00e9n\u00e9rale. Constamment sous pression, mais d\u00e9termin\u00e9 \u00e0 redresser l\u2019\u00e9quipe junior, il ignore les normes et poursuit ses d\u00e9cisions audacieuses malgr\u00e9 la controverse qui l\u2019entoure. C\u2019est avec l\u2019appui de son fils Nicolas et les conseils avertis de son p\u00e8re et pr\u00e9cieux mentor, Claude, que l\u2019indomptable coach Nadeau ose d\u00e9fier les standards habituels.  L\u2019ancien ouvrier d\u2019usine \u00e9tait-il vraiment pr\u00e9par\u00e9 \u00e0 faire face au grand d\u00e9fi qui l\u2019attendait? Comment vivra-t-il avec le stress de performance et la pression des partisans? Saura-t-il b\u00e2tir une \u00e9quipe gagnante et r\u00e9aliser enfin son r\u00eave de jeunesse?","og_url":"https:\/\/laroupille.com\/editions\/product\/transaction-tome-1-lascension-dun-coach\/","og_site_name":"\u00c9ditions La Roupille, service d&#039;\u00e9dition","article_publisher":"https:\/\/facebook.com\/laroupille","article_modified_time":"2024-10-07T20:40:07+00:00","og_image":[{"width":800,"height":800,"url":"https:\/\/laroupille.com\/editions\/wp-content\/uploads\/2021\/01\/tranaction-ascension-un-coach-1.png","type":"image\/png"}],"twitter_card":"summary_large_image","schema":{"@context":"https:\/\/schema.org","@graph":[{"@type":"WebPage","@id":"https:\/\/laroupille.com\/editions\/product\/transaction-tome-1-lascension-dun-coach\/","url":"https:\/\/laroupille.com\/editions\/product\/transaction-tome-1-lascension-dun-coach\/","name":"TRANSACTION, tome 1 \u00ab L\u2019ascension d\u2019un coach \u00bb - \u00c9ditions La Roupille, service d&#039;\u00e9dition","isPartOf":{"@id":"https:\/\/laroupille.com\/editions\/#website"},"primaryImageOfPage":{"@id":"https:\/\/laroupille.com\/editions\/product\/transaction-tome-1-lascension-dun-coach\/#primaryimage"},"image":{"@id":"https:\/\/laroupille.com\/editions\/product\/transaction-tome-1-lascension-dun-coach\/#primaryimage"},"thumbnailUrl":"https:\/\/laroupille.com\/editions\/wp-content\/uploads\/2021\/01\/tranaction-ascension-un-coach-1.png","datePublished":"2021-01-29T02:35:30+00:00","dateModified":"2024-10-07T20:40:07+00:00","breadcrumb":{"@id":"https:\/\/laroupille.com\/editions\/product\/transaction-tome-1-lascension-dun-coach\/#breadcrumb"},"inLanguage":"fr-FR","potentialAction":[{"@type":"ReadAction","target":["https:\/\/laroupille.com\/editions\/product\/transaction-tome-1-lascension-dun-coach\/"]}]},{"@type":"ImageObject","inLanguage":"fr-FR","@id":"https:\/\/laroupille.com\/editions\/product\/transaction-tome-1-lascension-dun-coach\/#primaryimage","url":"https:\/\/laroupille.com\/editions\/wp-content\/uploads\/2021\/01\/tranaction-ascension-un-coach-1.png","contentUrl":"https:\/\/laroupille.com\/editions\/wp-content\/uploads\/2021\/01\/tranaction-ascension-un-coach-1.png","width":800,"height":800,"caption":"Transaction, L'ascension d'un coach de Andy Lehoux"},{"@type":"BreadcrumbList","@id":"https:\/\/laroupille.com\/editions\/product\/transaction-tome-1-lascension-dun-coach\/#breadcrumb","itemListElement":[{"@type":"ListItem","position":1,"name":"Accueil","item":"https:\/\/laroupille.com\/editions\/"},{"@type":"ListItem","position":2,"name":"Catalogue","item":"https:\/\/laroupille.com\/editions\/catalogue\/"},{"@type":"ListItem","position":3,"name":"TRANSACTION, tome 1 \u00ab L\u2019ascension d\u2019un coach \u00bb"}]},{"@type":"WebSite","@id":"https:\/\/laroupille.com\/editions\/#website","url":"https:\/\/laroupille.com\/editions\/","name":"\u00c9ditions La Roupille, service d&#039;\u00e9dition","description":"La Roupille service d&#039;\u00e9ditions","publisher":{"@id":"https:\/\/laroupille.com\/editions\/#organization"},"potentialAction":[{"@type":"SearchAction","target":{"@type":"EntryPoint","urlTemplate":"https:\/\/laroupille.com\/editions\/?s={search_term_string}"},"query-input":{"@type":"PropertyValueSpecification","valueRequired":true,"valueName":"search_term_string"}}],"inLanguage":"fr-FR"},{"@type":"Organization","@id":"https:\/\/laroupille.com\/editions\/#organization","name":"La Roupille","url":"https:\/\/laroupille.com\/editions\/","logo":{"@type":"ImageObject","inLanguage":"fr-FR","@id":"https:\/\/laroupille.com\/editions\/#\/schema\/logo\/image\/","url":"https:\/\/laroupille.com\/editions\/wp-content\/uploads\/2021\/02\/logo-laroupille-big.png","contentUrl":"https:\/\/laroupille.com\/editions\/wp-content\/uploads\/2021\/02\/logo-laroupille-big.png","width":294,"height":130,"caption":"La Roupille"},"image":{"@id":"https:\/\/laroupille.com\/editions\/#\/schema\/logo\/image\/"},"sameAs":["https:\/\/facebook.com\/laroupille","https:\/\/www.instagram.com\/editionslaroupille\/"]}]}},"jetpack_sharing_enabled":true,"_links":{"self":[{"href":"https:\/\/laroupille.com\/editions\/wp-json\/wp\/v2\/product\/1373","targetHints":{"allow":["GET"]}}],"collection":[{"href":"https:\/\/laroupille.com\/editions\/wp-json\/wp\/v2\/product"}],"about":[{"href":"https:\/\/laroupille.com\/editions\/wp-json\/wp\/v2\/types\/product"}],"replies":[{"embeddable":true,"href":"https:\/\/laroupille.com\/editions\/wp-json\/wp\/v2\/comments?post=1373"}],"wp:featuredmedia":[{"embeddable":true,"href":"https:\/\/laroupille.com\/editions\/wp-json\/wp\/v2\/media\/1374"}],"wp:attachment":[{"href":"https:\/\/laroupille.com\/editions\/wp-json\/wp\/v2\/media?parent=1373"}],"wp:term":[{"taxonomy":"product_brand","embeddable":true,"href":"https:\/\/laroupille.com\/editions\/wp-json\/wp\/v2\/product_brand?post=1373"},{"taxonomy":"product_cat","embeddable":true,"href":"https:\/\/laroupille.com\/editions\/wp-json\/wp\/v2\/product_cat?post=1373"},{"taxonomy":"product_tag","embeddable":true,"href":"https:\/\/laroupille.com\/editions\/wp-json\/wp\/v2\/product_tag?post=1373"}],"curies":[{"name":"wp","href":"https:\/\/api.w.org\/{rel}","templated":true}]}}