{"id":1383,"date":"2021-01-29T11:20:23","date_gmt":"2021-01-29T16:20:23","guid":{"rendered":"https:\/\/laroupille.com\/editions\/?post_type=product&#038;p=1383"},"modified":"2024-10-26T17:13:37","modified_gmt":"2024-10-26T21:13:37","slug":"coeur-denfant-leveil-de-soi-album","status":"publish","type":"product","link":"https:\/\/laroupille.com\/editions\/product\/coeur-denfant-leveil-de-soi-album\/","title":{"rendered":"C\u0153ur d\u2019enfant, L\u2019\u00e9veil de soi-album"},"content":{"rendered":"<p>D\u00e9couvrez vite ce monde en compagnie de Violette\u2026<\/p>\n<p>\u2026 et faites de vos r\u00eaves votre r\u00e9alit\u00e9!<\/p>\n","protected":false},"excerpt":{"rendered":"<p>Autrice :<a href=\"https:\/\/laroupille.com\/editions\/auteurs\/#joannie-langlois\"> Joannie Langlois<\/a><br \/>\nIllustratrice : Marie-Christine Audet<\/p>\n<p>Imaginez un monde o\u00f9 tout serait diff\u00e9rent. Un monde de couleurs et de f\u00e9erie. Un monde de beaut\u00e9 et de magie. Un monde de v\u00e9rit\u00e9 absolue o\u00f9 chacun brillerait par son unicit\u00e9.<\/p>\n<p>D\u00e9couvrez vite ce monde en compagnie de Violette\u2026<\/p>\n<p>\u2026 et faites de vos r\u00eaves votre r\u00e9alit\u00e9!<\/p>\n","protected":false},"featured_media":1943,"comment_status":"open","ping_status":"closed","template":"","meta":[],"product_brand":[],"product_cat":[15],"product_tag":[113,114,112],"class_list":{"0":"post-1383","1":"product","2":"type-product","3":"status-publish","4":"has-post-thumbnail","6":"product_cat-tous-livres-epuises","7":"product_tag-coeur-denfant","8":"product_tag-joannie-langlois","9":"product_tag-leveil-de-soi","10":"product_shipping_class-forfait","12":"first","13":"outofstock","14":"taxable","15":"shipping-taxable","16":"purchasable","17":"product-type-simple"},"yoast_head":"<!-- This site is optimized with the Yoast SEO plugin v27.4 - https:\/\/yoast.com\/product\/yoast-seo-wordpress\/ -->\n<title>C\u0153ur d\u2019enfant, L\u2019\u00e9veil de soi-album - \u00c9ditions La Roupille, service d&#039;\u00e9dition<\/title>\n<meta name=\"robots\" content=\"index, follow, max-snippet:-1, max-image-preview:large, max-video-preview:-1\" \/>\n<link rel=\"canonical\" href=\"https:\/\/laroupille.com\/editions\/product\/coeur-denfant-leveil-de-soi-album\/\" \/>\n<meta property=\"og:locale\" content=\"fr_FR\" \/>\n<meta property=\"og:type\" content=\"article\" \/>\n<meta property=\"og:title\" content=\"C\u0153ur d\u2019enfant, L\u2019\u00e9veil de soi-album - \u00c9ditions La Roupille, service d&#039;\u00e9dition\" \/>\n<meta property=\"og:description\" content=\"Autrice : Joannie Langlois Illustratrice : Marie-Christine Audet  Imaginez un monde o\u00f9 tout serait diff\u00e9rent. Un monde de couleurs et de f\u00e9erie. Un monde de beaut\u00e9 et de magie. Un monde de v\u00e9rit\u00e9 absolue o\u00f9 chacun brillerait par son unicit\u00e9.  D\u00e9couvrez vite ce monde en compagnie de Violette\u2026  \u2026 et faites de vos r\u00eaves votre r\u00e9alit\u00e9!\" \/>\n<meta property=\"og:url\" content=\"https:\/\/laroupille.com\/editions\/product\/coeur-denfant-leveil-de-soi-album\/\" \/>\n<meta property=\"og:site_name\" content=\"\u00c9ditions La Roupille, service d&#039;\u00e9dition\" \/>\n<meta property=\"article:publisher\" content=\"https:\/\/facebook.com\/laroupille\" \/>\n<meta property=\"article:modified_time\" content=\"2024-10-26T21:13:37+00:00\" \/>\n<meta property=\"og:image\" content=\"https:\/\/laroupille.com\/editions\/wp-content\/uploads\/2021\/01\/COEURENFANTALBUMCOUVERT.jpg\" \/>\n\t<meta property=\"og:image:width\" content=\"300\" \/>\n\t<meta property=\"og:image:height\" content=\"300\" \/>\n\t<meta property=\"og:image:type\" content=\"image\/jpeg\" \/>\n<meta name=\"twitter:card\" content=\"summary_large_image\" \/>\n<script type=\"application\/ld+json\" class=\"yoast-schema-graph\">{\"@context\":\"https:\\\/\\\/schema.org\",\"@graph\":[{\"@type\":\"WebPage\",\"@id\":\"https:\\\/\\\/laroupille.com\\\/editions\\\/product\\\/coeur-denfant-leveil-de-soi-album\\\/\",\"url\":\"https:\\\/\\\/laroupille.com\\\/editions\\\/product\\\/coeur-denfant-leveil-de-soi-album\\\/\",\"name\":\"C\u0153ur d\u2019enfant, L\u2019\u00e9veil de soi-album - \u00c9ditions La Roupille, service d&#039;\u00e9dition\",\"isPartOf\":{\"@id\":\"https:\\\/\\\/laroupille.com\\\/editions\\\/#website\"},\"primaryImageOfPage\":{\"@id\":\"https:\\\/\\\/laroupille.com\\\/editions\\\/product\\\/coeur-denfant-leveil-de-soi-album\\\/#primaryimage\"},\"image\":{\"@id\":\"https:\\\/\\\/laroupille.com\\\/editions\\\/product\\\/coeur-denfant-leveil-de-soi-album\\\/#primaryimage\"},\"thumbnailUrl\":\"https:\\\/\\\/laroupille.com\\\/editions\\\/wp-content\\\/uploads\\\/2021\\\/01\\\/COEURENFANTALBUMCOUVERT.jpg\",\"datePublished\":\"2021-01-29T16:20:23+00:00\",\"dateModified\":\"2024-10-26T21:13:37+00:00\",\"breadcrumb\":{\"@id\":\"https:\\\/\\\/laroupille.com\\\/editions\\\/product\\\/coeur-denfant-leveil-de-soi-album\\\/#breadcrumb\"},\"inLanguage\":\"fr-FR\",\"potentialAction\":[{\"@type\":\"ReadAction\",\"target\":[\"https:\\\/\\\/laroupille.com\\\/editions\\\/product\\\/coeur-denfant-leveil-de-soi-album\\\/\"]}]},{\"@type\":\"ImageObject\",\"inLanguage\":\"fr-FR\",\"@id\":\"https:\\\/\\\/laroupille.com\\\/editions\\\/product\\\/coeur-denfant-leveil-de-soi-album\\\/#primaryimage\",\"url\":\"https:\\\/\\\/laroupille.com\\\/editions\\\/wp-content\\\/uploads\\\/2021\\\/01\\\/COEURENFANTALBUMCOUVERT.jpg\",\"contentUrl\":\"https:\\\/\\\/laroupille.com\\\/editions\\\/wp-content\\\/uploads\\\/2021\\\/01\\\/COEURENFANTALBUMCOUVERT.jpg\",\"width\":300,\"height\":300},{\"@type\":\"BreadcrumbList\",\"@id\":\"https:\\\/\\\/laroupille.com\\\/editions\\\/product\\\/coeur-denfant-leveil-de-soi-album\\\/#breadcrumb\",\"itemListElement\":[{\"@type\":\"ListItem\",\"position\":1,\"name\":\"Accueil\",\"item\":\"https:\\\/\\\/laroupille.com\\\/editions\\\/\"},{\"@type\":\"ListItem\",\"position\":2,\"name\":\"Catalogue\",\"item\":\"https:\\\/\\\/laroupille.com\\\/editions\\\/catalogue\\\/\"},{\"@type\":\"ListItem\",\"position\":3,\"name\":\"C\u0153ur d\u2019enfant, L\u2019\u00e9veil de soi-album\"}]},{\"@type\":\"WebSite\",\"@id\":\"https:\\\/\\\/laroupille.com\\\/editions\\\/#website\",\"url\":\"https:\\\/\\\/laroupille.com\\\/editions\\\/\",\"name\":\"\u00c9ditions La Roupille, service d&#039;\u00e9dition\",\"description\":\"La Roupille service d&#039;\u00e9ditions\",\"publisher\":{\"@id\":\"https:\\\/\\\/laroupille.com\\\/editions\\\/#organization\"},\"potentialAction\":[{\"@type\":\"SearchAction\",\"target\":{\"@type\":\"EntryPoint\",\"urlTemplate\":\"https:\\\/\\\/laroupille.com\\\/editions\\\/?s={search_term_string}\"},\"query-input\":{\"@type\":\"PropertyValueSpecification\",\"valueRequired\":true,\"valueName\":\"search_term_string\"}}],\"inLanguage\":\"fr-FR\"},{\"@type\":\"Organization\",\"@id\":\"https:\\\/\\\/laroupille.com\\\/editions\\\/#organization\",\"name\":\"La Roupille\",\"url\":\"https:\\\/\\\/laroupille.com\\\/editions\\\/\",\"logo\":{\"@type\":\"ImageObject\",\"inLanguage\":\"fr-FR\",\"@id\":\"https:\\\/\\\/laroupille.com\\\/editions\\\/#\\\/schema\\\/logo\\\/image\\\/\",\"url\":\"https:\\\/\\\/laroupille.com\\\/editions\\\/wp-content\\\/uploads\\\/2021\\\/02\\\/logo-laroupille-big.png\",\"contentUrl\":\"https:\\\/\\\/laroupille.com\\\/editions\\\/wp-content\\\/uploads\\\/2021\\\/02\\\/logo-laroupille-big.png\",\"width\":294,\"height\":130,\"caption\":\"La Roupille\"},\"image\":{\"@id\":\"https:\\\/\\\/laroupille.com\\\/editions\\\/#\\\/schema\\\/logo\\\/image\\\/\"},\"sameAs\":[\"https:\\\/\\\/facebook.com\\\/laroupille\",\"https:\\\/\\\/www.instagram.com\\\/editionslaroupille\\\/\"]}]}<\/script>\n<!-- \/ Yoast SEO plugin. -->","yoast_head_json":{"title":"C\u0153ur d\u2019enfant, L\u2019\u00e9veil de soi-album - \u00c9ditions La Roupille, service d&#039;\u00e9dition","robots":{"index":"index","follow":"follow","max-snippet":"max-snippet:-1","max-image-preview":"max-image-preview:large","max-video-preview":"max-video-preview:-1"},"canonical":"https:\/\/laroupille.com\/editions\/product\/coeur-denfant-leveil-de-soi-album\/","og_locale":"fr_FR","og_type":"article","og_title":"C\u0153ur d\u2019enfant, L\u2019\u00e9veil de soi-album - \u00c9ditions La Roupille, service d&#039;\u00e9dition","og_description":"Autrice : Joannie Langlois Illustratrice : Marie-Christine Audet  Imaginez un monde o\u00f9 tout serait diff\u00e9rent. Un monde de couleurs et de f\u00e9erie. Un monde de beaut\u00e9 et de magie. Un monde de v\u00e9rit\u00e9 absolue o\u00f9 chacun brillerait par son unicit\u00e9.  D\u00e9couvrez vite ce monde en compagnie de Violette\u2026  \u2026 et faites de vos r\u00eaves votre r\u00e9alit\u00e9!","og_url":"https:\/\/laroupille.com\/editions\/product\/coeur-denfant-leveil-de-soi-album\/","og_site_name":"\u00c9ditions La Roupille, service d&#039;\u00e9dition","article_publisher":"https:\/\/facebook.com\/laroupille","article_modified_time":"2024-10-26T21:13:37+00:00","og_image":[{"width":300,"height":300,"url":"https:\/\/laroupille.com\/editions\/wp-content\/uploads\/2021\/01\/COEURENFANTALBUMCOUVERT.jpg","type":"image\/jpeg"}],"twitter_card":"summary_large_image","schema":{"@context":"https:\/\/schema.org","@graph":[{"@type":"WebPage","@id":"https:\/\/laroupille.com\/editions\/product\/coeur-denfant-leveil-de-soi-album\/","url":"https:\/\/laroupille.com\/editions\/product\/coeur-denfant-leveil-de-soi-album\/","name":"C\u0153ur d\u2019enfant, L\u2019\u00e9veil de soi-album - \u00c9ditions La Roupille, service d&#039;\u00e9dition","isPartOf":{"@id":"https:\/\/laroupille.com\/editions\/#website"},"primaryImageOfPage":{"@id":"https:\/\/laroupille.com\/editions\/product\/coeur-denfant-leveil-de-soi-album\/#primaryimage"},"image":{"@id":"https:\/\/laroupille.com\/editions\/product\/coeur-denfant-leveil-de-soi-album\/#primaryimage"},"thumbnailUrl":"https:\/\/laroupille.com\/editions\/wp-content\/uploads\/2021\/01\/COEURENFANTALBUMCOUVERT.jpg","datePublished":"2021-01-29T16:20:23+00:00","dateModified":"2024-10-26T21:13:37+00:00","breadcrumb":{"@id":"https:\/\/laroupille.com\/editions\/product\/coeur-denfant-leveil-de-soi-album\/#breadcrumb"},"inLanguage":"fr-FR","potentialAction":[{"@type":"ReadAction","target":["https:\/\/laroupille.com\/editions\/product\/coeur-denfant-leveil-de-soi-album\/"]}]},{"@type":"ImageObject","inLanguage":"fr-FR","@id":"https:\/\/laroupille.com\/editions\/product\/coeur-denfant-leveil-de-soi-album\/#primaryimage","url":"https:\/\/laroupille.com\/editions\/wp-content\/uploads\/2021\/01\/COEURENFANTALBUMCOUVERT.jpg","contentUrl":"https:\/\/laroupille.com\/editions\/wp-content\/uploads\/2021\/01\/COEURENFANTALBUMCOUVERT.jpg","width":300,"height":300},{"@type":"BreadcrumbList","@id":"https:\/\/laroupille.com\/editions\/product\/coeur-denfant-leveil-de-soi-album\/#breadcrumb","itemListElement":[{"@type":"ListItem","position":1,"name":"Accueil","item":"https:\/\/laroupille.com\/editions\/"},{"@type":"ListItem","position":2,"name":"Catalogue","item":"https:\/\/laroupille.com\/editions\/catalogue\/"},{"@type":"ListItem","position":3,"name":"C\u0153ur d\u2019enfant, L\u2019\u00e9veil de soi-album"}]},{"@type":"WebSite","@id":"https:\/\/laroupille.com\/editions\/#website","url":"https:\/\/laroupille.com\/editions\/","name":"\u00c9ditions La Roupille, service d&#039;\u00e9dition","description":"La Roupille service d&#039;\u00e9ditions","publisher":{"@id":"https:\/\/laroupille.com\/editions\/#organization"},"potentialAction":[{"@type":"SearchAction","target":{"@type":"EntryPoint","urlTemplate":"https:\/\/laroupille.com\/editions\/?s={search_term_string}"},"query-input":{"@type":"PropertyValueSpecification","valueRequired":true,"valueName":"search_term_string"}}],"inLanguage":"fr-FR"},{"@type":"Organization","@id":"https:\/\/laroupille.com\/editions\/#organization","name":"La Roupille","url":"https:\/\/laroupille.com\/editions\/","logo":{"@type":"ImageObject","inLanguage":"fr-FR","@id":"https:\/\/laroupille.com\/editions\/#\/schema\/logo\/image\/","url":"https:\/\/laroupille.com\/editions\/wp-content\/uploads\/2021\/02\/logo-laroupille-big.png","contentUrl":"https:\/\/laroupille.com\/editions\/wp-content\/uploads\/2021\/02\/logo-laroupille-big.png","width":294,"height":130,"caption":"La Roupille"},"image":{"@id":"https:\/\/laroupille.com\/editions\/#\/schema\/logo\/image\/"},"sameAs":["https:\/\/facebook.com\/laroupille","https:\/\/www.instagram.com\/editionslaroupille\/"]}]}},"jetpack_sharing_enabled":true,"_links":{"self":[{"href":"https:\/\/laroupille.com\/editions\/wp-json\/wp\/v2\/product\/1383","targetHints":{"allow":["GET"]}}],"collection":[{"href":"https:\/\/laroupille.com\/editions\/wp-json\/wp\/v2\/product"}],"about":[{"href":"https:\/\/laroupille.com\/editions\/wp-json\/wp\/v2\/types\/product"}],"replies":[{"embeddable":true,"href":"https:\/\/laroupille.com\/editions\/wp-json\/wp\/v2\/comments?post=1383"}],"wp:featuredmedia":[{"embeddable":true,"href":"https:\/\/laroupille.com\/editions\/wp-json\/wp\/v2\/media\/1943"}],"wp:attachment":[{"href":"https:\/\/laroupille.com\/editions\/wp-json\/wp\/v2\/media?parent=1383"}],"wp:term":[{"taxonomy":"product_brand","embeddable":true,"href":"https:\/\/laroupille.com\/editions\/wp-json\/wp\/v2\/product_brand?post=1383"},{"taxonomy":"product_cat","embeddable":true,"href":"https:\/\/laroupille.com\/editions\/wp-json\/wp\/v2\/product_cat?post=1383"},{"taxonomy":"product_tag","embeddable":true,"href":"https:\/\/laroupille.com\/editions\/wp-json\/wp\/v2\/product_tag?post=1383"}],"curies":[{"name":"wp","href":"https:\/\/api.w.org\/{rel}","templated":true}]}}