{"id":1390,"date":"2021-01-29T13:06:42","date_gmt":"2021-01-29T18:06:42","guid":{"rendered":"https:\/\/laroupille.com\/editions\/?post_type=product&#038;p=1390"},"modified":"2024-02-20T16:38:11","modified_gmt":"2024-02-20T21:38:11","slug":"tranches-de-vie","status":"publish","type":"product","link":"https:\/\/laroupille.com\/editions\/product\/tranches-de-vie\/","title":{"rendered":"Tranches de vie"},"content":{"rendered":"<p>Ces r\u00e9cits qui parcourent le Qu\u00e9bec vous feront tour \u00e0 tour sourire ou r\u00e9fl\u00e9chir, sursauter ou r\u00eaver\u2026<\/p>\n","protected":false},"excerpt":{"rendered":"<p>Autrice : <a href=\"https:\/\/laroupille.com\/editions\/auteurs\/#marie-claude-jouvet\">Marie-Claude Jouvet<\/a><br \/>\nArtiste peintre : Kim Veilleux<\/p>\n<p>Qui de l\u2019artiste peintre ou de l\u2019\u00e9crivaine, a inspir\u00e9 l\u2019autre? Devinez-le \u00e0 travers ces douze tranches de vie assez fantaisistes, mais souvent teint\u00e9es de r\u00e9alisme.<\/p>\n<p>Chaque histoire vous fera vivre des moments tout simplement magiques au rythme des mots de l\u2019auteure Marie-Claude Jouvet et aux couleurs des tableaux de l\u2019artiste peintre, Kim Veilleux. Laissez-vous captiver par des th\u00e8mes d\u2019actualit\u00e9 et des anecdotes r\u00e9gionales.<\/p>\n<p>Ces r\u00e9cits qui parcourent le Qu\u00e9bec vous feront tour \u00e0 tour sourire ou r\u00e9fl\u00e9chir, sursauter ou r\u00eaver\u2026<\/p>\n","protected":false},"featured_media":1910,"comment_status":"open","ping_status":"closed","template":"","meta":[],"product_brand":[],"product_cat":[15],"product_tag":[117,118],"class_list":{"0":"post-1390","1":"product","2":"type-product","3":"status-publish","4":"has-post-thumbnail","6":"product_cat-tous-livres-epuises","7":"product_tag-marie-claude-jouvet","8":"product_tag-tranches-de-vie","9":"product_shipping_class-forfait","11":"first","12":"outofstock","13":"taxable","14":"shipping-taxable","15":"purchasable","16":"product-type-simple"},"yoast_head":"<!-- This site is optimized with the Yoast SEO plugin v27.4 - https:\/\/yoast.com\/product\/yoast-seo-wordpress\/ -->\n<title>Tranches de vie - \u00c9ditions La Roupille, service d&#039;\u00e9dition<\/title>\n<meta name=\"robots\" content=\"index, follow, max-snippet:-1, max-image-preview:large, max-video-preview:-1\" \/>\n<link rel=\"canonical\" href=\"https:\/\/laroupille.com\/editions\/product\/tranches-de-vie\/\" \/>\n<meta property=\"og:locale\" content=\"fr_FR\" \/>\n<meta property=\"og:type\" content=\"article\" \/>\n<meta property=\"og:title\" content=\"Tranches de vie - \u00c9ditions La Roupille, service d&#039;\u00e9dition\" \/>\n<meta property=\"og:description\" content=\"Autrice : Marie-Claude Jouvet Artiste peintre : Kim Veilleux  Qui de l\u2019artiste peintre ou de l\u2019\u00e9crivaine, a inspir\u00e9 l\u2019autre? Devinez-le \u00e0 travers ces douze tranches de vie assez fantaisistes, mais souvent teint\u00e9es de r\u00e9alisme.  Chaque histoire vous fera vivre des moments tout simplement magiques au rythme des mots de l\u2019auteure Marie-Claude Jouvet et aux couleurs des tableaux de l\u2019artiste peintre, Kim Veilleux. Laissez-vous captiver par des th\u00e8mes d\u2019actualit\u00e9 et des anecdotes r\u00e9gionales.  Ces r\u00e9cits qui parcourent le Qu\u00e9bec vous feront tour \u00e0 tour sourire ou r\u00e9fl\u00e9chir, sursauter ou r\u00eaver\u2026\" \/>\n<meta property=\"og:url\" content=\"https:\/\/laroupille.com\/editions\/product\/tranches-de-vie\/\" \/>\n<meta property=\"og:site_name\" content=\"\u00c9ditions La Roupille, service d&#039;\u00e9dition\" \/>\n<meta property=\"article:publisher\" content=\"https:\/\/facebook.com\/laroupille\" \/>\n<meta property=\"article:modified_time\" content=\"2024-02-20T21:38:11+00:00\" \/>\n<meta property=\"og:image\" content=\"https:\/\/laroupille.com\/editions\/wp-content\/uploads\/2021\/01\/tranches-de-vie-300x300-1.jpg\" \/>\n\t<meta property=\"og:image:width\" content=\"300\" \/>\n\t<meta property=\"og:image:height\" content=\"300\" \/>\n\t<meta property=\"og:image:type\" content=\"image\/jpeg\" \/>\n<meta name=\"twitter:card\" content=\"summary_large_image\" \/>\n<script type=\"application\/ld+json\" class=\"yoast-schema-graph\">{\"@context\":\"https:\\\/\\\/schema.org\",\"@graph\":[{\"@type\":\"WebPage\",\"@id\":\"https:\\\/\\\/laroupille.com\\\/editions\\\/product\\\/tranches-de-vie\\\/\",\"url\":\"https:\\\/\\\/laroupille.com\\\/editions\\\/product\\\/tranches-de-vie\\\/\",\"name\":\"Tranches de vie - \u00c9ditions La Roupille, service d&#039;\u00e9dition\",\"isPartOf\":{\"@id\":\"https:\\\/\\\/laroupille.com\\\/editions\\\/#website\"},\"primaryImageOfPage\":{\"@id\":\"https:\\\/\\\/laroupille.com\\\/editions\\\/product\\\/tranches-de-vie\\\/#primaryimage\"},\"image\":{\"@id\":\"https:\\\/\\\/laroupille.com\\\/editions\\\/product\\\/tranches-de-vie\\\/#primaryimage\"},\"thumbnailUrl\":\"https:\\\/\\\/laroupille.com\\\/editions\\\/wp-content\\\/uploads\\\/2021\\\/01\\\/tranches-de-vie-300x300-1.jpg\",\"datePublished\":\"2021-01-29T18:06:42+00:00\",\"dateModified\":\"2024-02-20T21:38:11+00:00\",\"breadcrumb\":{\"@id\":\"https:\\\/\\\/laroupille.com\\\/editions\\\/product\\\/tranches-de-vie\\\/#breadcrumb\"},\"inLanguage\":\"fr-FR\",\"potentialAction\":[{\"@type\":\"ReadAction\",\"target\":[\"https:\\\/\\\/laroupille.com\\\/editions\\\/product\\\/tranches-de-vie\\\/\"]}]},{\"@type\":\"ImageObject\",\"inLanguage\":\"fr-FR\",\"@id\":\"https:\\\/\\\/laroupille.com\\\/editions\\\/product\\\/tranches-de-vie\\\/#primaryimage\",\"url\":\"https:\\\/\\\/laroupille.com\\\/editions\\\/wp-content\\\/uploads\\\/2021\\\/01\\\/tranches-de-vie-300x300-1.jpg\",\"contentUrl\":\"https:\\\/\\\/laroupille.com\\\/editions\\\/wp-content\\\/uploads\\\/2021\\\/01\\\/tranches-de-vie-300x300-1.jpg\",\"width\":300,\"height\":300,\"caption\":\"Tranches de vie de Marie-Claude Jouvet\"},{\"@type\":\"BreadcrumbList\",\"@id\":\"https:\\\/\\\/laroupille.com\\\/editions\\\/product\\\/tranches-de-vie\\\/#breadcrumb\",\"itemListElement\":[{\"@type\":\"ListItem\",\"position\":1,\"name\":\"Accueil\",\"item\":\"https:\\\/\\\/laroupille.com\\\/editions\\\/\"},{\"@type\":\"ListItem\",\"position\":2,\"name\":\"Catalogue\",\"item\":\"https:\\\/\\\/laroupille.com\\\/editions\\\/catalogue\\\/\"},{\"@type\":\"ListItem\",\"position\":3,\"name\":\"Tranches de vie\"}]},{\"@type\":\"WebSite\",\"@id\":\"https:\\\/\\\/laroupille.com\\\/editions\\\/#website\",\"url\":\"https:\\\/\\\/laroupille.com\\\/editions\\\/\",\"name\":\"\u00c9ditions La Roupille, service d&#039;\u00e9dition\",\"description\":\"La Roupille service d&#039;\u00e9ditions\",\"publisher\":{\"@id\":\"https:\\\/\\\/laroupille.com\\\/editions\\\/#organization\"},\"potentialAction\":[{\"@type\":\"SearchAction\",\"target\":{\"@type\":\"EntryPoint\",\"urlTemplate\":\"https:\\\/\\\/laroupille.com\\\/editions\\\/?s={search_term_string}\"},\"query-input\":{\"@type\":\"PropertyValueSpecification\",\"valueRequired\":true,\"valueName\":\"search_term_string\"}}],\"inLanguage\":\"fr-FR\"},{\"@type\":\"Organization\",\"@id\":\"https:\\\/\\\/laroupille.com\\\/editions\\\/#organization\",\"name\":\"La Roupille\",\"url\":\"https:\\\/\\\/laroupille.com\\\/editions\\\/\",\"logo\":{\"@type\":\"ImageObject\",\"inLanguage\":\"fr-FR\",\"@id\":\"https:\\\/\\\/laroupille.com\\\/editions\\\/#\\\/schema\\\/logo\\\/image\\\/\",\"url\":\"https:\\\/\\\/laroupille.com\\\/editions\\\/wp-content\\\/uploads\\\/2021\\\/02\\\/logo-laroupille-big.png\",\"contentUrl\":\"https:\\\/\\\/laroupille.com\\\/editions\\\/wp-content\\\/uploads\\\/2021\\\/02\\\/logo-laroupille-big.png\",\"width\":294,\"height\":130,\"caption\":\"La Roupille\"},\"image\":{\"@id\":\"https:\\\/\\\/laroupille.com\\\/editions\\\/#\\\/schema\\\/logo\\\/image\\\/\"},\"sameAs\":[\"https:\\\/\\\/facebook.com\\\/laroupille\",\"https:\\\/\\\/www.instagram.com\\\/editionslaroupille\\\/\"]}]}<\/script>\n<!-- \/ Yoast SEO plugin. -->","yoast_head_json":{"title":"Tranches de vie - \u00c9ditions La Roupille, service d&#039;\u00e9dition","robots":{"index":"index","follow":"follow","max-snippet":"max-snippet:-1","max-image-preview":"max-image-preview:large","max-video-preview":"max-video-preview:-1"},"canonical":"https:\/\/laroupille.com\/editions\/product\/tranches-de-vie\/","og_locale":"fr_FR","og_type":"article","og_title":"Tranches de vie - \u00c9ditions La Roupille, service d&#039;\u00e9dition","og_description":"Autrice : Marie-Claude Jouvet Artiste peintre : Kim Veilleux  Qui de l\u2019artiste peintre ou de l\u2019\u00e9crivaine, a inspir\u00e9 l\u2019autre? Devinez-le \u00e0 travers ces douze tranches de vie assez fantaisistes, mais souvent teint\u00e9es de r\u00e9alisme.  Chaque histoire vous fera vivre des moments tout simplement magiques au rythme des mots de l\u2019auteure Marie-Claude Jouvet et aux couleurs des tableaux de l\u2019artiste peintre, Kim Veilleux. Laissez-vous captiver par des th\u00e8mes d\u2019actualit\u00e9 et des anecdotes r\u00e9gionales.  Ces r\u00e9cits qui parcourent le Qu\u00e9bec vous feront tour \u00e0 tour sourire ou r\u00e9fl\u00e9chir, sursauter ou r\u00eaver\u2026","og_url":"https:\/\/laroupille.com\/editions\/product\/tranches-de-vie\/","og_site_name":"\u00c9ditions La Roupille, service d&#039;\u00e9dition","article_publisher":"https:\/\/facebook.com\/laroupille","article_modified_time":"2024-02-20T21:38:11+00:00","og_image":[{"width":300,"height":300,"url":"https:\/\/laroupille.com\/editions\/wp-content\/uploads\/2021\/01\/tranches-de-vie-300x300-1.jpg","type":"image\/jpeg"}],"twitter_card":"summary_large_image","schema":{"@context":"https:\/\/schema.org","@graph":[{"@type":"WebPage","@id":"https:\/\/laroupille.com\/editions\/product\/tranches-de-vie\/","url":"https:\/\/laroupille.com\/editions\/product\/tranches-de-vie\/","name":"Tranches de vie - \u00c9ditions La Roupille, service d&#039;\u00e9dition","isPartOf":{"@id":"https:\/\/laroupille.com\/editions\/#website"},"primaryImageOfPage":{"@id":"https:\/\/laroupille.com\/editions\/product\/tranches-de-vie\/#primaryimage"},"image":{"@id":"https:\/\/laroupille.com\/editions\/product\/tranches-de-vie\/#primaryimage"},"thumbnailUrl":"https:\/\/laroupille.com\/editions\/wp-content\/uploads\/2021\/01\/tranches-de-vie-300x300-1.jpg","datePublished":"2021-01-29T18:06:42+00:00","dateModified":"2024-02-20T21:38:11+00:00","breadcrumb":{"@id":"https:\/\/laroupille.com\/editions\/product\/tranches-de-vie\/#breadcrumb"},"inLanguage":"fr-FR","potentialAction":[{"@type":"ReadAction","target":["https:\/\/laroupille.com\/editions\/product\/tranches-de-vie\/"]}]},{"@type":"ImageObject","inLanguage":"fr-FR","@id":"https:\/\/laroupille.com\/editions\/product\/tranches-de-vie\/#primaryimage","url":"https:\/\/laroupille.com\/editions\/wp-content\/uploads\/2021\/01\/tranches-de-vie-300x300-1.jpg","contentUrl":"https:\/\/laroupille.com\/editions\/wp-content\/uploads\/2021\/01\/tranches-de-vie-300x300-1.jpg","width":300,"height":300,"caption":"Tranches de vie de Marie-Claude Jouvet"},{"@type":"BreadcrumbList","@id":"https:\/\/laroupille.com\/editions\/product\/tranches-de-vie\/#breadcrumb","itemListElement":[{"@type":"ListItem","position":1,"name":"Accueil","item":"https:\/\/laroupille.com\/editions\/"},{"@type":"ListItem","position":2,"name":"Catalogue","item":"https:\/\/laroupille.com\/editions\/catalogue\/"},{"@type":"ListItem","position":3,"name":"Tranches de vie"}]},{"@type":"WebSite","@id":"https:\/\/laroupille.com\/editions\/#website","url":"https:\/\/laroupille.com\/editions\/","name":"\u00c9ditions La Roupille, service d&#039;\u00e9dition","description":"La Roupille service d&#039;\u00e9ditions","publisher":{"@id":"https:\/\/laroupille.com\/editions\/#organization"},"potentialAction":[{"@type":"SearchAction","target":{"@type":"EntryPoint","urlTemplate":"https:\/\/laroupille.com\/editions\/?s={search_term_string}"},"query-input":{"@type":"PropertyValueSpecification","valueRequired":true,"valueName":"search_term_string"}}],"inLanguage":"fr-FR"},{"@type":"Organization","@id":"https:\/\/laroupille.com\/editions\/#organization","name":"La Roupille","url":"https:\/\/laroupille.com\/editions\/","logo":{"@type":"ImageObject","inLanguage":"fr-FR","@id":"https:\/\/laroupille.com\/editions\/#\/schema\/logo\/image\/","url":"https:\/\/laroupille.com\/editions\/wp-content\/uploads\/2021\/02\/logo-laroupille-big.png","contentUrl":"https:\/\/laroupille.com\/editions\/wp-content\/uploads\/2021\/02\/logo-laroupille-big.png","width":294,"height":130,"caption":"La Roupille"},"image":{"@id":"https:\/\/laroupille.com\/editions\/#\/schema\/logo\/image\/"},"sameAs":["https:\/\/facebook.com\/laroupille","https:\/\/www.instagram.com\/editionslaroupille\/"]}]}},"jetpack_sharing_enabled":true,"_links":{"self":[{"href":"https:\/\/laroupille.com\/editions\/wp-json\/wp\/v2\/product\/1390","targetHints":{"allow":["GET"]}}],"collection":[{"href":"https:\/\/laroupille.com\/editions\/wp-json\/wp\/v2\/product"}],"about":[{"href":"https:\/\/laroupille.com\/editions\/wp-json\/wp\/v2\/types\/product"}],"replies":[{"embeddable":true,"href":"https:\/\/laroupille.com\/editions\/wp-json\/wp\/v2\/comments?post=1390"}],"wp:featuredmedia":[{"embeddable":true,"href":"https:\/\/laroupille.com\/editions\/wp-json\/wp\/v2\/media\/1910"}],"wp:attachment":[{"href":"https:\/\/laroupille.com\/editions\/wp-json\/wp\/v2\/media?parent=1390"}],"wp:term":[{"taxonomy":"product_brand","embeddable":true,"href":"https:\/\/laroupille.com\/editions\/wp-json\/wp\/v2\/product_brand?post=1390"},{"taxonomy":"product_cat","embeddable":true,"href":"https:\/\/laroupille.com\/editions\/wp-json\/wp\/v2\/product_cat?post=1390"},{"taxonomy":"product_tag","embeddable":true,"href":"https:\/\/laroupille.com\/editions\/wp-json\/wp\/v2\/product_tag?post=1390"}],"curies":[{"name":"wp","href":"https:\/\/api.w.org\/{rel}","templated":true}]}}