{"id":1392,"date":"2021-01-29T13:22:19","date_gmt":"2021-01-29T18:22:19","guid":{"rendered":"https:\/\/laroupille.com\/editions\/?post_type=product&#038;p=1392"},"modified":"2024-10-14T15:16:57","modified_gmt":"2024-10-14T19:16:57","slug":"du-paillis-plein-les-souliers","status":"publish","type":"product","link":"https:\/\/laroupille.com\/editions\/product\/du-paillis-plein-les-souliers\/","title":{"rendered":"Du paillis plein les souliers"},"content":{"rendered":"<p><strong>Carnet po\u00e9tique \u00e0 lire entre deux brass\u00e9es<\/strong><\/p>\n<p>Une po\u00e9sie accessible, ouverte et ludique. Un carnet dans lequel culbutent po\u00e9sie, narration et images. S\u2019y amalgament toutes les \u00e9motions contenues dans le r\u00f4le de parent.<\/p>\n","protected":false},"excerpt":{"rendered":"<p>Autrice : <a href=\"https:\/\/laroupille.com\/editions\/auteurs\/#marie-pier-deschenes\">Marie-Pier Desch\u00eanes<\/a><\/p>\n<p>Avoir des enfants c&#8217;est continuer d&#8217;\u00e9couter les dessins anim\u00e9s m\u00eame quand ils sont partis c&#8217;est aimer brillants, plumes et tout ce qui tache.<br \/>\nAvoir des enfants c&#8217;est aller aux toilettes la nuit et s&#8217;asseoir sur un si\u00e8ge de flash Mcqueen c&#8217;est surtout un \u00ab je t&#8217;aime maman \u00bb lanc\u00e9 d&#8217;une pi\u00e8ce \u00e0 l\u2019autre entre deux courses de camions.<\/p>\n<p>Une po\u00e9sie accessible, ouverte et ludique. Un carnet dans lequel culbutent po\u00e9sie, narration et images. S\u2019y amalgament toutes les \u00e9motions contenues dans le r\u00f4le de parent.<\/p>\n<p>&nbsp;<\/p>\n<h4><\/h4>\n","protected":false},"featured_media":2448,"comment_status":"open","ping_status":"closed","template":"","meta":[],"product_brand":[],"product_cat":[73,80,49],"product_tag":[119,120],"class_list":{"0":"post-1392","1":"product","2":"type-product","3":"status-publish","4":"has-post-thumbnail","6":"product_cat-adulte","7":"product_cat-tous-age-adulte","8":"product_cat-tous-les-livres","9":"product_tag-du-paillis-plein-les-souliers","10":"product_tag-marie-pier-deschenes","11":"product_shipping_class-forfait","13":"first","14":"instock","15":"taxable","16":"shipping-taxable","17":"purchasable","18":"product-type-simple"},"yoast_head":"<!-- This site is optimized with the Yoast SEO plugin v27.4 - https:\/\/yoast.com\/product\/yoast-seo-wordpress\/ -->\n<title>Du paillis plein les souliers - \u00c9ditions La Roupille, service d&#039;\u00e9dition<\/title>\n<meta name=\"robots\" content=\"index, follow, max-snippet:-1, max-image-preview:large, max-video-preview:-1\" \/>\n<link rel=\"canonical\" href=\"https:\/\/laroupille.com\/editions\/product\/du-paillis-plein-les-souliers\/\" \/>\n<meta property=\"og:locale\" content=\"fr_FR\" \/>\n<meta property=\"og:type\" content=\"article\" \/>\n<meta property=\"og:title\" content=\"Du paillis plein les souliers - \u00c9ditions La Roupille, service d&#039;\u00e9dition\" \/>\n<meta property=\"og:description\" content=\"Autrice : Marie-Pier Desch\u00eanes  Avoir des enfants c&#039;est continuer d&#039;\u00e9couter les dessins anim\u00e9s m\u00eame quand ils sont partis c&#039;est aimer brillants, plumes et tout ce qui tache. Avoir des enfants c&#039;est aller aux toilettes la nuit et s&#039;asseoir sur un si\u00e8ge de flash Mcqueen c&#039;est surtout un \u00ab je t&#039;aime maman \u00bb lanc\u00e9 d&#039;une pi\u00e8ce \u00e0 l\u2019autre entre deux courses de camions.  Une po\u00e9sie accessible, ouverte et ludique. Un carnet dans lequel culbutent po\u00e9sie, narration et images. S\u2019y amalgament toutes les \u00e9motions contenues dans le r\u00f4le de parent.  &nbsp;\" \/>\n<meta property=\"og:url\" content=\"https:\/\/laroupille.com\/editions\/product\/du-paillis-plein-les-souliers\/\" \/>\n<meta property=\"og:site_name\" content=\"\u00c9ditions La Roupille, service d&#039;\u00e9dition\" \/>\n<meta property=\"article:publisher\" content=\"https:\/\/facebook.com\/laroupille\" \/>\n<meta property=\"article:modified_time\" content=\"2024-10-14T19:16:57+00:00\" \/>\n<meta property=\"og:image\" content=\"https:\/\/laroupille.com\/editions\/wp-content\/uploads\/2021\/01\/paillis_2023.jpg\" \/>\n\t<meta property=\"og:image:width\" content=\"1000\" \/>\n\t<meta property=\"og:image:height\" content=\"1366\" \/>\n\t<meta property=\"og:image:type\" content=\"image\/jpeg\" \/>\n<meta name=\"twitter:card\" content=\"summary_large_image\" \/>\n<script type=\"application\/ld+json\" class=\"yoast-schema-graph\">{\"@context\":\"https:\\\/\\\/schema.org\",\"@graph\":[{\"@type\":\"WebPage\",\"@id\":\"https:\\\/\\\/laroupille.com\\\/editions\\\/product\\\/du-paillis-plein-les-souliers\\\/\",\"url\":\"https:\\\/\\\/laroupille.com\\\/editions\\\/product\\\/du-paillis-plein-les-souliers\\\/\",\"name\":\"Du paillis plein les souliers - \u00c9ditions La Roupille, service d&#039;\u00e9dition\",\"isPartOf\":{\"@id\":\"https:\\\/\\\/laroupille.com\\\/editions\\\/#website\"},\"primaryImageOfPage\":{\"@id\":\"https:\\\/\\\/laroupille.com\\\/editions\\\/product\\\/du-paillis-plein-les-souliers\\\/#primaryimage\"},\"image\":{\"@id\":\"https:\\\/\\\/laroupille.com\\\/editions\\\/product\\\/du-paillis-plein-les-souliers\\\/#primaryimage\"},\"thumbnailUrl\":\"https:\\\/\\\/laroupille.com\\\/editions\\\/wp-content\\\/uploads\\\/2021\\\/01\\\/paillis_2023.jpg\",\"datePublished\":\"2021-01-29T18:22:19+00:00\",\"dateModified\":\"2024-10-14T19:16:57+00:00\",\"breadcrumb\":{\"@id\":\"https:\\\/\\\/laroupille.com\\\/editions\\\/product\\\/du-paillis-plein-les-souliers\\\/#breadcrumb\"},\"inLanguage\":\"fr-FR\",\"potentialAction\":[{\"@type\":\"ReadAction\",\"target\":[\"https:\\\/\\\/laroupille.com\\\/editions\\\/product\\\/du-paillis-plein-les-souliers\\\/\"]}]},{\"@type\":\"ImageObject\",\"inLanguage\":\"fr-FR\",\"@id\":\"https:\\\/\\\/laroupille.com\\\/editions\\\/product\\\/du-paillis-plein-les-souliers\\\/#primaryimage\",\"url\":\"https:\\\/\\\/laroupille.com\\\/editions\\\/wp-content\\\/uploads\\\/2021\\\/01\\\/paillis_2023.jpg\",\"contentUrl\":\"https:\\\/\\\/laroupille.com\\\/editions\\\/wp-content\\\/uploads\\\/2021\\\/01\\\/paillis_2023.jpg\",\"width\":1000,\"height\":1366},{\"@type\":\"BreadcrumbList\",\"@id\":\"https:\\\/\\\/laroupille.com\\\/editions\\\/product\\\/du-paillis-plein-les-souliers\\\/#breadcrumb\",\"itemListElement\":[{\"@type\":\"ListItem\",\"position\":1,\"name\":\"Accueil\",\"item\":\"https:\\\/\\\/laroupille.com\\\/editions\\\/\"},{\"@type\":\"ListItem\",\"position\":2,\"name\":\"Catalogue\",\"item\":\"https:\\\/\\\/laroupille.com\\\/editions\\\/catalogue\\\/\"},{\"@type\":\"ListItem\",\"position\":3,\"name\":\"Du paillis plein les souliers\"}]},{\"@type\":\"WebSite\",\"@id\":\"https:\\\/\\\/laroupille.com\\\/editions\\\/#website\",\"url\":\"https:\\\/\\\/laroupille.com\\\/editions\\\/\",\"name\":\"\u00c9ditions La Roupille, service d&#039;\u00e9dition\",\"description\":\"La Roupille service d&#039;\u00e9ditions\",\"publisher\":{\"@id\":\"https:\\\/\\\/laroupille.com\\\/editions\\\/#organization\"},\"potentialAction\":[{\"@type\":\"SearchAction\",\"target\":{\"@type\":\"EntryPoint\",\"urlTemplate\":\"https:\\\/\\\/laroupille.com\\\/editions\\\/?s={search_term_string}\"},\"query-input\":{\"@type\":\"PropertyValueSpecification\",\"valueRequired\":true,\"valueName\":\"search_term_string\"}}],\"inLanguage\":\"fr-FR\"},{\"@type\":\"Organization\",\"@id\":\"https:\\\/\\\/laroupille.com\\\/editions\\\/#organization\",\"name\":\"La Roupille\",\"url\":\"https:\\\/\\\/laroupille.com\\\/editions\\\/\",\"logo\":{\"@type\":\"ImageObject\",\"inLanguage\":\"fr-FR\",\"@id\":\"https:\\\/\\\/laroupille.com\\\/editions\\\/#\\\/schema\\\/logo\\\/image\\\/\",\"url\":\"https:\\\/\\\/laroupille.com\\\/editions\\\/wp-content\\\/uploads\\\/2021\\\/02\\\/logo-laroupille-big.png\",\"contentUrl\":\"https:\\\/\\\/laroupille.com\\\/editions\\\/wp-content\\\/uploads\\\/2021\\\/02\\\/logo-laroupille-big.png\",\"width\":294,\"height\":130,\"caption\":\"La Roupille\"},\"image\":{\"@id\":\"https:\\\/\\\/laroupille.com\\\/editions\\\/#\\\/schema\\\/logo\\\/image\\\/\"},\"sameAs\":[\"https:\\\/\\\/facebook.com\\\/laroupille\",\"https:\\\/\\\/www.instagram.com\\\/editionslaroupille\\\/\"]}]}<\/script>\n<!-- \/ Yoast SEO plugin. -->","yoast_head_json":{"title":"Du paillis plein les souliers - \u00c9ditions La Roupille, service d&#039;\u00e9dition","robots":{"index":"index","follow":"follow","max-snippet":"max-snippet:-1","max-image-preview":"max-image-preview:large","max-video-preview":"max-video-preview:-1"},"canonical":"https:\/\/laroupille.com\/editions\/product\/du-paillis-plein-les-souliers\/","og_locale":"fr_FR","og_type":"article","og_title":"Du paillis plein les souliers - \u00c9ditions La Roupille, service d&#039;\u00e9dition","og_description":"Autrice : Marie-Pier Desch\u00eanes  Avoir des enfants c'est continuer d'\u00e9couter les dessins anim\u00e9s m\u00eame quand ils sont partis c'est aimer brillants, plumes et tout ce qui tache. Avoir des enfants c'est aller aux toilettes la nuit et s'asseoir sur un si\u00e8ge de flash Mcqueen c'est surtout un \u00ab je t'aime maman \u00bb lanc\u00e9 d'une pi\u00e8ce \u00e0 l\u2019autre entre deux courses de camions.  Une po\u00e9sie accessible, ouverte et ludique. Un carnet dans lequel culbutent po\u00e9sie, narration et images. S\u2019y amalgament toutes les \u00e9motions contenues dans le r\u00f4le de parent.  &nbsp;","og_url":"https:\/\/laroupille.com\/editions\/product\/du-paillis-plein-les-souliers\/","og_site_name":"\u00c9ditions La Roupille, service d&#039;\u00e9dition","article_publisher":"https:\/\/facebook.com\/laroupille","article_modified_time":"2024-10-14T19:16:57+00:00","og_image":[{"width":1000,"height":1366,"url":"https:\/\/laroupille.com\/editions\/wp-content\/uploads\/2021\/01\/paillis_2023.jpg","type":"image\/jpeg"}],"twitter_card":"summary_large_image","schema":{"@context":"https:\/\/schema.org","@graph":[{"@type":"WebPage","@id":"https:\/\/laroupille.com\/editions\/product\/du-paillis-plein-les-souliers\/","url":"https:\/\/laroupille.com\/editions\/product\/du-paillis-plein-les-souliers\/","name":"Du paillis plein les souliers - \u00c9ditions La Roupille, service d&#039;\u00e9dition","isPartOf":{"@id":"https:\/\/laroupille.com\/editions\/#website"},"primaryImageOfPage":{"@id":"https:\/\/laroupille.com\/editions\/product\/du-paillis-plein-les-souliers\/#primaryimage"},"image":{"@id":"https:\/\/laroupille.com\/editions\/product\/du-paillis-plein-les-souliers\/#primaryimage"},"thumbnailUrl":"https:\/\/laroupille.com\/editions\/wp-content\/uploads\/2021\/01\/paillis_2023.jpg","datePublished":"2021-01-29T18:22:19+00:00","dateModified":"2024-10-14T19:16:57+00:00","breadcrumb":{"@id":"https:\/\/laroupille.com\/editions\/product\/du-paillis-plein-les-souliers\/#breadcrumb"},"inLanguage":"fr-FR","potentialAction":[{"@type":"ReadAction","target":["https:\/\/laroupille.com\/editions\/product\/du-paillis-plein-les-souliers\/"]}]},{"@type":"ImageObject","inLanguage":"fr-FR","@id":"https:\/\/laroupille.com\/editions\/product\/du-paillis-plein-les-souliers\/#primaryimage","url":"https:\/\/laroupille.com\/editions\/wp-content\/uploads\/2021\/01\/paillis_2023.jpg","contentUrl":"https:\/\/laroupille.com\/editions\/wp-content\/uploads\/2021\/01\/paillis_2023.jpg","width":1000,"height":1366},{"@type":"BreadcrumbList","@id":"https:\/\/laroupille.com\/editions\/product\/du-paillis-plein-les-souliers\/#breadcrumb","itemListElement":[{"@type":"ListItem","position":1,"name":"Accueil","item":"https:\/\/laroupille.com\/editions\/"},{"@type":"ListItem","position":2,"name":"Catalogue","item":"https:\/\/laroupille.com\/editions\/catalogue\/"},{"@type":"ListItem","position":3,"name":"Du paillis plein les souliers"}]},{"@type":"WebSite","@id":"https:\/\/laroupille.com\/editions\/#website","url":"https:\/\/laroupille.com\/editions\/","name":"\u00c9ditions La Roupille, service d&#039;\u00e9dition","description":"La Roupille service d&#039;\u00e9ditions","publisher":{"@id":"https:\/\/laroupille.com\/editions\/#organization"},"potentialAction":[{"@type":"SearchAction","target":{"@type":"EntryPoint","urlTemplate":"https:\/\/laroupille.com\/editions\/?s={search_term_string}"},"query-input":{"@type":"PropertyValueSpecification","valueRequired":true,"valueName":"search_term_string"}}],"inLanguage":"fr-FR"},{"@type":"Organization","@id":"https:\/\/laroupille.com\/editions\/#organization","name":"La Roupille","url":"https:\/\/laroupille.com\/editions\/","logo":{"@type":"ImageObject","inLanguage":"fr-FR","@id":"https:\/\/laroupille.com\/editions\/#\/schema\/logo\/image\/","url":"https:\/\/laroupille.com\/editions\/wp-content\/uploads\/2021\/02\/logo-laroupille-big.png","contentUrl":"https:\/\/laroupille.com\/editions\/wp-content\/uploads\/2021\/02\/logo-laroupille-big.png","width":294,"height":130,"caption":"La Roupille"},"image":{"@id":"https:\/\/laroupille.com\/editions\/#\/schema\/logo\/image\/"},"sameAs":["https:\/\/facebook.com\/laroupille","https:\/\/www.instagram.com\/editionslaroupille\/"]}]}},"jetpack_sharing_enabled":true,"_links":{"self":[{"href":"https:\/\/laroupille.com\/editions\/wp-json\/wp\/v2\/product\/1392","targetHints":{"allow":["GET"]}}],"collection":[{"href":"https:\/\/laroupille.com\/editions\/wp-json\/wp\/v2\/product"}],"about":[{"href":"https:\/\/laroupille.com\/editions\/wp-json\/wp\/v2\/types\/product"}],"replies":[{"embeddable":true,"href":"https:\/\/laroupille.com\/editions\/wp-json\/wp\/v2\/comments?post=1392"}],"wp:featuredmedia":[{"embeddable":true,"href":"https:\/\/laroupille.com\/editions\/wp-json\/wp\/v2\/media\/2448"}],"wp:attachment":[{"href":"https:\/\/laroupille.com\/editions\/wp-json\/wp\/v2\/media?parent=1392"}],"wp:term":[{"taxonomy":"product_brand","embeddable":true,"href":"https:\/\/laroupille.com\/editions\/wp-json\/wp\/v2\/product_brand?post=1392"},{"taxonomy":"product_cat","embeddable":true,"href":"https:\/\/laroupille.com\/editions\/wp-json\/wp\/v2\/product_cat?post=1392"},{"taxonomy":"product_tag","embeddable":true,"href":"https:\/\/laroupille.com\/editions\/wp-json\/wp\/v2\/product_tag?post=1392"}],"curies":[{"name":"wp","href":"https:\/\/api.w.org\/{rel}","templated":true}]}}