{"id":1394,"date":"2021-01-29T13:29:04","date_gmt":"2021-01-29T18:29:04","guid":{"rendered":"https:\/\/laroupille.com\/editions\/?post_type=product&#038;p=1394"},"modified":"2024-10-14T15:18:04","modified_gmt":"2024-10-14T19:18:04","slug":"se-choisir-pour-mieux-vivre-avec-la-douleur-chronique","status":"publish","type":"product","link":"https:\/\/laroupille.com\/editions\/product\/se-choisir-pour-mieux-vivre-avec-la-douleur-chronique\/","title":{"rendered":"Se choisir : Pour mieux vivre avec la douleur chronique"},"content":{"rendered":"<p>\u00ab Une bo\u00eete \u00e0 outils compl\u00e8te pour comprendre et apprivoiser la douleur chronique. \u00bb<\/p>\n<p>\u00ab D\u00e9couvrez une multitude de trucs, astuces, conseils et recettes pour jongler avec les aspects de votre vie et vivre chaque journ\u00e9e en harmonie avec vous-m\u00eame. \u00bb<\/p>\n<p>\u00ab Apprenez \u00e0 g\u00e9rer votre nouvelle r\u00e9alit\u00e9, sans perdre la t\u00eate! \u00bb<\/p>\n","protected":false},"excerpt":{"rendered":"<p>Autrice : <a href=\"https:\/\/laroupille.com\/editions\/auteurs\/#nathalie-godin\">Nathalie Godin<\/a><\/p>\n<p>Gr\u00e2ce \u00e0 son approche accessible et personnelle, l\u2019auteure, elle-m\u00eame atteinte de douleur chronique caus\u00e9e par la fibromyalgie, partage avec nous ses recherches, apprentissages et exp\u00e9riences des vingt derni\u00e8res ann\u00e9es. Elle nous propose une foule d\u2019astuces pour apprivoiser la souffrance au quotidien et apprendre \u00e0 s\u2019en faire une alli\u00e9e.<\/p>\n<p>\u00ab Une bo\u00eete \u00e0 outils compl\u00e8te pour comprendre et apprivoiser la douleur chronique. \u00bb<\/p>\n<p>\u00ab D\u00e9couvrez une multitude de trucs, astuces, conseils et recettes pour jongler avec les aspects de votre vie et vivre chaque journ\u00e9e en harmonie avec vous-m\u00eame. \u00bb<\/p>\n<p>\u00ab Apprenez \u00e0 g\u00e9rer votre nouvelle r\u00e9alit\u00e9, sans perdre la t\u00eate! \u00bb<\/p>\n","protected":false},"featured_media":1911,"comment_status":"open","ping_status":"closed","template":"","meta":[],"product_brand":[],"product_cat":[73,77,49],"product_tag":[122,121],"class_list":{"0":"post-1394","1":"product","2":"type-product","3":"status-publish","4":"has-post-thumbnail","6":"product_cat-adulte","7":"product_cat-sante-et-bien-etre","8":"product_cat-tous-les-livres","9":"product_tag-nathalie-godin","10":"product_tag-se-choisir-pour-mieux-vivre-avec-la-douleur-chronique","11":"product_shipping_class-forfait","13":"first","14":"instock","15":"taxable","16":"shipping-taxable","17":"purchasable","18":"product-type-simple"},"yoast_head":"<!-- This site is optimized with the Yoast SEO plugin v27.4 - https:\/\/yoast.com\/product\/yoast-seo-wordpress\/ -->\n<title>Se choisir : Pour mieux vivre avec la douleur chronique - \u00c9ditions La Roupille, service d&#039;\u00e9dition<\/title>\n<meta name=\"robots\" content=\"index, follow, max-snippet:-1, max-image-preview:large, max-video-preview:-1\" \/>\n<link rel=\"canonical\" href=\"https:\/\/laroupille.com\/editions\/product\/se-choisir-pour-mieux-vivre-avec-la-douleur-chronique\/\" \/>\n<meta property=\"og:locale\" content=\"fr_FR\" \/>\n<meta property=\"og:type\" content=\"article\" \/>\n<meta property=\"og:title\" content=\"Se choisir : Pour mieux vivre avec la douleur chronique - \u00c9ditions La Roupille, service d&#039;\u00e9dition\" \/>\n<meta property=\"og:description\" content=\"Autrice : Nathalie Godin  Gr\u00e2ce \u00e0 son approche accessible et personnelle, l\u2019auteure, elle-m\u00eame atteinte de douleur chronique caus\u00e9e par la fibromyalgie, partage avec nous ses recherches, apprentissages et exp\u00e9riences des vingt derni\u00e8res ann\u00e9es. Elle nous propose une foule d\u2019astuces pour apprivoiser la souffrance au quotidien et apprendre \u00e0 s\u2019en faire une alli\u00e9e.  \u00ab Une bo\u00eete \u00e0 outils compl\u00e8te pour comprendre et apprivoiser la douleur chronique. \u00bb  \u00ab D\u00e9couvrez une multitude de trucs, astuces, conseils et recettes pour jongler avec les aspects de votre vie et vivre chaque journ\u00e9e en harmonie avec vous-m\u00eame. \u00bb  \u00ab Apprenez \u00e0 g\u00e9rer votre nouvelle r\u00e9alit\u00e9, sans perdre la t\u00eate! \u00bb\" \/>\n<meta property=\"og:url\" content=\"https:\/\/laroupille.com\/editions\/product\/se-choisir-pour-mieux-vivre-avec-la-douleur-chronique\/\" \/>\n<meta property=\"og:site_name\" content=\"\u00c9ditions La Roupille, service d&#039;\u00e9dition\" \/>\n<meta property=\"article:publisher\" content=\"https:\/\/facebook.com\/laroupille\" \/>\n<meta property=\"article:modified_time\" content=\"2024-10-14T19:18:04+00:00\" \/>\n<meta property=\"og:image\" content=\"https:\/\/laroupille.com\/editions\/wp-content\/uploads\/2021\/01\/couverture-se-choisir-800x890-1.jpg\" \/>\n\t<meta property=\"og:image:width\" content=\"800\" \/>\n\t<meta property=\"og:image:height\" content=\"890\" \/>\n\t<meta property=\"og:image:type\" content=\"image\/jpeg\" \/>\n<meta name=\"twitter:card\" content=\"summary_large_image\" \/>\n<script type=\"application\/ld+json\" class=\"yoast-schema-graph\">{\"@context\":\"https:\\\/\\\/schema.org\",\"@graph\":[{\"@type\":\"WebPage\",\"@id\":\"https:\\\/\\\/laroupille.com\\\/editions\\\/product\\\/se-choisir-pour-mieux-vivre-avec-la-douleur-chronique\\\/\",\"url\":\"https:\\\/\\\/laroupille.com\\\/editions\\\/product\\\/se-choisir-pour-mieux-vivre-avec-la-douleur-chronique\\\/\",\"name\":\"Se choisir : Pour mieux vivre avec la douleur chronique - \u00c9ditions La Roupille, service d&#039;\u00e9dition\",\"isPartOf\":{\"@id\":\"https:\\\/\\\/laroupille.com\\\/editions\\\/#website\"},\"primaryImageOfPage\":{\"@id\":\"https:\\\/\\\/laroupille.com\\\/editions\\\/product\\\/se-choisir-pour-mieux-vivre-avec-la-douleur-chronique\\\/#primaryimage\"},\"image\":{\"@id\":\"https:\\\/\\\/laroupille.com\\\/editions\\\/product\\\/se-choisir-pour-mieux-vivre-avec-la-douleur-chronique\\\/#primaryimage\"},\"thumbnailUrl\":\"https:\\\/\\\/laroupille.com\\\/editions\\\/wp-content\\\/uploads\\\/2021\\\/01\\\/couverture-se-choisir-800x890-1.jpg\",\"datePublished\":\"2021-01-29T18:29:04+00:00\",\"dateModified\":\"2024-10-14T19:18:04+00:00\",\"breadcrumb\":{\"@id\":\"https:\\\/\\\/laroupille.com\\\/editions\\\/product\\\/se-choisir-pour-mieux-vivre-avec-la-douleur-chronique\\\/#breadcrumb\"},\"inLanguage\":\"fr-FR\",\"potentialAction\":[{\"@type\":\"ReadAction\",\"target\":[\"https:\\\/\\\/laroupille.com\\\/editions\\\/product\\\/se-choisir-pour-mieux-vivre-avec-la-douleur-chronique\\\/\"]}]},{\"@type\":\"ImageObject\",\"inLanguage\":\"fr-FR\",\"@id\":\"https:\\\/\\\/laroupille.com\\\/editions\\\/product\\\/se-choisir-pour-mieux-vivre-avec-la-douleur-chronique\\\/#primaryimage\",\"url\":\"https:\\\/\\\/laroupille.com\\\/editions\\\/wp-content\\\/uploads\\\/2021\\\/01\\\/couverture-se-choisir-800x890-1.jpg\",\"contentUrl\":\"https:\\\/\\\/laroupille.com\\\/editions\\\/wp-content\\\/uploads\\\/2021\\\/01\\\/couverture-se-choisir-800x890-1.jpg\",\"width\":800,\"height\":890,\"caption\":\"Se choisir de Nathalie Godin\"},{\"@type\":\"BreadcrumbList\",\"@id\":\"https:\\\/\\\/laroupille.com\\\/editions\\\/product\\\/se-choisir-pour-mieux-vivre-avec-la-douleur-chronique\\\/#breadcrumb\",\"itemListElement\":[{\"@type\":\"ListItem\",\"position\":1,\"name\":\"Accueil\",\"item\":\"https:\\\/\\\/laroupille.com\\\/editions\\\/\"},{\"@type\":\"ListItem\",\"position\":2,\"name\":\"Catalogue\",\"item\":\"https:\\\/\\\/laroupille.com\\\/editions\\\/catalogue\\\/\"},{\"@type\":\"ListItem\",\"position\":3,\"name\":\"Se choisir : Pour mieux vivre avec la douleur chronique\"}]},{\"@type\":\"WebSite\",\"@id\":\"https:\\\/\\\/laroupille.com\\\/editions\\\/#website\",\"url\":\"https:\\\/\\\/laroupille.com\\\/editions\\\/\",\"name\":\"\u00c9ditions La Roupille, service d&#039;\u00e9dition\",\"description\":\"La Roupille service d&#039;\u00e9ditions\",\"publisher\":{\"@id\":\"https:\\\/\\\/laroupille.com\\\/editions\\\/#organization\"},\"potentialAction\":[{\"@type\":\"SearchAction\",\"target\":{\"@type\":\"EntryPoint\",\"urlTemplate\":\"https:\\\/\\\/laroupille.com\\\/editions\\\/?s={search_term_string}\"},\"query-input\":{\"@type\":\"PropertyValueSpecification\",\"valueRequired\":true,\"valueName\":\"search_term_string\"}}],\"inLanguage\":\"fr-FR\"},{\"@type\":\"Organization\",\"@id\":\"https:\\\/\\\/laroupille.com\\\/editions\\\/#organization\",\"name\":\"La Roupille\",\"url\":\"https:\\\/\\\/laroupille.com\\\/editions\\\/\",\"logo\":{\"@type\":\"ImageObject\",\"inLanguage\":\"fr-FR\",\"@id\":\"https:\\\/\\\/laroupille.com\\\/editions\\\/#\\\/schema\\\/logo\\\/image\\\/\",\"url\":\"https:\\\/\\\/laroupille.com\\\/editions\\\/wp-content\\\/uploads\\\/2021\\\/02\\\/logo-laroupille-big.png\",\"contentUrl\":\"https:\\\/\\\/laroupille.com\\\/editions\\\/wp-content\\\/uploads\\\/2021\\\/02\\\/logo-laroupille-big.png\",\"width\":294,\"height\":130,\"caption\":\"La Roupille\"},\"image\":{\"@id\":\"https:\\\/\\\/laroupille.com\\\/editions\\\/#\\\/schema\\\/logo\\\/image\\\/\"},\"sameAs\":[\"https:\\\/\\\/facebook.com\\\/laroupille\",\"https:\\\/\\\/www.instagram.com\\\/editionslaroupille\\\/\"]}]}<\/script>\n<!-- \/ Yoast SEO plugin. -->","yoast_head_json":{"title":"Se choisir : Pour mieux vivre avec la douleur chronique - \u00c9ditions La Roupille, service d&#039;\u00e9dition","robots":{"index":"index","follow":"follow","max-snippet":"max-snippet:-1","max-image-preview":"max-image-preview:large","max-video-preview":"max-video-preview:-1"},"canonical":"https:\/\/laroupille.com\/editions\/product\/se-choisir-pour-mieux-vivre-avec-la-douleur-chronique\/","og_locale":"fr_FR","og_type":"article","og_title":"Se choisir : Pour mieux vivre avec la douleur chronique - \u00c9ditions La Roupille, service d&#039;\u00e9dition","og_description":"Autrice : Nathalie Godin  Gr\u00e2ce \u00e0 son approche accessible et personnelle, l\u2019auteure, elle-m\u00eame atteinte de douleur chronique caus\u00e9e par la fibromyalgie, partage avec nous ses recherches, apprentissages et exp\u00e9riences des vingt derni\u00e8res ann\u00e9es. Elle nous propose une foule d\u2019astuces pour apprivoiser la souffrance au quotidien et apprendre \u00e0 s\u2019en faire une alli\u00e9e.  \u00ab Une bo\u00eete \u00e0 outils compl\u00e8te pour comprendre et apprivoiser la douleur chronique. \u00bb  \u00ab D\u00e9couvrez une multitude de trucs, astuces, conseils et recettes pour jongler avec les aspects de votre vie et vivre chaque journ\u00e9e en harmonie avec vous-m\u00eame. \u00bb  \u00ab Apprenez \u00e0 g\u00e9rer votre nouvelle r\u00e9alit\u00e9, sans perdre la t\u00eate! \u00bb","og_url":"https:\/\/laroupille.com\/editions\/product\/se-choisir-pour-mieux-vivre-avec-la-douleur-chronique\/","og_site_name":"\u00c9ditions La Roupille, service d&#039;\u00e9dition","article_publisher":"https:\/\/facebook.com\/laroupille","article_modified_time":"2024-10-14T19:18:04+00:00","og_image":[{"width":800,"height":890,"url":"https:\/\/laroupille.com\/editions\/wp-content\/uploads\/2021\/01\/couverture-se-choisir-800x890-1.jpg","type":"image\/jpeg"}],"twitter_card":"summary_large_image","schema":{"@context":"https:\/\/schema.org","@graph":[{"@type":"WebPage","@id":"https:\/\/laroupille.com\/editions\/product\/se-choisir-pour-mieux-vivre-avec-la-douleur-chronique\/","url":"https:\/\/laroupille.com\/editions\/product\/se-choisir-pour-mieux-vivre-avec-la-douleur-chronique\/","name":"Se choisir : Pour mieux vivre avec la douleur chronique - \u00c9ditions La Roupille, service d&#039;\u00e9dition","isPartOf":{"@id":"https:\/\/laroupille.com\/editions\/#website"},"primaryImageOfPage":{"@id":"https:\/\/laroupille.com\/editions\/product\/se-choisir-pour-mieux-vivre-avec-la-douleur-chronique\/#primaryimage"},"image":{"@id":"https:\/\/laroupille.com\/editions\/product\/se-choisir-pour-mieux-vivre-avec-la-douleur-chronique\/#primaryimage"},"thumbnailUrl":"https:\/\/laroupille.com\/editions\/wp-content\/uploads\/2021\/01\/couverture-se-choisir-800x890-1.jpg","datePublished":"2021-01-29T18:29:04+00:00","dateModified":"2024-10-14T19:18:04+00:00","breadcrumb":{"@id":"https:\/\/laroupille.com\/editions\/product\/se-choisir-pour-mieux-vivre-avec-la-douleur-chronique\/#breadcrumb"},"inLanguage":"fr-FR","potentialAction":[{"@type":"ReadAction","target":["https:\/\/laroupille.com\/editions\/product\/se-choisir-pour-mieux-vivre-avec-la-douleur-chronique\/"]}]},{"@type":"ImageObject","inLanguage":"fr-FR","@id":"https:\/\/laroupille.com\/editions\/product\/se-choisir-pour-mieux-vivre-avec-la-douleur-chronique\/#primaryimage","url":"https:\/\/laroupille.com\/editions\/wp-content\/uploads\/2021\/01\/couverture-se-choisir-800x890-1.jpg","contentUrl":"https:\/\/laroupille.com\/editions\/wp-content\/uploads\/2021\/01\/couverture-se-choisir-800x890-1.jpg","width":800,"height":890,"caption":"Se choisir de Nathalie Godin"},{"@type":"BreadcrumbList","@id":"https:\/\/laroupille.com\/editions\/product\/se-choisir-pour-mieux-vivre-avec-la-douleur-chronique\/#breadcrumb","itemListElement":[{"@type":"ListItem","position":1,"name":"Accueil","item":"https:\/\/laroupille.com\/editions\/"},{"@type":"ListItem","position":2,"name":"Catalogue","item":"https:\/\/laroupille.com\/editions\/catalogue\/"},{"@type":"ListItem","position":3,"name":"Se choisir : Pour mieux vivre avec la douleur chronique"}]},{"@type":"WebSite","@id":"https:\/\/laroupille.com\/editions\/#website","url":"https:\/\/laroupille.com\/editions\/","name":"\u00c9ditions La Roupille, service d&#039;\u00e9dition","description":"La Roupille service d&#039;\u00e9ditions","publisher":{"@id":"https:\/\/laroupille.com\/editions\/#organization"},"potentialAction":[{"@type":"SearchAction","target":{"@type":"EntryPoint","urlTemplate":"https:\/\/laroupille.com\/editions\/?s={search_term_string}"},"query-input":{"@type":"PropertyValueSpecification","valueRequired":true,"valueName":"search_term_string"}}],"inLanguage":"fr-FR"},{"@type":"Organization","@id":"https:\/\/laroupille.com\/editions\/#organization","name":"La Roupille","url":"https:\/\/laroupille.com\/editions\/","logo":{"@type":"ImageObject","inLanguage":"fr-FR","@id":"https:\/\/laroupille.com\/editions\/#\/schema\/logo\/image\/","url":"https:\/\/laroupille.com\/editions\/wp-content\/uploads\/2021\/02\/logo-laroupille-big.png","contentUrl":"https:\/\/laroupille.com\/editions\/wp-content\/uploads\/2021\/02\/logo-laroupille-big.png","width":294,"height":130,"caption":"La Roupille"},"image":{"@id":"https:\/\/laroupille.com\/editions\/#\/schema\/logo\/image\/"},"sameAs":["https:\/\/facebook.com\/laroupille","https:\/\/www.instagram.com\/editionslaroupille\/"]}]}},"jetpack_sharing_enabled":true,"_links":{"self":[{"href":"https:\/\/laroupille.com\/editions\/wp-json\/wp\/v2\/product\/1394","targetHints":{"allow":["GET"]}}],"collection":[{"href":"https:\/\/laroupille.com\/editions\/wp-json\/wp\/v2\/product"}],"about":[{"href":"https:\/\/laroupille.com\/editions\/wp-json\/wp\/v2\/types\/product"}],"replies":[{"embeddable":true,"href":"https:\/\/laroupille.com\/editions\/wp-json\/wp\/v2\/comments?post=1394"}],"wp:featuredmedia":[{"embeddable":true,"href":"https:\/\/laroupille.com\/editions\/wp-json\/wp\/v2\/media\/1911"}],"wp:attachment":[{"href":"https:\/\/laroupille.com\/editions\/wp-json\/wp\/v2\/media?parent=1394"}],"wp:term":[{"taxonomy":"product_brand","embeddable":true,"href":"https:\/\/laroupille.com\/editions\/wp-json\/wp\/v2\/product_brand?post=1394"},{"taxonomy":"product_cat","embeddable":true,"href":"https:\/\/laroupille.com\/editions\/wp-json\/wp\/v2\/product_cat?post=1394"},{"taxonomy":"product_tag","embeddable":true,"href":"https:\/\/laroupille.com\/editions\/wp-json\/wp\/v2\/product_tag?post=1394"}],"curies":[{"name":"wp","href":"https:\/\/api.w.org\/{rel}","templated":true}]}}