{"id":1398,"date":"2021-01-29T14:14:31","date_gmt":"2021-01-29T19:14:31","guid":{"rendered":"https:\/\/laroupille.com\/editions\/?post_type=product&#038;p=1398"},"modified":"2024-08-27T10:15:43","modified_gmt":"2024-08-27T15:15:43","slug":"le-coeur-alchimiste","status":"publish","type":"product","link":"https:\/\/laroupille.com\/editions\/product\/le-coeur-alchimiste\/","title":{"rendered":"Le c\u0153ur alchimiste"},"content":{"rendered":"<p>D\u00e9couvrez comment, gr\u00e2ce \u00e0 la rencontre de la femme alchimiste, l\u2019auteure s\u2019est lib\u00e9r\u00e9e du fardeau des croyances, des m\u00e9moires et des jugements, tout autant que d\u2019une foule d\u2019\u00e9motions cristallis\u00e9es depuis plusieurs g\u00e9n\u00e9rations. Suivez-la jusqu\u2019\u00e0 la d\u00e9couverte de cet espace int\u00e9rieur de certitude absolue, ce lieu o\u00f9 l\u2019on savoure la pl\u00e9nitude de LA VIE.<\/p>\n","protected":false},"excerpt":{"rendered":"<p>Autrice : <a href=\"https:\/\/laroupille.com\/editions\/auteurs\/#annick-corriveau\">Annick Corriveau<\/a><br \/>\nIllustrations : Ren\u00e9 Rose Pelletier-Martineau<\/p>\n<p>Dans ce r\u00e9cit initiatique \u00e0 la fois sensible et riche en enseignements spirituels, l\u2019auteure d\u00e9peint son parcours qui, au terme d\u2019une prise de conscience, a fait ressortir de vieilles blessures enfouies depuis des lunes. \u00c0 la recherche de la gu\u00e9rison int\u00e9rieure, elle a finalement choisi de faire confiance \u00e0 son intuition. C\u2019est alors que le merveilleux pouvoir alchimique du c\u0153ur a chang\u00e9 sa destin\u00e9e.<\/p>\n<p>D\u00e9couvrez comment, gr\u00e2ce \u00e0 la rencontre de la femme alchimiste, l\u2019auteure s\u2019est lib\u00e9r\u00e9e du fardeau des croyances, des m\u00e9moires et des jugements, tout autant que d\u2019une foule d\u2019\u00e9motions cristallis\u00e9es depuis plusieurs g\u00e9n\u00e9rations. Suivez-la jusqu\u2019\u00e0 la d\u00e9couverte de cet espace int\u00e9rieur de certitude absolue, ce lieu o\u00f9 l\u2019on savoure la pl\u00e9nitude de LA VIE.<\/p>\n","protected":false},"featured_media":1933,"comment_status":"open","ping_status":"closed","template":"","meta":[],"product_brand":[],"product_cat":[73,78,49],"product_tag":[84,125],"class_list":{"0":"post-1398","1":"product","2":"type-product","3":"status-publish","4":"has-post-thumbnail","6":"product_cat-adulte","7":"product_cat-spiritualite","8":"product_cat-tous-les-livres","9":"product_tag-annick-corriveau","10":"product_tag-le-coeur-alchimiste","11":"product_shipping_class-forfait","13":"first","14":"instock","15":"taxable","16":"shipping-taxable","17":"purchasable","18":"product-type-simple"},"yoast_head":"<!-- This site is optimized with the Yoast SEO plugin v27.6 - https:\/\/yoast.com\/product\/yoast-seo-wordpress\/ -->\n<title>Le c\u0153ur alchimiste - \u00c9ditions La Roupille, service d&#039;\u00e9dition<\/title>\n<meta name=\"robots\" content=\"index, follow, max-snippet:-1, max-image-preview:large, max-video-preview:-1\" \/>\n<link rel=\"canonical\" href=\"https:\/\/laroupille.com\/editions\/product\/le-coeur-alchimiste\/\" \/>\n<meta property=\"og:locale\" content=\"fr_FR\" \/>\n<meta property=\"og:type\" content=\"article\" \/>\n<meta property=\"og:title\" content=\"Le c\u0153ur alchimiste - \u00c9ditions La Roupille, service d&#039;\u00e9dition\" \/>\n<meta property=\"og:description\" content=\"Autrice : Annick Corriveau Illustrations : Ren\u00e9 Rose Pelletier-Martineau  Dans ce r\u00e9cit initiatique \u00e0 la fois sensible et riche en enseignements spirituels, l\u2019auteure d\u00e9peint son parcours qui, au terme d\u2019une prise de conscience, a fait ressortir de vieilles blessures enfouies depuis des lunes. \u00c0 la recherche de la gu\u00e9rison int\u00e9rieure, elle a finalement choisi de faire confiance \u00e0 son intuition. C\u2019est alors que le merveilleux pouvoir alchimique du c\u0153ur a chang\u00e9 sa destin\u00e9e.  D\u00e9couvrez comment, gr\u00e2ce \u00e0 la rencontre de la femme alchimiste, l\u2019auteure s\u2019est lib\u00e9r\u00e9e du fardeau des croyances, des m\u00e9moires et des jugements, tout autant que d\u2019une foule d\u2019\u00e9motions cristallis\u00e9es depuis plusieurs g\u00e9n\u00e9rations. Suivez-la jusqu\u2019\u00e0 la d\u00e9couverte de cet espace int\u00e9rieur de certitude absolue, ce lieu o\u00f9 l\u2019on savoure la pl\u00e9nitude de LA VIE.\" \/>\n<meta property=\"og:url\" content=\"https:\/\/laroupille.com\/editions\/product\/le-coeur-alchimiste\/\" \/>\n<meta property=\"og:site_name\" content=\"\u00c9ditions La Roupille, service d&#039;\u00e9dition\" \/>\n<meta property=\"article:publisher\" content=\"https:\/\/facebook.com\/laroupille\" \/>\n<meta property=\"article:modified_time\" content=\"2024-08-27T15:15:43+00:00\" \/>\n<meta property=\"og:image\" content=\"https:\/\/laroupille.com\/editions\/wp-content\/uploads\/2021\/01\/ALCHIMISTECOUVERT.jpg\" \/>\n\t<meta property=\"og:image:width\" content=\"800\" \/>\n\t<meta property=\"og:image:height\" content=\"890\" \/>\n\t<meta property=\"og:image:type\" content=\"image\/jpeg\" \/>\n<meta name=\"twitter:card\" content=\"summary_large_image\" \/>\n<script type=\"application\/ld+json\" class=\"yoast-schema-graph\">{\"@context\":\"https:\\\/\\\/schema.org\",\"@graph\":[{\"@type\":\"WebPage\",\"@id\":\"https:\\\/\\\/laroupille.com\\\/editions\\\/product\\\/le-coeur-alchimiste\\\/\",\"url\":\"https:\\\/\\\/laroupille.com\\\/editions\\\/product\\\/le-coeur-alchimiste\\\/\",\"name\":\"Le c\u0153ur alchimiste - \u00c9ditions La Roupille, service d&#039;\u00e9dition\",\"isPartOf\":{\"@id\":\"https:\\\/\\\/laroupille.com\\\/editions\\\/#website\"},\"primaryImageOfPage\":{\"@id\":\"https:\\\/\\\/laroupille.com\\\/editions\\\/product\\\/le-coeur-alchimiste\\\/#primaryimage\"},\"image\":{\"@id\":\"https:\\\/\\\/laroupille.com\\\/editions\\\/product\\\/le-coeur-alchimiste\\\/#primaryimage\"},\"thumbnailUrl\":\"https:\\\/\\\/laroupille.com\\\/editions\\\/wp-content\\\/uploads\\\/2021\\\/01\\\/ALCHIMISTECOUVERT.jpg\",\"datePublished\":\"2021-01-29T19:14:31+00:00\",\"dateModified\":\"2024-08-27T15:15:43+00:00\",\"breadcrumb\":{\"@id\":\"https:\\\/\\\/laroupille.com\\\/editions\\\/product\\\/le-coeur-alchimiste\\\/#breadcrumb\"},\"inLanguage\":\"fr-FR\",\"potentialAction\":[{\"@type\":\"ReadAction\",\"target\":[\"https:\\\/\\\/laroupille.com\\\/editions\\\/product\\\/le-coeur-alchimiste\\\/\"]}]},{\"@type\":\"ImageObject\",\"inLanguage\":\"fr-FR\",\"@id\":\"https:\\\/\\\/laroupille.com\\\/editions\\\/product\\\/le-coeur-alchimiste\\\/#primaryimage\",\"url\":\"https:\\\/\\\/laroupille.com\\\/editions\\\/wp-content\\\/uploads\\\/2021\\\/01\\\/ALCHIMISTECOUVERT.jpg\",\"contentUrl\":\"https:\\\/\\\/laroupille.com\\\/editions\\\/wp-content\\\/uploads\\\/2021\\\/01\\\/ALCHIMISTECOUVERT.jpg\",\"width\":800,\"height\":890},{\"@type\":\"BreadcrumbList\",\"@id\":\"https:\\\/\\\/laroupille.com\\\/editions\\\/product\\\/le-coeur-alchimiste\\\/#breadcrumb\",\"itemListElement\":[{\"@type\":\"ListItem\",\"position\":1,\"name\":\"Accueil\",\"item\":\"https:\\\/\\\/laroupille.com\\\/editions\\\/\"},{\"@type\":\"ListItem\",\"position\":2,\"name\":\"Catalogue\",\"item\":\"https:\\\/\\\/laroupille.com\\\/editions\\\/catalogue\\\/\"},{\"@type\":\"ListItem\",\"position\":3,\"name\":\"Le c\u0153ur alchimiste\"}]},{\"@type\":\"WebSite\",\"@id\":\"https:\\\/\\\/laroupille.com\\\/editions\\\/#website\",\"url\":\"https:\\\/\\\/laroupille.com\\\/editions\\\/\",\"name\":\"\u00c9ditions La Roupille, service d&#039;\u00e9dition\",\"description\":\"La Roupille service d&#039;\u00e9ditions\",\"publisher\":{\"@id\":\"https:\\\/\\\/laroupille.com\\\/editions\\\/#organization\"},\"potentialAction\":[{\"@type\":\"SearchAction\",\"target\":{\"@type\":\"EntryPoint\",\"urlTemplate\":\"https:\\\/\\\/laroupille.com\\\/editions\\\/?s={search_term_string}\"},\"query-input\":{\"@type\":\"PropertyValueSpecification\",\"valueRequired\":true,\"valueName\":\"search_term_string\"}}],\"inLanguage\":\"fr-FR\"},{\"@type\":\"Organization\",\"@id\":\"https:\\\/\\\/laroupille.com\\\/editions\\\/#organization\",\"name\":\"La Roupille\",\"url\":\"https:\\\/\\\/laroupille.com\\\/editions\\\/\",\"logo\":{\"@type\":\"ImageObject\",\"inLanguage\":\"fr-FR\",\"@id\":\"https:\\\/\\\/laroupille.com\\\/editions\\\/#\\\/schema\\\/logo\\\/image\\\/\",\"url\":\"https:\\\/\\\/laroupille.com\\\/editions\\\/wp-content\\\/uploads\\\/2021\\\/02\\\/logo-laroupille-big.png\",\"contentUrl\":\"https:\\\/\\\/laroupille.com\\\/editions\\\/wp-content\\\/uploads\\\/2021\\\/02\\\/logo-laroupille-big.png\",\"width\":294,\"height\":130,\"caption\":\"La Roupille\"},\"image\":{\"@id\":\"https:\\\/\\\/laroupille.com\\\/editions\\\/#\\\/schema\\\/logo\\\/image\\\/\"},\"sameAs\":[\"https:\\\/\\\/facebook.com\\\/laroupille\",\"https:\\\/\\\/www.instagram.com\\\/editionslaroupille\\\/\"]}]}<\/script>\n<!-- \/ Yoast SEO plugin. -->","yoast_head_json":{"title":"Le c\u0153ur alchimiste - \u00c9ditions La Roupille, service d&#039;\u00e9dition","robots":{"index":"index","follow":"follow","max-snippet":"max-snippet:-1","max-image-preview":"max-image-preview:large","max-video-preview":"max-video-preview:-1"},"canonical":"https:\/\/laroupille.com\/editions\/product\/le-coeur-alchimiste\/","og_locale":"fr_FR","og_type":"article","og_title":"Le c\u0153ur alchimiste - \u00c9ditions La Roupille, service d&#039;\u00e9dition","og_description":"Autrice : Annick Corriveau Illustrations : Ren\u00e9 Rose Pelletier-Martineau  Dans ce r\u00e9cit initiatique \u00e0 la fois sensible et riche en enseignements spirituels, l\u2019auteure d\u00e9peint son parcours qui, au terme d\u2019une prise de conscience, a fait ressortir de vieilles blessures enfouies depuis des lunes. \u00c0 la recherche de la gu\u00e9rison int\u00e9rieure, elle a finalement choisi de faire confiance \u00e0 son intuition. C\u2019est alors que le merveilleux pouvoir alchimique du c\u0153ur a chang\u00e9 sa destin\u00e9e.  D\u00e9couvrez comment, gr\u00e2ce \u00e0 la rencontre de la femme alchimiste, l\u2019auteure s\u2019est lib\u00e9r\u00e9e du fardeau des croyances, des m\u00e9moires et des jugements, tout autant que d\u2019une foule d\u2019\u00e9motions cristallis\u00e9es depuis plusieurs g\u00e9n\u00e9rations. Suivez-la jusqu\u2019\u00e0 la d\u00e9couverte de cet espace int\u00e9rieur de certitude absolue, ce lieu o\u00f9 l\u2019on savoure la pl\u00e9nitude de LA VIE.","og_url":"https:\/\/laroupille.com\/editions\/product\/le-coeur-alchimiste\/","og_site_name":"\u00c9ditions La Roupille, service d&#039;\u00e9dition","article_publisher":"https:\/\/facebook.com\/laroupille","article_modified_time":"2024-08-27T15:15:43+00:00","og_image":[{"width":800,"height":890,"url":"https:\/\/laroupille.com\/editions\/wp-content\/uploads\/2021\/01\/ALCHIMISTECOUVERT.jpg","type":"image\/jpeg"}],"twitter_card":"summary_large_image","schema":{"@context":"https:\/\/schema.org","@graph":[{"@type":"WebPage","@id":"https:\/\/laroupille.com\/editions\/product\/le-coeur-alchimiste\/","url":"https:\/\/laroupille.com\/editions\/product\/le-coeur-alchimiste\/","name":"Le c\u0153ur alchimiste - \u00c9ditions La Roupille, service d&#039;\u00e9dition","isPartOf":{"@id":"https:\/\/laroupille.com\/editions\/#website"},"primaryImageOfPage":{"@id":"https:\/\/laroupille.com\/editions\/product\/le-coeur-alchimiste\/#primaryimage"},"image":{"@id":"https:\/\/laroupille.com\/editions\/product\/le-coeur-alchimiste\/#primaryimage"},"thumbnailUrl":"https:\/\/laroupille.com\/editions\/wp-content\/uploads\/2021\/01\/ALCHIMISTECOUVERT.jpg","datePublished":"2021-01-29T19:14:31+00:00","dateModified":"2024-08-27T15:15:43+00:00","breadcrumb":{"@id":"https:\/\/laroupille.com\/editions\/product\/le-coeur-alchimiste\/#breadcrumb"},"inLanguage":"fr-FR","potentialAction":[{"@type":"ReadAction","target":["https:\/\/laroupille.com\/editions\/product\/le-coeur-alchimiste\/"]}]},{"@type":"ImageObject","inLanguage":"fr-FR","@id":"https:\/\/laroupille.com\/editions\/product\/le-coeur-alchimiste\/#primaryimage","url":"https:\/\/laroupille.com\/editions\/wp-content\/uploads\/2021\/01\/ALCHIMISTECOUVERT.jpg","contentUrl":"https:\/\/laroupille.com\/editions\/wp-content\/uploads\/2021\/01\/ALCHIMISTECOUVERT.jpg","width":800,"height":890},{"@type":"BreadcrumbList","@id":"https:\/\/laroupille.com\/editions\/product\/le-coeur-alchimiste\/#breadcrumb","itemListElement":[{"@type":"ListItem","position":1,"name":"Accueil","item":"https:\/\/laroupille.com\/editions\/"},{"@type":"ListItem","position":2,"name":"Catalogue","item":"https:\/\/laroupille.com\/editions\/catalogue\/"},{"@type":"ListItem","position":3,"name":"Le c\u0153ur alchimiste"}]},{"@type":"WebSite","@id":"https:\/\/laroupille.com\/editions\/#website","url":"https:\/\/laroupille.com\/editions\/","name":"\u00c9ditions La Roupille, service d&#039;\u00e9dition","description":"La Roupille service d&#039;\u00e9ditions","publisher":{"@id":"https:\/\/laroupille.com\/editions\/#organization"},"potentialAction":[{"@type":"SearchAction","target":{"@type":"EntryPoint","urlTemplate":"https:\/\/laroupille.com\/editions\/?s={search_term_string}"},"query-input":{"@type":"PropertyValueSpecification","valueRequired":true,"valueName":"search_term_string"}}],"inLanguage":"fr-FR"},{"@type":"Organization","@id":"https:\/\/laroupille.com\/editions\/#organization","name":"La Roupille","url":"https:\/\/laroupille.com\/editions\/","logo":{"@type":"ImageObject","inLanguage":"fr-FR","@id":"https:\/\/laroupille.com\/editions\/#\/schema\/logo\/image\/","url":"https:\/\/laroupille.com\/editions\/wp-content\/uploads\/2021\/02\/logo-laroupille-big.png","contentUrl":"https:\/\/laroupille.com\/editions\/wp-content\/uploads\/2021\/02\/logo-laroupille-big.png","width":294,"height":130,"caption":"La Roupille"},"image":{"@id":"https:\/\/laroupille.com\/editions\/#\/schema\/logo\/image\/"},"sameAs":["https:\/\/facebook.com\/laroupille","https:\/\/www.instagram.com\/editionslaroupille\/"]}]}},"jetpack_sharing_enabled":true,"_links":{"self":[{"href":"https:\/\/laroupille.com\/editions\/wp-json\/wp\/v2\/product\/1398","targetHints":{"allow":["GET"]}}],"collection":[{"href":"https:\/\/laroupille.com\/editions\/wp-json\/wp\/v2\/product"}],"about":[{"href":"https:\/\/laroupille.com\/editions\/wp-json\/wp\/v2\/types\/product"}],"replies":[{"embeddable":true,"href":"https:\/\/laroupille.com\/editions\/wp-json\/wp\/v2\/comments?post=1398"}],"wp:featuredmedia":[{"embeddable":true,"href":"https:\/\/laroupille.com\/editions\/wp-json\/wp\/v2\/media\/1933"}],"wp:attachment":[{"href":"https:\/\/laroupille.com\/editions\/wp-json\/wp\/v2\/media?parent=1398"}],"wp:term":[{"taxonomy":"product_brand","embeddable":true,"href":"https:\/\/laroupille.com\/editions\/wp-json\/wp\/v2\/product_brand?post=1398"},{"taxonomy":"product_cat","embeddable":true,"href":"https:\/\/laroupille.com\/editions\/wp-json\/wp\/v2\/product_cat?post=1398"},{"taxonomy":"product_tag","embeddable":true,"href":"https:\/\/laroupille.com\/editions\/wp-json\/wp\/v2\/product_tag?post=1398"}],"curies":[{"name":"wp","href":"https:\/\/api.w.org\/{rel}","templated":true}]}}