{"id":1405,"date":"2021-01-29T14:45:14","date_gmt":"2021-01-29T19:45:14","guid":{"rendered":"https:\/\/laroupille.com\/editions\/?post_type=product&#038;p=1405"},"modified":"2024-08-27T14:29:43","modified_gmt":"2024-08-27T19:29:43","slug":"le-silence-dune-rose","status":"publish","type":"product","link":"https:\/\/laroupille.com\/editions\/product\/le-silence-dune-rose\/","title":{"rendered":"Le silence d&#8217;une Rose"},"content":{"rendered":"<p><em>\u00ab Chaque famille d\u2019accueil m\u2019a transmis diff\u00e9rentes valeurs en plus de remplir mon sac \u00e0 bagage personnel. Ce sont tous ces milieux de vie qui ont boulevers\u00e9 mon avenir. \u00bb<\/em><\/p>\n","protected":false},"excerpt":{"rendered":"<p>Auteure : <a href=\"https:\/\/laroupille.com\/editions\/auteurs\/#nathalie-belley\">Nathalie Belley<\/a><\/p>\n<p>Rose Labelle, retir\u00e9e en bas \u00e2ge de sa famille naturelle, se prom\u00e8nera de famille d\u2019accueil en famille d\u2019accueil, de ville en village pendant plusieurs ann\u00e9es avant de pouvoir finalement prendre racine. C\u2019est par un jour ensoleill\u00e9 de printemps que Lorraine, m\u00e8re d\u2019accueil engag\u00e9e, lui ouvrira sa chaleureuse maison familiale, en m\u00eame temps que la porte de son c\u0153ur : un c\u0153ur de maman.<\/p>\n<p>\u00c0 partir de l\u00e0, la jeune fleur fan\u00e9e deviendra Rose. Elle s\u2019ouvrira \u00e0 l\u2019amour, s\u2019\u00e9panouira \u00e0 la lumi\u00e8re du jour, d\u00e9ploiera sa v\u00e9ritable couleur et trouvera enfin sa propre identit\u00e9.<\/p>\n<p><em>\u00ab Chaque famille d\u2019accueil m\u2019a transmis diff\u00e9rentes valeurs en plus de remplir mon sac \u00e0 bagage personnel. Ce sont tous ces milieux de vie qui ont boulevers\u00e9 mon avenir. \u00bb<\/em><\/p>\n<p>Nathalie Belley<\/p>\n","protected":false},"featured_media":1432,"comment_status":"open","ping_status":"closed","template":"","meta":[],"product_brand":[],"product_cat":[73,79],"product_tag":[128,129],"class_list":{"0":"post-1405","1":"product","2":"type-product","3":"status-publish","4":"has-post-thumbnail","6":"product_cat-adulte","7":"product_cat-histoire-vecu-adulte","8":"product_tag-le-silence-dune-rose","9":"product_tag-nathalie-belley","10":"product_shipping_class-forfait","12":"first","13":"instock","14":"taxable","15":"shipping-taxable","16":"purchasable","17":"product-type-simple"},"yoast_head":"<!-- This site is optimized with the Yoast SEO plugin v27.6 - https:\/\/yoast.com\/product\/yoast-seo-wordpress\/ -->\n<title>Le silence d&#039;une Rose - \u00c9ditions La Roupille, service d&#039;\u00e9dition<\/title>\n<meta name=\"robots\" content=\"index, follow, max-snippet:-1, max-image-preview:large, max-video-preview:-1\" \/>\n<link rel=\"canonical\" href=\"https:\/\/laroupille.com\/editions\/product\/le-silence-dune-rose\/\" \/>\n<meta property=\"og:locale\" content=\"fr_FR\" \/>\n<meta property=\"og:type\" content=\"article\" \/>\n<meta property=\"og:title\" content=\"Le silence d&#039;une Rose - \u00c9ditions La Roupille, service d&#039;\u00e9dition\" \/>\n<meta property=\"og:description\" content=\"Auteure : Nathalie Belley  Rose Labelle, retir\u00e9e en bas \u00e2ge de sa famille naturelle, se prom\u00e8nera de famille d\u2019accueil en famille d\u2019accueil, de ville en village pendant plusieurs ann\u00e9es avant de pouvoir finalement prendre racine. C\u2019est par un jour ensoleill\u00e9 de printemps que Lorraine, m\u00e8re d\u2019accueil engag\u00e9e, lui ouvrira sa chaleureuse maison familiale, en m\u00eame temps que la porte de son c\u0153ur : un c\u0153ur de maman.  \u00c0 partir de l\u00e0, la jeune fleur fan\u00e9e deviendra Rose. Elle s\u2019ouvrira \u00e0 l\u2019amour, s\u2019\u00e9panouira \u00e0 la lumi\u00e8re du jour, d\u00e9ploiera sa v\u00e9ritable couleur et trouvera enfin sa propre identit\u00e9.  \u00ab Chaque famille d\u2019accueil m\u2019a transmis diff\u00e9rentes valeurs en plus de remplir mon sac \u00e0 bagage personnel. Ce sont tous ces milieux de vie qui ont boulevers\u00e9 mon avenir. \u00bb  Nathalie Belley\" \/>\n<meta property=\"og:url\" content=\"https:\/\/laroupille.com\/editions\/product\/le-silence-dune-rose\/\" \/>\n<meta property=\"og:site_name\" content=\"\u00c9ditions La Roupille, service d&#039;\u00e9dition\" \/>\n<meta property=\"article:publisher\" content=\"https:\/\/facebook.com\/laroupille\" \/>\n<meta property=\"article:modified_time\" content=\"2024-08-27T19:29:43+00:00\" \/>\n<meta property=\"og:image\" content=\"https:\/\/laroupille.com\/editions\/wp-content\/uploads\/2021\/01\/le-silence-dune-rose-couvert.png\" \/>\n\t<meta property=\"og:image:width\" content=\"800\" \/>\n\t<meta property=\"og:image:height\" content=\"890\" \/>\n\t<meta property=\"og:image:type\" content=\"image\/png\" \/>\n<meta name=\"twitter:card\" content=\"summary_large_image\" \/>\n<script type=\"application\/ld+json\" class=\"yoast-schema-graph\">{\"@context\":\"https:\\\/\\\/schema.org\",\"@graph\":[{\"@type\":\"WebPage\",\"@id\":\"https:\\\/\\\/laroupille.com\\\/editions\\\/product\\\/le-silence-dune-rose\\\/\",\"url\":\"https:\\\/\\\/laroupille.com\\\/editions\\\/product\\\/le-silence-dune-rose\\\/\",\"name\":\"Le silence d'une Rose - \u00c9ditions La Roupille, service d&#039;\u00e9dition\",\"isPartOf\":{\"@id\":\"https:\\\/\\\/laroupille.com\\\/editions\\\/#website\"},\"primaryImageOfPage\":{\"@id\":\"https:\\\/\\\/laroupille.com\\\/editions\\\/product\\\/le-silence-dune-rose\\\/#primaryimage\"},\"image\":{\"@id\":\"https:\\\/\\\/laroupille.com\\\/editions\\\/product\\\/le-silence-dune-rose\\\/#primaryimage\"},\"thumbnailUrl\":\"https:\\\/\\\/laroupille.com\\\/editions\\\/wp-content\\\/uploads\\\/2021\\\/01\\\/le-silence-dune-rose-couvert.png\",\"datePublished\":\"2021-01-29T19:45:14+00:00\",\"dateModified\":\"2024-08-27T19:29:43+00:00\",\"breadcrumb\":{\"@id\":\"https:\\\/\\\/laroupille.com\\\/editions\\\/product\\\/le-silence-dune-rose\\\/#breadcrumb\"},\"inLanguage\":\"fr-FR\",\"potentialAction\":[{\"@type\":\"ReadAction\",\"target\":[\"https:\\\/\\\/laroupille.com\\\/editions\\\/product\\\/le-silence-dune-rose\\\/\"]}]},{\"@type\":\"ImageObject\",\"inLanguage\":\"fr-FR\",\"@id\":\"https:\\\/\\\/laroupille.com\\\/editions\\\/product\\\/le-silence-dune-rose\\\/#primaryimage\",\"url\":\"https:\\\/\\\/laroupille.com\\\/editions\\\/wp-content\\\/uploads\\\/2021\\\/01\\\/le-silence-dune-rose-couvert.png\",\"contentUrl\":\"https:\\\/\\\/laroupille.com\\\/editions\\\/wp-content\\\/uploads\\\/2021\\\/01\\\/le-silence-dune-rose-couvert.png\",\"width\":800,\"height\":890,\"caption\":\"le silence d'une rose, de Nathalie Belley\"},{\"@type\":\"BreadcrumbList\",\"@id\":\"https:\\\/\\\/laroupille.com\\\/editions\\\/product\\\/le-silence-dune-rose\\\/#breadcrumb\",\"itemListElement\":[{\"@type\":\"ListItem\",\"position\":1,\"name\":\"Accueil\",\"item\":\"https:\\\/\\\/laroupille.com\\\/editions\\\/\"},{\"@type\":\"ListItem\",\"position\":2,\"name\":\"Catalogue\",\"item\":\"https:\\\/\\\/laroupille.com\\\/editions\\\/catalogue\\\/\"},{\"@type\":\"ListItem\",\"position\":3,\"name\":\"Le silence d&#8217;une Rose\"}]},{\"@type\":\"WebSite\",\"@id\":\"https:\\\/\\\/laroupille.com\\\/editions\\\/#website\",\"url\":\"https:\\\/\\\/laroupille.com\\\/editions\\\/\",\"name\":\"\u00c9ditions La Roupille, service d&#039;\u00e9dition\",\"description\":\"La Roupille service d&#039;\u00e9ditions\",\"publisher\":{\"@id\":\"https:\\\/\\\/laroupille.com\\\/editions\\\/#organization\"},\"potentialAction\":[{\"@type\":\"SearchAction\",\"target\":{\"@type\":\"EntryPoint\",\"urlTemplate\":\"https:\\\/\\\/laroupille.com\\\/editions\\\/?s={search_term_string}\"},\"query-input\":{\"@type\":\"PropertyValueSpecification\",\"valueRequired\":true,\"valueName\":\"search_term_string\"}}],\"inLanguage\":\"fr-FR\"},{\"@type\":\"Organization\",\"@id\":\"https:\\\/\\\/laroupille.com\\\/editions\\\/#organization\",\"name\":\"La Roupille\",\"url\":\"https:\\\/\\\/laroupille.com\\\/editions\\\/\",\"logo\":{\"@type\":\"ImageObject\",\"inLanguage\":\"fr-FR\",\"@id\":\"https:\\\/\\\/laroupille.com\\\/editions\\\/#\\\/schema\\\/logo\\\/image\\\/\",\"url\":\"https:\\\/\\\/laroupille.com\\\/editions\\\/wp-content\\\/uploads\\\/2021\\\/02\\\/logo-laroupille-big.png\",\"contentUrl\":\"https:\\\/\\\/laroupille.com\\\/editions\\\/wp-content\\\/uploads\\\/2021\\\/02\\\/logo-laroupille-big.png\",\"width\":294,\"height\":130,\"caption\":\"La Roupille\"},\"image\":{\"@id\":\"https:\\\/\\\/laroupille.com\\\/editions\\\/#\\\/schema\\\/logo\\\/image\\\/\"},\"sameAs\":[\"https:\\\/\\\/facebook.com\\\/laroupille\",\"https:\\\/\\\/www.instagram.com\\\/editionslaroupille\\\/\"]}]}<\/script>\n<!-- \/ Yoast SEO plugin. -->","yoast_head_json":{"title":"Le silence d'une Rose - \u00c9ditions La Roupille, service d&#039;\u00e9dition","robots":{"index":"index","follow":"follow","max-snippet":"max-snippet:-1","max-image-preview":"max-image-preview:large","max-video-preview":"max-video-preview:-1"},"canonical":"https:\/\/laroupille.com\/editions\/product\/le-silence-dune-rose\/","og_locale":"fr_FR","og_type":"article","og_title":"Le silence d'une Rose - \u00c9ditions La Roupille, service d&#039;\u00e9dition","og_description":"Auteure : Nathalie Belley  Rose Labelle, retir\u00e9e en bas \u00e2ge de sa famille naturelle, se prom\u00e8nera de famille d\u2019accueil en famille d\u2019accueil, de ville en village pendant plusieurs ann\u00e9es avant de pouvoir finalement prendre racine. C\u2019est par un jour ensoleill\u00e9 de printemps que Lorraine, m\u00e8re d\u2019accueil engag\u00e9e, lui ouvrira sa chaleureuse maison familiale, en m\u00eame temps que la porte de son c\u0153ur : un c\u0153ur de maman.  \u00c0 partir de l\u00e0, la jeune fleur fan\u00e9e deviendra Rose. Elle s\u2019ouvrira \u00e0 l\u2019amour, s\u2019\u00e9panouira \u00e0 la lumi\u00e8re du jour, d\u00e9ploiera sa v\u00e9ritable couleur et trouvera enfin sa propre identit\u00e9.  \u00ab Chaque famille d\u2019accueil m\u2019a transmis diff\u00e9rentes valeurs en plus de remplir mon sac \u00e0 bagage personnel. Ce sont tous ces milieux de vie qui ont boulevers\u00e9 mon avenir. \u00bb  Nathalie Belley","og_url":"https:\/\/laroupille.com\/editions\/product\/le-silence-dune-rose\/","og_site_name":"\u00c9ditions La Roupille, service d&#039;\u00e9dition","article_publisher":"https:\/\/facebook.com\/laroupille","article_modified_time":"2024-08-27T19:29:43+00:00","og_image":[{"width":800,"height":890,"url":"https:\/\/laroupille.com\/editions\/wp-content\/uploads\/2021\/01\/le-silence-dune-rose-couvert.png","type":"image\/png"}],"twitter_card":"summary_large_image","schema":{"@context":"https:\/\/schema.org","@graph":[{"@type":"WebPage","@id":"https:\/\/laroupille.com\/editions\/product\/le-silence-dune-rose\/","url":"https:\/\/laroupille.com\/editions\/product\/le-silence-dune-rose\/","name":"Le silence d'une Rose - \u00c9ditions La Roupille, service d&#039;\u00e9dition","isPartOf":{"@id":"https:\/\/laroupille.com\/editions\/#website"},"primaryImageOfPage":{"@id":"https:\/\/laroupille.com\/editions\/product\/le-silence-dune-rose\/#primaryimage"},"image":{"@id":"https:\/\/laroupille.com\/editions\/product\/le-silence-dune-rose\/#primaryimage"},"thumbnailUrl":"https:\/\/laroupille.com\/editions\/wp-content\/uploads\/2021\/01\/le-silence-dune-rose-couvert.png","datePublished":"2021-01-29T19:45:14+00:00","dateModified":"2024-08-27T19:29:43+00:00","breadcrumb":{"@id":"https:\/\/laroupille.com\/editions\/product\/le-silence-dune-rose\/#breadcrumb"},"inLanguage":"fr-FR","potentialAction":[{"@type":"ReadAction","target":["https:\/\/laroupille.com\/editions\/product\/le-silence-dune-rose\/"]}]},{"@type":"ImageObject","inLanguage":"fr-FR","@id":"https:\/\/laroupille.com\/editions\/product\/le-silence-dune-rose\/#primaryimage","url":"https:\/\/laroupille.com\/editions\/wp-content\/uploads\/2021\/01\/le-silence-dune-rose-couvert.png","contentUrl":"https:\/\/laroupille.com\/editions\/wp-content\/uploads\/2021\/01\/le-silence-dune-rose-couvert.png","width":800,"height":890,"caption":"le silence d'une rose, de Nathalie Belley"},{"@type":"BreadcrumbList","@id":"https:\/\/laroupille.com\/editions\/product\/le-silence-dune-rose\/#breadcrumb","itemListElement":[{"@type":"ListItem","position":1,"name":"Accueil","item":"https:\/\/laroupille.com\/editions\/"},{"@type":"ListItem","position":2,"name":"Catalogue","item":"https:\/\/laroupille.com\/editions\/catalogue\/"},{"@type":"ListItem","position":3,"name":"Le silence d&#8217;une Rose"}]},{"@type":"WebSite","@id":"https:\/\/laroupille.com\/editions\/#website","url":"https:\/\/laroupille.com\/editions\/","name":"\u00c9ditions La Roupille, service d&#039;\u00e9dition","description":"La Roupille service d&#039;\u00e9ditions","publisher":{"@id":"https:\/\/laroupille.com\/editions\/#organization"},"potentialAction":[{"@type":"SearchAction","target":{"@type":"EntryPoint","urlTemplate":"https:\/\/laroupille.com\/editions\/?s={search_term_string}"},"query-input":{"@type":"PropertyValueSpecification","valueRequired":true,"valueName":"search_term_string"}}],"inLanguage":"fr-FR"},{"@type":"Organization","@id":"https:\/\/laroupille.com\/editions\/#organization","name":"La Roupille","url":"https:\/\/laroupille.com\/editions\/","logo":{"@type":"ImageObject","inLanguage":"fr-FR","@id":"https:\/\/laroupille.com\/editions\/#\/schema\/logo\/image\/","url":"https:\/\/laroupille.com\/editions\/wp-content\/uploads\/2021\/02\/logo-laroupille-big.png","contentUrl":"https:\/\/laroupille.com\/editions\/wp-content\/uploads\/2021\/02\/logo-laroupille-big.png","width":294,"height":130,"caption":"La Roupille"},"image":{"@id":"https:\/\/laroupille.com\/editions\/#\/schema\/logo\/image\/"},"sameAs":["https:\/\/facebook.com\/laroupille","https:\/\/www.instagram.com\/editionslaroupille\/"]}]}},"jetpack_sharing_enabled":true,"_links":{"self":[{"href":"https:\/\/laroupille.com\/editions\/wp-json\/wp\/v2\/product\/1405","targetHints":{"allow":["GET"]}}],"collection":[{"href":"https:\/\/laroupille.com\/editions\/wp-json\/wp\/v2\/product"}],"about":[{"href":"https:\/\/laroupille.com\/editions\/wp-json\/wp\/v2\/types\/product"}],"replies":[{"embeddable":true,"href":"https:\/\/laroupille.com\/editions\/wp-json\/wp\/v2\/comments?post=1405"}],"wp:featuredmedia":[{"embeddable":true,"href":"https:\/\/laroupille.com\/editions\/wp-json\/wp\/v2\/media\/1432"}],"wp:attachment":[{"href":"https:\/\/laroupille.com\/editions\/wp-json\/wp\/v2\/media?parent=1405"}],"wp:term":[{"taxonomy":"product_brand","embeddable":true,"href":"https:\/\/laroupille.com\/editions\/wp-json\/wp\/v2\/product_brand?post=1405"},{"taxonomy":"product_cat","embeddable":true,"href":"https:\/\/laroupille.com\/editions\/wp-json\/wp\/v2\/product_cat?post=1405"},{"taxonomy":"product_tag","embeddable":true,"href":"https:\/\/laroupille.com\/editions\/wp-json\/wp\/v2\/product_tag?post=1405"}],"curies":[{"name":"wp","href":"https:\/\/api.w.org\/{rel}","templated":true}]}}