{"id":1557,"date":"2021-02-04T14:20:43","date_gmt":"2021-02-04T19:20:43","guid":{"rendered":"https:\/\/laroupille.com\/editions\/?post_type=product&#038;p=1557"},"modified":"2023-09-22T16:47:19","modified_gmt":"2023-09-22T21:47:19","slug":"normand-maurice-pere-de-la-recuperation-au-quebec","status":"publish","type":"product","link":"https:\/\/laroupille.com\/editions\/product\/normand-maurice-pere-de-la-recuperation-au-quebec\/","title":{"rendered":"Normand Maurice, <br>P\u00e8re de la r\u00e9cup\u00e9ration au Qu\u00e9bec"},"content":{"rendered":"<p>P\u00e8re de la r\u00e9cup\u00e9ration et chef de file du d\u00e9veloppement durable, Normand Maurice aura connu un parcours innovateur. Il aura contribu\u00e9 \u00e0 faire \u00e9voluer Victoriaville, la r\u00e9gion des Bois-Francs et le Qu\u00e9bec en entier.<\/p>\n","protected":false},"excerpt":{"rendered":"<p>Auteur : <a href=\"https:\/\/laroupille.com\/editions\/auteurs-autrices\/#raymond-beaudet\">Raymond Beaudet<\/a><\/p>\n<p>C\u2019est par ses convictions profondes, ses croyances bien ancr\u00e9es et son indomptable fougue que Normand Maurice, enseignant \u00e9m\u00e9rite \u00e0 l\u2019\u00e9cole secondaire Le Bois\u00e9 de Victoriaville, a r\u00e9ussi, d\u00e8s la fin des ann\u00e9es 1970, \u00e0 int\u00e9grer ses \u00e9l\u00e8ves en difficult\u00e9 dans un large projet p\u00e9dagogique s\u2019inscrivant dans la r\u00e9cup\u00e9ration, le recyclage et le r\u00e9emploi.<\/p>\n<p>Pendant plus de deux d\u00e9cennies, ce visionnaire contribuera \u00e0 donner \u00e0 ces \u00e9l\u00e8ves un v\u00e9ritable sens \u00e0 leur vie et une inestimable dignit\u00e9. Il transformera litt\u00e9ralement ces jeunes marginaux<br \/>\nen personnes autonomes, en citoyens engag\u00e9s et en travailleurs productifs.<\/p>\n<p>C\u2019est pour eux que les Centres de formation en entreprise et r\u00e9cup\u00e9ration (CFER) sont n\u00e9s, de m\u00eame que R\u00e9cup\u00e9ration Bois-Francs, Peintures r\u00e9cup\u00e9r\u00e9es du Qu\u00e9bec, ainsi qu\u2019une multitude<br \/>\nde fructueuses collaborations.<\/p>\n","protected":false},"featured_media":1870,"comment_status":"open","ping_status":"closed","template":"","meta":[],"product_brand":[],"product_cat":[49],"product_tag":[133,134,135],"class_list":{"0":"post-1557","1":"product","2":"type-product","3":"status-publish","4":"has-post-thumbnail","6":"product_cat-tous-les-livres","7":"product_tag-normand-maurice","8":"product_tag-pere-de-la-recuperation-au-quebec","9":"product_tag-raymond-beaudet","10":"product_shipping_class-forfait","12":"first","13":"instock","14":"taxable","15":"shipping-taxable","16":"purchasable","17":"product-type-simple"},"yoast_head":"<!-- This site is optimized with the Yoast SEO plugin v27.4 - https:\/\/yoast.com\/product\/yoast-seo-wordpress\/ -->\n<title>Normand Maurice, P\u00e8re de la r\u00e9cup\u00e9ration au Qu\u00e9bec - \u00c9ditions La Roupille, service d&#039;\u00e9dition<\/title>\n<meta name=\"robots\" content=\"index, follow, max-snippet:-1, max-image-preview:large, max-video-preview:-1\" \/>\n<link rel=\"canonical\" href=\"https:\/\/laroupille.com\/editions\/product\/normand-maurice-pere-de-la-recuperation-au-quebec\/\" \/>\n<meta property=\"og:locale\" content=\"fr_FR\" \/>\n<meta property=\"og:type\" content=\"article\" \/>\n<meta property=\"og:title\" content=\"Normand Maurice, P\u00e8re de la r\u00e9cup\u00e9ration au Qu\u00e9bec - \u00c9ditions La Roupille, service d&#039;\u00e9dition\" \/>\n<meta property=\"og:description\" content=\"Auteur : Raymond Beaudet  C\u2019est par ses convictions profondes, ses croyances bien ancr\u00e9es et son indomptable fougue que Normand Maurice, enseignant \u00e9m\u00e9rite \u00e0 l\u2019\u00e9cole secondaire Le Bois\u00e9 de Victoriaville, a r\u00e9ussi, d\u00e8s la fin des ann\u00e9es 1970, \u00e0 int\u00e9grer ses \u00e9l\u00e8ves en difficult\u00e9 dans un large projet p\u00e9dagogique s\u2019inscrivant dans la r\u00e9cup\u00e9ration, le recyclage et le r\u00e9emploi.  Pendant plus de deux d\u00e9cennies, ce visionnaire contribuera \u00e0 donner \u00e0 ces \u00e9l\u00e8ves un v\u00e9ritable sens \u00e0 leur vie et une inestimable dignit\u00e9. Il transformera litt\u00e9ralement ces jeunes marginaux en personnes autonomes, en citoyens engag\u00e9s et en travailleurs productifs.  C\u2019est pour eux que les Centres de formation en entreprise et r\u00e9cup\u00e9ration (CFER) sont n\u00e9s, de m\u00eame que R\u00e9cup\u00e9ration Bois-Francs, Peintures r\u00e9cup\u00e9r\u00e9es du Qu\u00e9bec, ainsi qu\u2019une multitude de fructueuses collaborations.\" \/>\n<meta property=\"og:url\" content=\"https:\/\/laroupille.com\/editions\/product\/normand-maurice-pere-de-la-recuperation-au-quebec\/\" \/>\n<meta property=\"og:site_name\" content=\"\u00c9ditions La Roupille, service d&#039;\u00e9dition\" \/>\n<meta property=\"article:publisher\" content=\"https:\/\/facebook.com\/laroupille\" \/>\n<meta property=\"article:modified_time\" content=\"2023-09-22T21:47:19+00:00\" \/>\n<meta property=\"og:image\" content=\"https:\/\/laroupille.com\/editions\/wp-content\/uploads\/2021\/02\/couverture-normand-maurice-300x300-1.png\" \/>\n\t<meta property=\"og:image:width\" content=\"300\" \/>\n\t<meta property=\"og:image:height\" content=\"300\" \/>\n\t<meta property=\"og:image:type\" content=\"image\/png\" \/>\n<meta name=\"twitter:card\" content=\"summary_large_image\" \/>\n<script type=\"application\/ld+json\" class=\"yoast-schema-graph\">{\"@context\":\"https:\\\/\\\/schema.org\",\"@graph\":[{\"@type\":\"WebPage\",\"@id\":\"https:\\\/\\\/laroupille.com\\\/editions\\\/product\\\/normand-maurice-pere-de-la-recuperation-au-quebec\\\/\",\"url\":\"https:\\\/\\\/laroupille.com\\\/editions\\\/product\\\/normand-maurice-pere-de-la-recuperation-au-quebec\\\/\",\"name\":\"Normand Maurice, P\u00e8re de la r\u00e9cup\u00e9ration au Qu\u00e9bec - \u00c9ditions La Roupille, service d&#039;\u00e9dition\",\"isPartOf\":{\"@id\":\"https:\\\/\\\/laroupille.com\\\/editions\\\/#website\"},\"primaryImageOfPage\":{\"@id\":\"https:\\\/\\\/laroupille.com\\\/editions\\\/product\\\/normand-maurice-pere-de-la-recuperation-au-quebec\\\/#primaryimage\"},\"image\":{\"@id\":\"https:\\\/\\\/laroupille.com\\\/editions\\\/product\\\/normand-maurice-pere-de-la-recuperation-au-quebec\\\/#primaryimage\"},\"thumbnailUrl\":\"https:\\\/\\\/laroupille.com\\\/editions\\\/wp-content\\\/uploads\\\/2021\\\/02\\\/couverture-normand-maurice-300x300-1.png\",\"datePublished\":\"2021-02-04T19:20:43+00:00\",\"dateModified\":\"2023-09-22T21:47:19+00:00\",\"breadcrumb\":{\"@id\":\"https:\\\/\\\/laroupille.com\\\/editions\\\/product\\\/normand-maurice-pere-de-la-recuperation-au-quebec\\\/#breadcrumb\"},\"inLanguage\":\"fr-FR\",\"potentialAction\":[{\"@type\":\"ReadAction\",\"target\":[\"https:\\\/\\\/laroupille.com\\\/editions\\\/product\\\/normand-maurice-pere-de-la-recuperation-au-quebec\\\/\"]}]},{\"@type\":\"ImageObject\",\"inLanguage\":\"fr-FR\",\"@id\":\"https:\\\/\\\/laroupille.com\\\/editions\\\/product\\\/normand-maurice-pere-de-la-recuperation-au-quebec\\\/#primaryimage\",\"url\":\"https:\\\/\\\/laroupille.com\\\/editions\\\/wp-content\\\/uploads\\\/2021\\\/02\\\/couverture-normand-maurice-300x300-1.png\",\"contentUrl\":\"https:\\\/\\\/laroupille.com\\\/editions\\\/wp-content\\\/uploads\\\/2021\\\/02\\\/couverture-normand-maurice-300x300-1.png\",\"width\":300,\"height\":300,\"caption\":\"Normand Maurice, de Raymond Beaudet\"},{\"@type\":\"BreadcrumbList\",\"@id\":\"https:\\\/\\\/laroupille.com\\\/editions\\\/product\\\/normand-maurice-pere-de-la-recuperation-au-quebec\\\/#breadcrumb\",\"itemListElement\":[{\"@type\":\"ListItem\",\"position\":1,\"name\":\"Accueil\",\"item\":\"https:\\\/\\\/laroupille.com\\\/editions\\\/\"},{\"@type\":\"ListItem\",\"position\":2,\"name\":\"Catalogue\",\"item\":\"https:\\\/\\\/laroupille.com\\\/editions\\\/catalogue\\\/\"},{\"@type\":\"ListItem\",\"position\":3,\"name\":\"Normand Maurice, P\u00e8re de la r\u00e9cup\u00e9ration au Qu\u00e9bec\"}]},{\"@type\":\"WebSite\",\"@id\":\"https:\\\/\\\/laroupille.com\\\/editions\\\/#website\",\"url\":\"https:\\\/\\\/laroupille.com\\\/editions\\\/\",\"name\":\"\u00c9ditions La Roupille, service d&#039;\u00e9dition\",\"description\":\"La Roupille service d&#039;\u00e9ditions\",\"publisher\":{\"@id\":\"https:\\\/\\\/laroupille.com\\\/editions\\\/#organization\"},\"potentialAction\":[{\"@type\":\"SearchAction\",\"target\":{\"@type\":\"EntryPoint\",\"urlTemplate\":\"https:\\\/\\\/laroupille.com\\\/editions\\\/?s={search_term_string}\"},\"query-input\":{\"@type\":\"PropertyValueSpecification\",\"valueRequired\":true,\"valueName\":\"search_term_string\"}}],\"inLanguage\":\"fr-FR\"},{\"@type\":\"Organization\",\"@id\":\"https:\\\/\\\/laroupille.com\\\/editions\\\/#organization\",\"name\":\"La Roupille\",\"url\":\"https:\\\/\\\/laroupille.com\\\/editions\\\/\",\"logo\":{\"@type\":\"ImageObject\",\"inLanguage\":\"fr-FR\",\"@id\":\"https:\\\/\\\/laroupille.com\\\/editions\\\/#\\\/schema\\\/logo\\\/image\\\/\",\"url\":\"https:\\\/\\\/laroupille.com\\\/editions\\\/wp-content\\\/uploads\\\/2021\\\/02\\\/logo-laroupille-big.png\",\"contentUrl\":\"https:\\\/\\\/laroupille.com\\\/editions\\\/wp-content\\\/uploads\\\/2021\\\/02\\\/logo-laroupille-big.png\",\"width\":294,\"height\":130,\"caption\":\"La Roupille\"},\"image\":{\"@id\":\"https:\\\/\\\/laroupille.com\\\/editions\\\/#\\\/schema\\\/logo\\\/image\\\/\"},\"sameAs\":[\"https:\\\/\\\/facebook.com\\\/laroupille\",\"https:\\\/\\\/www.instagram.com\\\/editionslaroupille\\\/\"]}]}<\/script>\n<!-- \/ Yoast SEO plugin. -->","yoast_head_json":{"title":"Normand Maurice, P\u00e8re de la r\u00e9cup\u00e9ration au Qu\u00e9bec - \u00c9ditions La Roupille, service d&#039;\u00e9dition","robots":{"index":"index","follow":"follow","max-snippet":"max-snippet:-1","max-image-preview":"max-image-preview:large","max-video-preview":"max-video-preview:-1"},"canonical":"https:\/\/laroupille.com\/editions\/product\/normand-maurice-pere-de-la-recuperation-au-quebec\/","og_locale":"fr_FR","og_type":"article","og_title":"Normand Maurice, P\u00e8re de la r\u00e9cup\u00e9ration au Qu\u00e9bec - \u00c9ditions La Roupille, service d&#039;\u00e9dition","og_description":"Auteur : Raymond Beaudet  C\u2019est par ses convictions profondes, ses croyances bien ancr\u00e9es et son indomptable fougue que Normand Maurice, enseignant \u00e9m\u00e9rite \u00e0 l\u2019\u00e9cole secondaire Le Bois\u00e9 de Victoriaville, a r\u00e9ussi, d\u00e8s la fin des ann\u00e9es 1970, \u00e0 int\u00e9grer ses \u00e9l\u00e8ves en difficult\u00e9 dans un large projet p\u00e9dagogique s\u2019inscrivant dans la r\u00e9cup\u00e9ration, le recyclage et le r\u00e9emploi.  Pendant plus de deux d\u00e9cennies, ce visionnaire contribuera \u00e0 donner \u00e0 ces \u00e9l\u00e8ves un v\u00e9ritable sens \u00e0 leur vie et une inestimable dignit\u00e9. Il transformera litt\u00e9ralement ces jeunes marginaux en personnes autonomes, en citoyens engag\u00e9s et en travailleurs productifs.  C\u2019est pour eux que les Centres de formation en entreprise et r\u00e9cup\u00e9ration (CFER) sont n\u00e9s, de m\u00eame que R\u00e9cup\u00e9ration Bois-Francs, Peintures r\u00e9cup\u00e9r\u00e9es du Qu\u00e9bec, ainsi qu\u2019une multitude de fructueuses collaborations.","og_url":"https:\/\/laroupille.com\/editions\/product\/normand-maurice-pere-de-la-recuperation-au-quebec\/","og_site_name":"\u00c9ditions La Roupille, service d&#039;\u00e9dition","article_publisher":"https:\/\/facebook.com\/laroupille","article_modified_time":"2023-09-22T21:47:19+00:00","og_image":[{"width":300,"height":300,"url":"https:\/\/laroupille.com\/editions\/wp-content\/uploads\/2021\/02\/couverture-normand-maurice-300x300-1.png","type":"image\/png"}],"twitter_card":"summary_large_image","schema":{"@context":"https:\/\/schema.org","@graph":[{"@type":"WebPage","@id":"https:\/\/laroupille.com\/editions\/product\/normand-maurice-pere-de-la-recuperation-au-quebec\/","url":"https:\/\/laroupille.com\/editions\/product\/normand-maurice-pere-de-la-recuperation-au-quebec\/","name":"Normand Maurice, P\u00e8re de la r\u00e9cup\u00e9ration au Qu\u00e9bec - \u00c9ditions La Roupille, service d&#039;\u00e9dition","isPartOf":{"@id":"https:\/\/laroupille.com\/editions\/#website"},"primaryImageOfPage":{"@id":"https:\/\/laroupille.com\/editions\/product\/normand-maurice-pere-de-la-recuperation-au-quebec\/#primaryimage"},"image":{"@id":"https:\/\/laroupille.com\/editions\/product\/normand-maurice-pere-de-la-recuperation-au-quebec\/#primaryimage"},"thumbnailUrl":"https:\/\/laroupille.com\/editions\/wp-content\/uploads\/2021\/02\/couverture-normand-maurice-300x300-1.png","datePublished":"2021-02-04T19:20:43+00:00","dateModified":"2023-09-22T21:47:19+00:00","breadcrumb":{"@id":"https:\/\/laroupille.com\/editions\/product\/normand-maurice-pere-de-la-recuperation-au-quebec\/#breadcrumb"},"inLanguage":"fr-FR","potentialAction":[{"@type":"ReadAction","target":["https:\/\/laroupille.com\/editions\/product\/normand-maurice-pere-de-la-recuperation-au-quebec\/"]}]},{"@type":"ImageObject","inLanguage":"fr-FR","@id":"https:\/\/laroupille.com\/editions\/product\/normand-maurice-pere-de-la-recuperation-au-quebec\/#primaryimage","url":"https:\/\/laroupille.com\/editions\/wp-content\/uploads\/2021\/02\/couverture-normand-maurice-300x300-1.png","contentUrl":"https:\/\/laroupille.com\/editions\/wp-content\/uploads\/2021\/02\/couverture-normand-maurice-300x300-1.png","width":300,"height":300,"caption":"Normand Maurice, de Raymond Beaudet"},{"@type":"BreadcrumbList","@id":"https:\/\/laroupille.com\/editions\/product\/normand-maurice-pere-de-la-recuperation-au-quebec\/#breadcrumb","itemListElement":[{"@type":"ListItem","position":1,"name":"Accueil","item":"https:\/\/laroupille.com\/editions\/"},{"@type":"ListItem","position":2,"name":"Catalogue","item":"https:\/\/laroupille.com\/editions\/catalogue\/"},{"@type":"ListItem","position":3,"name":"Normand Maurice, P\u00e8re de la r\u00e9cup\u00e9ration au Qu\u00e9bec"}]},{"@type":"WebSite","@id":"https:\/\/laroupille.com\/editions\/#website","url":"https:\/\/laroupille.com\/editions\/","name":"\u00c9ditions La Roupille, service d&#039;\u00e9dition","description":"La Roupille service d&#039;\u00e9ditions","publisher":{"@id":"https:\/\/laroupille.com\/editions\/#organization"},"potentialAction":[{"@type":"SearchAction","target":{"@type":"EntryPoint","urlTemplate":"https:\/\/laroupille.com\/editions\/?s={search_term_string}"},"query-input":{"@type":"PropertyValueSpecification","valueRequired":true,"valueName":"search_term_string"}}],"inLanguage":"fr-FR"},{"@type":"Organization","@id":"https:\/\/laroupille.com\/editions\/#organization","name":"La Roupille","url":"https:\/\/laroupille.com\/editions\/","logo":{"@type":"ImageObject","inLanguage":"fr-FR","@id":"https:\/\/laroupille.com\/editions\/#\/schema\/logo\/image\/","url":"https:\/\/laroupille.com\/editions\/wp-content\/uploads\/2021\/02\/logo-laroupille-big.png","contentUrl":"https:\/\/laroupille.com\/editions\/wp-content\/uploads\/2021\/02\/logo-laroupille-big.png","width":294,"height":130,"caption":"La Roupille"},"image":{"@id":"https:\/\/laroupille.com\/editions\/#\/schema\/logo\/image\/"},"sameAs":["https:\/\/facebook.com\/laroupille","https:\/\/www.instagram.com\/editionslaroupille\/"]}]}},"jetpack_sharing_enabled":true,"_links":{"self":[{"href":"https:\/\/laroupille.com\/editions\/wp-json\/wp\/v2\/product\/1557","targetHints":{"allow":["GET"]}}],"collection":[{"href":"https:\/\/laroupille.com\/editions\/wp-json\/wp\/v2\/product"}],"about":[{"href":"https:\/\/laroupille.com\/editions\/wp-json\/wp\/v2\/types\/product"}],"replies":[{"embeddable":true,"href":"https:\/\/laroupille.com\/editions\/wp-json\/wp\/v2\/comments?post=1557"}],"wp:featuredmedia":[{"embeddable":true,"href":"https:\/\/laroupille.com\/editions\/wp-json\/wp\/v2\/media\/1870"}],"wp:attachment":[{"href":"https:\/\/laroupille.com\/editions\/wp-json\/wp\/v2\/media?parent=1557"}],"wp:term":[{"taxonomy":"product_brand","embeddable":true,"href":"https:\/\/laroupille.com\/editions\/wp-json\/wp\/v2\/product_brand?post=1557"},{"taxonomy":"product_cat","embeddable":true,"href":"https:\/\/laroupille.com\/editions\/wp-json\/wp\/v2\/product_cat?post=1557"},{"taxonomy":"product_tag","embeddable":true,"href":"https:\/\/laroupille.com\/editions\/wp-json\/wp\/v2\/product_tag?post=1557"}],"curies":[{"name":"wp","href":"https:\/\/api.w.org\/{rel}","templated":true}]}}