{"id":1817,"date":"2021-02-11T17:25:19","date_gmt":"2021-02-11T22:25:19","guid":{"rendered":"https:\/\/laroupille.com\/editions\/?post_type=product&#038;p=1817"},"modified":"2023-09-22T16:48:39","modified_gmt":"2023-09-22T21:48:39","slug":"le-bonheur","status":"publish","type":"product","link":"https:\/\/laroupille.com\/editions\/product\/le-bonheur\/","title":{"rendered":"Le Bonheur"},"content":{"rendered":"<p style=\"text-align: center;\"><strong>L\u2019apprentissage, la passion et l\u2019amour forment le papier sur lequel ils \u00e9crivent, sans<\/strong><\/p>\n<p style=\"text-align: center;\"><strong> brouillon, \u00e0 grands traits, le quotidien de leur vie \u00e0 la campagne.<\/strong><\/p>\n","protected":false},"excerpt":{"rendered":"<p>Auteur : <a href=\"https:\/\/laroupille.com\/editions\/auteurs-autrices\/#romand-beaudet\">Romand Beaudet<\/a><\/p>\n<p>Malgr\u00e9 l\u2019incompr\u00e9hension et l\u2019incr\u00e9dulit\u00e9 de leurs proches, H\u00e9l\u00e8ne et Raymond, deux jeunes citadins, d\u00e9cident de r\u00e9aliser un r\u00eave qu\u2019ils partagent : acheter une ferme \u00e0 la campagne et s\u2019y \u00e9tablir.<br \/>\nC\u2019est au milieu des ann\u00e9es 70 que les tourtereaux jettent leur d\u00e9volu sur une ferme abandonn\u00e9e de Saint-Sylvestre, dans Lotbini\u00e8re. Tous deux sont excit\u00e9s d\u2019entreprendre leur nouvelle vie de paysans. Rapidement, le jeune couple d\u00e9couvre \u00ab qu\u2019il n\u2019y en aura pas de facile\u00bb : de la fournaise \u00e0 remettre en marche aux premiers animaux \u00e0 loger; du premier gallon de sirop d\u2019\u00e9rable au potager \u00e0 cr\u00e9er, les surprises sont nombreuses. Rien ne les d\u00e9courage pour autant; leur curiosit\u00e9, leur ing\u00e9niosit\u00e9 et leur indiscutable amour de la vie les am\u00e8nent \u00e0 se d\u00e9couvrir et \u00e0 utiliser toutes leurs ressources, parfois m\u00eame insoup\u00e7onn\u00e9es.<br \/>\nEt si, au bout de ce chemin parsem\u00e9 de multiples d\u00e9couvertes, naissait un bonheur aux dimensions inattendues?<\/p>\n","protected":false},"featured_media":1818,"comment_status":"open","ping_status":"closed","template":"","meta":[],"product_brand":[],"product_cat":[74,49],"product_tag":[138,137],"class_list":{"0":"post-1817","1":"product","2":"type-product","3":"status-publish","4":"has-post-thumbnail","6":"product_cat-roman-inspiration","7":"product_cat-tous-les-livres","8":"product_tag-le-bonheur","9":"product_tag-le-bonheur-de-raymond-beaudet","10":"product_shipping_class-forfait","12":"first","13":"instock","14":"taxable","15":"shipping-taxable","16":"purchasable","17":"product-type-simple"},"yoast_head":"<!-- This site is optimized with the Yoast SEO plugin v27.4 - https:\/\/yoast.com\/product\/yoast-seo-wordpress\/ -->\n<title>Le Bonheur - \u00c9ditions La Roupille, service d&#039;\u00e9dition<\/title>\n<meta name=\"robots\" content=\"index, follow, max-snippet:-1, max-image-preview:large, max-video-preview:-1\" \/>\n<link rel=\"canonical\" href=\"https:\/\/laroupille.com\/editions\/product\/le-bonheur\/\" \/>\n<meta property=\"og:locale\" content=\"fr_FR\" \/>\n<meta property=\"og:type\" content=\"article\" \/>\n<meta property=\"og:title\" content=\"Le Bonheur - \u00c9ditions La Roupille, service d&#039;\u00e9dition\" \/>\n<meta property=\"og:description\" content=\"Auteur : Romand Beaudet  Malgr\u00e9 l\u2019incompr\u00e9hension et l\u2019incr\u00e9dulit\u00e9 de leurs proches, H\u00e9l\u00e8ne et Raymond, deux jeunes citadins, d\u00e9cident de r\u00e9aliser un r\u00eave qu\u2019ils partagent : acheter une ferme \u00e0 la campagne et s\u2019y \u00e9tablir. C\u2019est au milieu des ann\u00e9es 70 que les tourtereaux jettent leur d\u00e9volu sur une ferme abandonn\u00e9e de Saint-Sylvestre, dans Lotbini\u00e8re. Tous deux sont excit\u00e9s d\u2019entreprendre leur nouvelle vie de paysans. Rapidement, le jeune couple d\u00e9couvre \u00ab qu\u2019il n\u2019y en aura pas de facile\u00bb : de la fournaise \u00e0 remettre en marche aux premiers animaux \u00e0 loger; du premier gallon de sirop d\u2019\u00e9rable au potager \u00e0 cr\u00e9er, les surprises sont nombreuses. Rien ne les d\u00e9courage pour autant; leur curiosit\u00e9, leur ing\u00e9niosit\u00e9 et leur indiscutable amour de la vie les am\u00e8nent \u00e0 se d\u00e9couvrir et \u00e0 utiliser toutes leurs ressources, parfois m\u00eame insoup\u00e7onn\u00e9es. Et si, au bout de ce chemin parsem\u00e9 de multiples d\u00e9couvertes, naissait un bonheur aux dimensions inattendues?\" \/>\n<meta property=\"og:url\" content=\"https:\/\/laroupille.com\/editions\/product\/le-bonheur\/\" \/>\n<meta property=\"og:site_name\" content=\"\u00c9ditions La Roupille, service d&#039;\u00e9dition\" \/>\n<meta property=\"article:publisher\" content=\"https:\/\/facebook.com\/laroupille\" \/>\n<meta property=\"article:modified_time\" content=\"2023-09-22T21:48:39+00:00\" \/>\n<meta property=\"og:image\" content=\"https:\/\/laroupille.com\/editions\/wp-content\/uploads\/2021\/02\/COUVERTlebonheur.jpg\" \/>\n\t<meta property=\"og:image:width\" content=\"800\" \/>\n\t<meta property=\"og:image:height\" content=\"890\" \/>\n\t<meta property=\"og:image:type\" content=\"image\/jpeg\" \/>\n<meta name=\"twitter:card\" content=\"summary_large_image\" \/>\n<script type=\"application\/ld+json\" class=\"yoast-schema-graph\">{\"@context\":\"https:\\\/\\\/schema.org\",\"@graph\":[{\"@type\":\"WebPage\",\"@id\":\"https:\\\/\\\/laroupille.com\\\/editions\\\/product\\\/le-bonheur\\\/\",\"url\":\"https:\\\/\\\/laroupille.com\\\/editions\\\/product\\\/le-bonheur\\\/\",\"name\":\"Le Bonheur - \u00c9ditions La Roupille, service d&#039;\u00e9dition\",\"isPartOf\":{\"@id\":\"https:\\\/\\\/laroupille.com\\\/editions\\\/#website\"},\"primaryImageOfPage\":{\"@id\":\"https:\\\/\\\/laroupille.com\\\/editions\\\/product\\\/le-bonheur\\\/#primaryimage\"},\"image\":{\"@id\":\"https:\\\/\\\/laroupille.com\\\/editions\\\/product\\\/le-bonheur\\\/#primaryimage\"},\"thumbnailUrl\":\"https:\\\/\\\/laroupille.com\\\/editions\\\/wp-content\\\/uploads\\\/2021\\\/02\\\/COUVERTlebonheur.jpg\",\"datePublished\":\"2021-02-11T22:25:19+00:00\",\"dateModified\":\"2023-09-22T21:48:39+00:00\",\"breadcrumb\":{\"@id\":\"https:\\\/\\\/laroupille.com\\\/editions\\\/product\\\/le-bonheur\\\/#breadcrumb\"},\"inLanguage\":\"fr-FR\",\"potentialAction\":[{\"@type\":\"ReadAction\",\"target\":[\"https:\\\/\\\/laroupille.com\\\/editions\\\/product\\\/le-bonheur\\\/\"]}]},{\"@type\":\"ImageObject\",\"inLanguage\":\"fr-FR\",\"@id\":\"https:\\\/\\\/laroupille.com\\\/editions\\\/product\\\/le-bonheur\\\/#primaryimage\",\"url\":\"https:\\\/\\\/laroupille.com\\\/editions\\\/wp-content\\\/uploads\\\/2021\\\/02\\\/COUVERTlebonheur.jpg\",\"contentUrl\":\"https:\\\/\\\/laroupille.com\\\/editions\\\/wp-content\\\/uploads\\\/2021\\\/02\\\/COUVERTlebonheur.jpg\",\"width\":800,\"height\":890,\"caption\":\"Le Bonheur, auteur Raymond Beaudet\"},{\"@type\":\"BreadcrumbList\",\"@id\":\"https:\\\/\\\/laroupille.com\\\/editions\\\/product\\\/le-bonheur\\\/#breadcrumb\",\"itemListElement\":[{\"@type\":\"ListItem\",\"position\":1,\"name\":\"Accueil\",\"item\":\"https:\\\/\\\/laroupille.com\\\/editions\\\/\"},{\"@type\":\"ListItem\",\"position\":2,\"name\":\"Catalogue\",\"item\":\"https:\\\/\\\/laroupille.com\\\/editions\\\/catalogue\\\/\"},{\"@type\":\"ListItem\",\"position\":3,\"name\":\"Le Bonheur\"}]},{\"@type\":\"WebSite\",\"@id\":\"https:\\\/\\\/laroupille.com\\\/editions\\\/#website\",\"url\":\"https:\\\/\\\/laroupille.com\\\/editions\\\/\",\"name\":\"\u00c9ditions La Roupille, service d&#039;\u00e9dition\",\"description\":\"La Roupille service d&#039;\u00e9ditions\",\"publisher\":{\"@id\":\"https:\\\/\\\/laroupille.com\\\/editions\\\/#organization\"},\"potentialAction\":[{\"@type\":\"SearchAction\",\"target\":{\"@type\":\"EntryPoint\",\"urlTemplate\":\"https:\\\/\\\/laroupille.com\\\/editions\\\/?s={search_term_string}\"},\"query-input\":{\"@type\":\"PropertyValueSpecification\",\"valueRequired\":true,\"valueName\":\"search_term_string\"}}],\"inLanguage\":\"fr-FR\"},{\"@type\":\"Organization\",\"@id\":\"https:\\\/\\\/laroupille.com\\\/editions\\\/#organization\",\"name\":\"La Roupille\",\"url\":\"https:\\\/\\\/laroupille.com\\\/editions\\\/\",\"logo\":{\"@type\":\"ImageObject\",\"inLanguage\":\"fr-FR\",\"@id\":\"https:\\\/\\\/laroupille.com\\\/editions\\\/#\\\/schema\\\/logo\\\/image\\\/\",\"url\":\"https:\\\/\\\/laroupille.com\\\/editions\\\/wp-content\\\/uploads\\\/2021\\\/02\\\/logo-laroupille-big.png\",\"contentUrl\":\"https:\\\/\\\/laroupille.com\\\/editions\\\/wp-content\\\/uploads\\\/2021\\\/02\\\/logo-laroupille-big.png\",\"width\":294,\"height\":130,\"caption\":\"La Roupille\"},\"image\":{\"@id\":\"https:\\\/\\\/laroupille.com\\\/editions\\\/#\\\/schema\\\/logo\\\/image\\\/\"},\"sameAs\":[\"https:\\\/\\\/facebook.com\\\/laroupille\",\"https:\\\/\\\/www.instagram.com\\\/editionslaroupille\\\/\"]}]}<\/script>\n<!-- \/ Yoast SEO plugin. -->","yoast_head_json":{"title":"Le Bonheur - \u00c9ditions La Roupille, service d&#039;\u00e9dition","robots":{"index":"index","follow":"follow","max-snippet":"max-snippet:-1","max-image-preview":"max-image-preview:large","max-video-preview":"max-video-preview:-1"},"canonical":"https:\/\/laroupille.com\/editions\/product\/le-bonheur\/","og_locale":"fr_FR","og_type":"article","og_title":"Le Bonheur - \u00c9ditions La Roupille, service d&#039;\u00e9dition","og_description":"Auteur : Romand Beaudet  Malgr\u00e9 l\u2019incompr\u00e9hension et l\u2019incr\u00e9dulit\u00e9 de leurs proches, H\u00e9l\u00e8ne et Raymond, deux jeunes citadins, d\u00e9cident de r\u00e9aliser un r\u00eave qu\u2019ils partagent : acheter une ferme \u00e0 la campagne et s\u2019y \u00e9tablir. C\u2019est au milieu des ann\u00e9es 70 que les tourtereaux jettent leur d\u00e9volu sur une ferme abandonn\u00e9e de Saint-Sylvestre, dans Lotbini\u00e8re. Tous deux sont excit\u00e9s d\u2019entreprendre leur nouvelle vie de paysans. Rapidement, le jeune couple d\u00e9couvre \u00ab qu\u2019il n\u2019y en aura pas de facile\u00bb : de la fournaise \u00e0 remettre en marche aux premiers animaux \u00e0 loger; du premier gallon de sirop d\u2019\u00e9rable au potager \u00e0 cr\u00e9er, les surprises sont nombreuses. Rien ne les d\u00e9courage pour autant; leur curiosit\u00e9, leur ing\u00e9niosit\u00e9 et leur indiscutable amour de la vie les am\u00e8nent \u00e0 se d\u00e9couvrir et \u00e0 utiliser toutes leurs ressources, parfois m\u00eame insoup\u00e7onn\u00e9es. Et si, au bout de ce chemin parsem\u00e9 de multiples d\u00e9couvertes, naissait un bonheur aux dimensions inattendues?","og_url":"https:\/\/laroupille.com\/editions\/product\/le-bonheur\/","og_site_name":"\u00c9ditions La Roupille, service d&#039;\u00e9dition","article_publisher":"https:\/\/facebook.com\/laroupille","article_modified_time":"2023-09-22T21:48:39+00:00","og_image":[{"width":800,"height":890,"url":"https:\/\/laroupille.com\/editions\/wp-content\/uploads\/2021\/02\/COUVERTlebonheur.jpg","type":"image\/jpeg"}],"twitter_card":"summary_large_image","schema":{"@context":"https:\/\/schema.org","@graph":[{"@type":"WebPage","@id":"https:\/\/laroupille.com\/editions\/product\/le-bonheur\/","url":"https:\/\/laroupille.com\/editions\/product\/le-bonheur\/","name":"Le Bonheur - \u00c9ditions La Roupille, service d&#039;\u00e9dition","isPartOf":{"@id":"https:\/\/laroupille.com\/editions\/#website"},"primaryImageOfPage":{"@id":"https:\/\/laroupille.com\/editions\/product\/le-bonheur\/#primaryimage"},"image":{"@id":"https:\/\/laroupille.com\/editions\/product\/le-bonheur\/#primaryimage"},"thumbnailUrl":"https:\/\/laroupille.com\/editions\/wp-content\/uploads\/2021\/02\/COUVERTlebonheur.jpg","datePublished":"2021-02-11T22:25:19+00:00","dateModified":"2023-09-22T21:48:39+00:00","breadcrumb":{"@id":"https:\/\/laroupille.com\/editions\/product\/le-bonheur\/#breadcrumb"},"inLanguage":"fr-FR","potentialAction":[{"@type":"ReadAction","target":["https:\/\/laroupille.com\/editions\/product\/le-bonheur\/"]}]},{"@type":"ImageObject","inLanguage":"fr-FR","@id":"https:\/\/laroupille.com\/editions\/product\/le-bonheur\/#primaryimage","url":"https:\/\/laroupille.com\/editions\/wp-content\/uploads\/2021\/02\/COUVERTlebonheur.jpg","contentUrl":"https:\/\/laroupille.com\/editions\/wp-content\/uploads\/2021\/02\/COUVERTlebonheur.jpg","width":800,"height":890,"caption":"Le Bonheur, auteur Raymond Beaudet"},{"@type":"BreadcrumbList","@id":"https:\/\/laroupille.com\/editions\/product\/le-bonheur\/#breadcrumb","itemListElement":[{"@type":"ListItem","position":1,"name":"Accueil","item":"https:\/\/laroupille.com\/editions\/"},{"@type":"ListItem","position":2,"name":"Catalogue","item":"https:\/\/laroupille.com\/editions\/catalogue\/"},{"@type":"ListItem","position":3,"name":"Le Bonheur"}]},{"@type":"WebSite","@id":"https:\/\/laroupille.com\/editions\/#website","url":"https:\/\/laroupille.com\/editions\/","name":"\u00c9ditions La Roupille, service d&#039;\u00e9dition","description":"La Roupille service d&#039;\u00e9ditions","publisher":{"@id":"https:\/\/laroupille.com\/editions\/#organization"},"potentialAction":[{"@type":"SearchAction","target":{"@type":"EntryPoint","urlTemplate":"https:\/\/laroupille.com\/editions\/?s={search_term_string}"},"query-input":{"@type":"PropertyValueSpecification","valueRequired":true,"valueName":"search_term_string"}}],"inLanguage":"fr-FR"},{"@type":"Organization","@id":"https:\/\/laroupille.com\/editions\/#organization","name":"La Roupille","url":"https:\/\/laroupille.com\/editions\/","logo":{"@type":"ImageObject","inLanguage":"fr-FR","@id":"https:\/\/laroupille.com\/editions\/#\/schema\/logo\/image\/","url":"https:\/\/laroupille.com\/editions\/wp-content\/uploads\/2021\/02\/logo-laroupille-big.png","contentUrl":"https:\/\/laroupille.com\/editions\/wp-content\/uploads\/2021\/02\/logo-laroupille-big.png","width":294,"height":130,"caption":"La Roupille"},"image":{"@id":"https:\/\/laroupille.com\/editions\/#\/schema\/logo\/image\/"},"sameAs":["https:\/\/facebook.com\/laroupille","https:\/\/www.instagram.com\/editionslaroupille\/"]}]}},"jetpack_sharing_enabled":true,"_links":{"self":[{"href":"https:\/\/laroupille.com\/editions\/wp-json\/wp\/v2\/product\/1817","targetHints":{"allow":["GET"]}}],"collection":[{"href":"https:\/\/laroupille.com\/editions\/wp-json\/wp\/v2\/product"}],"about":[{"href":"https:\/\/laroupille.com\/editions\/wp-json\/wp\/v2\/types\/product"}],"replies":[{"embeddable":true,"href":"https:\/\/laroupille.com\/editions\/wp-json\/wp\/v2\/comments?post=1817"}],"wp:featuredmedia":[{"embeddable":true,"href":"https:\/\/laroupille.com\/editions\/wp-json\/wp\/v2\/media\/1818"}],"wp:attachment":[{"href":"https:\/\/laroupille.com\/editions\/wp-json\/wp\/v2\/media?parent=1817"}],"wp:term":[{"taxonomy":"product_brand","embeddable":true,"href":"https:\/\/laroupille.com\/editions\/wp-json\/wp\/v2\/product_brand?post=1817"},{"taxonomy":"product_cat","embeddable":true,"href":"https:\/\/laroupille.com\/editions\/wp-json\/wp\/v2\/product_cat?post=1817"},{"taxonomy":"product_tag","embeddable":true,"href":"https:\/\/laroupille.com\/editions\/wp-json\/wp\/v2\/product_tag?post=1817"}],"curies":[{"name":"wp","href":"https:\/\/api.w.org\/{rel}","templated":true}]}}