{"id":2306,"date":"2022-04-18T09:49:22","date_gmt":"2022-04-18T14:49:22","guid":{"rendered":"https:\/\/laroupille.com\/editions\/?post_type=product&#038;p=2306"},"modified":"2024-02-07T17:45:24","modified_gmt":"2024-02-07T22:45:24","slug":"les-7-jours-zachary-petit","status":"publish","type":"product","link":"https:\/\/laroupille.com\/editions\/product\/les-7-jours-zachary-petit\/","title":{"rendered":"Les 7 jours&#8230; Zachary Petit"},"content":{"rendered":"<p><strong>Th\u00e8me : Vivre avec le TDAH<\/strong><\/p>\n<p><strong>\u00ab L&#8217;aventure est un tr\u00e9sor que l&#8217;on d\u00e9couvre chaque matin. \u00bb<\/strong><br \/>\n&#8211; Jacques Brel<\/p>\n","protected":false},"excerpt":{"rendered":"<p>Collection Mioche<br \/>\nAutrice :<a href=\"https:\/\/laroupille.com\/editions\/auteurs\/#caroline-larochelle\"> Caroline Larochelle<\/a><br \/>\nTh\u00e8me : Vivre avec le TDAH<\/p>\n<p>Entour\u00e9 de maman, Papi et Romy, sa s\u0153ur, notre dr\u00f4le d\u2019aventurier a de plus en plus de difficult\u00e9 \u00e0 g\u00e9rer son agitation au quotidien.<br \/>\nOrganisation, concentration, motivation, tol\u00e9rance, patience et confiance : voil\u00e0 quelques-unes des nombreuses \u00e9motions que Zachary explore au fil des jours et des nuits qui composent les 7 jours de la semaine.<br \/>\nEt si Zachary d\u00e9couvrait en lui la vigilance n\u00e9cessaire pour comprendre les signaux d\u2019alarme qui lui causent trop souvent des ennuis?<br \/>\nEt si, avec courage et efforts, Zachary arrivait \u00e0 cheminer positivement malgr\u00e9 sa \u00ab bougeotte \u00bb excessive?<\/p>\n","protected":false},"featured_media":2323,"comment_status":"closed","ping_status":"closed","template":"","meta":[],"product_brand":[],"product_cat":[60,62,49],"product_tag":[72,170],"class_list":{"0":"post-2306","1":"product","2":"type-product","3":"status-publish","4":"has-post-thumbnail","6":"product_cat-jeunesse","7":"product_cat-jeunesse-5-8-ans","8":"product_cat-tous-les-livres","9":"product_tag-caroline-larochelle","10":"product_tag-les-7-jours-de-zachary-petit","11":"product_shipping_class-forfait","13":"first","14":"instock","15":"taxable","16":"shipping-taxable","17":"purchasable","18":"product-type-simple"},"yoast_head":"<!-- This site is optimized with the Yoast SEO plugin v27.4 - https:\/\/yoast.com\/product\/yoast-seo-wordpress\/ -->\n<title>Les 7 jours... Zachary Petit - \u00c9ditions La Roupille, service d&#039;\u00e9dition<\/title>\n<meta name=\"robots\" content=\"index, follow, max-snippet:-1, max-image-preview:large, max-video-preview:-1\" \/>\n<link rel=\"canonical\" href=\"https:\/\/laroupille.com\/editions\/product\/les-7-jours-zachary-petit\/\" \/>\n<meta property=\"og:locale\" content=\"fr_FR\" \/>\n<meta property=\"og:type\" content=\"article\" \/>\n<meta property=\"og:title\" content=\"Les 7 jours... Zachary Petit - \u00c9ditions La Roupille, service d&#039;\u00e9dition\" \/>\n<meta property=\"og:description\" content=\"Collection Mioche Autrice : Caroline Larochelle Th\u00e8me : Vivre avec le TDAH  Entour\u00e9 de maman, Papi et Romy, sa s\u0153ur, notre dr\u00f4le d\u2019aventurier a de plus en plus de difficult\u00e9 \u00e0 g\u00e9rer son agitation au quotidien. Organisation, concentration, motivation, tol\u00e9rance, patience et confiance : voil\u00e0 quelques-unes des nombreuses \u00e9motions que Zachary explore au fil des jours et des nuits qui composent les 7 jours de la semaine. Et si Zachary d\u00e9couvrait en lui la vigilance n\u00e9cessaire pour comprendre les signaux d\u2019alarme qui lui causent trop souvent des ennuis? Et si, avec courage et efforts, Zachary arrivait \u00e0 cheminer positivement malgr\u00e9 sa \u00ab bougeotte \u00bb excessive?\" \/>\n<meta property=\"og:url\" content=\"https:\/\/laroupille.com\/editions\/product\/les-7-jours-zachary-petit\/\" \/>\n<meta property=\"og:site_name\" content=\"\u00c9ditions La Roupille, service d&#039;\u00e9dition\" \/>\n<meta property=\"article:publisher\" content=\"https:\/\/facebook.com\/laroupille\" \/>\n<meta property=\"article:modified_time\" content=\"2024-02-07T22:45:24+00:00\" \/>\n<meta property=\"og:image\" content=\"https:\/\/laroupille.com\/editions\/wp-content\/uploads\/2022\/04\/COUVERTSEUL_7joursZachary.jpg\" \/>\n\t<meta property=\"og:image:width\" content=\"800\" \/>\n\t<meta property=\"og:image:height\" content=\"1200\" \/>\n\t<meta property=\"og:image:type\" content=\"image\/jpeg\" \/>\n<meta name=\"twitter:card\" content=\"summary_large_image\" \/>\n<meta name=\"twitter:label1\" content=\"Dur\u00e9e de lecture estim\u00e9e\" \/>\n\t<meta name=\"twitter:data1\" content=\"1 minute\" \/>\n<script type=\"application\/ld+json\" class=\"yoast-schema-graph\">{\"@context\":\"https:\\\/\\\/schema.org\",\"@graph\":[{\"@type\":\"WebPage\",\"@id\":\"https:\\\/\\\/laroupille.com\\\/editions\\\/product\\\/les-7-jours-zachary-petit\\\/\",\"url\":\"https:\\\/\\\/laroupille.com\\\/editions\\\/product\\\/les-7-jours-zachary-petit\\\/\",\"name\":\"Les 7 jours... Zachary Petit - \u00c9ditions La Roupille, service d&#039;\u00e9dition\",\"isPartOf\":{\"@id\":\"https:\\\/\\\/laroupille.com\\\/editions\\\/#website\"},\"primaryImageOfPage\":{\"@id\":\"https:\\\/\\\/laroupille.com\\\/editions\\\/product\\\/les-7-jours-zachary-petit\\\/#primaryimage\"},\"image\":{\"@id\":\"https:\\\/\\\/laroupille.com\\\/editions\\\/product\\\/les-7-jours-zachary-petit\\\/#primaryimage\"},\"thumbnailUrl\":\"https:\\\/\\\/laroupille.com\\\/editions\\\/wp-content\\\/uploads\\\/2022\\\/04\\\/COUVERTSEUL_7joursZachary.jpg\",\"datePublished\":\"2022-04-18T14:49:22+00:00\",\"dateModified\":\"2024-02-07T22:45:24+00:00\",\"breadcrumb\":{\"@id\":\"https:\\\/\\\/laroupille.com\\\/editions\\\/product\\\/les-7-jours-zachary-petit\\\/#breadcrumb\"},\"inLanguage\":\"fr-FR\",\"potentialAction\":[{\"@type\":\"ReadAction\",\"target\":[\"https:\\\/\\\/laroupille.com\\\/editions\\\/product\\\/les-7-jours-zachary-petit\\\/\"]}]},{\"@type\":\"ImageObject\",\"inLanguage\":\"fr-FR\",\"@id\":\"https:\\\/\\\/laroupille.com\\\/editions\\\/product\\\/les-7-jours-zachary-petit\\\/#primaryimage\",\"url\":\"https:\\\/\\\/laroupille.com\\\/editions\\\/wp-content\\\/uploads\\\/2022\\\/04\\\/COUVERTSEUL_7joursZachary.jpg\",\"contentUrl\":\"https:\\\/\\\/laroupille.com\\\/editions\\\/wp-content\\\/uploads\\\/2022\\\/04\\\/COUVERTSEUL_7joursZachary.jpg\",\"width\":800,\"height\":1200,\"caption\":\"Les 7 jours de Zachary Petit\"},{\"@type\":\"BreadcrumbList\",\"@id\":\"https:\\\/\\\/laroupille.com\\\/editions\\\/product\\\/les-7-jours-zachary-petit\\\/#breadcrumb\",\"itemListElement\":[{\"@type\":\"ListItem\",\"position\":1,\"name\":\"Accueil\",\"item\":\"https:\\\/\\\/laroupille.com\\\/editions\\\/\"},{\"@type\":\"ListItem\",\"position\":2,\"name\":\"Catalogue\",\"item\":\"https:\\\/\\\/laroupille.com\\\/editions\\\/catalogue\\\/\"},{\"@type\":\"ListItem\",\"position\":3,\"name\":\"Les 7 jours&#8230; Zachary Petit\"}]},{\"@type\":\"WebSite\",\"@id\":\"https:\\\/\\\/laroupille.com\\\/editions\\\/#website\",\"url\":\"https:\\\/\\\/laroupille.com\\\/editions\\\/\",\"name\":\"\u00c9ditions La Roupille, service d&#039;\u00e9dition\",\"description\":\"La Roupille service d&#039;\u00e9ditions\",\"publisher\":{\"@id\":\"https:\\\/\\\/laroupille.com\\\/editions\\\/#organization\"},\"potentialAction\":[{\"@type\":\"SearchAction\",\"target\":{\"@type\":\"EntryPoint\",\"urlTemplate\":\"https:\\\/\\\/laroupille.com\\\/editions\\\/?s={search_term_string}\"},\"query-input\":{\"@type\":\"PropertyValueSpecification\",\"valueRequired\":true,\"valueName\":\"search_term_string\"}}],\"inLanguage\":\"fr-FR\"},{\"@type\":\"Organization\",\"@id\":\"https:\\\/\\\/laroupille.com\\\/editions\\\/#organization\",\"name\":\"La Roupille\",\"url\":\"https:\\\/\\\/laroupille.com\\\/editions\\\/\",\"logo\":{\"@type\":\"ImageObject\",\"inLanguage\":\"fr-FR\",\"@id\":\"https:\\\/\\\/laroupille.com\\\/editions\\\/#\\\/schema\\\/logo\\\/image\\\/\",\"url\":\"https:\\\/\\\/laroupille.com\\\/editions\\\/wp-content\\\/uploads\\\/2021\\\/02\\\/logo-laroupille-big.png\",\"contentUrl\":\"https:\\\/\\\/laroupille.com\\\/editions\\\/wp-content\\\/uploads\\\/2021\\\/02\\\/logo-laroupille-big.png\",\"width\":294,\"height\":130,\"caption\":\"La Roupille\"},\"image\":{\"@id\":\"https:\\\/\\\/laroupille.com\\\/editions\\\/#\\\/schema\\\/logo\\\/image\\\/\"},\"sameAs\":[\"https:\\\/\\\/facebook.com\\\/laroupille\",\"https:\\\/\\\/www.instagram.com\\\/editionslaroupille\\\/\"]}]}<\/script>\n<!-- \/ Yoast SEO plugin. -->","yoast_head_json":{"title":"Les 7 jours... Zachary Petit - \u00c9ditions La Roupille, service d&#039;\u00e9dition","robots":{"index":"index","follow":"follow","max-snippet":"max-snippet:-1","max-image-preview":"max-image-preview:large","max-video-preview":"max-video-preview:-1"},"canonical":"https:\/\/laroupille.com\/editions\/product\/les-7-jours-zachary-petit\/","og_locale":"fr_FR","og_type":"article","og_title":"Les 7 jours... Zachary Petit - \u00c9ditions La Roupille, service d&#039;\u00e9dition","og_description":"Collection Mioche Autrice : Caroline Larochelle Th\u00e8me : Vivre avec le TDAH  Entour\u00e9 de maman, Papi et Romy, sa s\u0153ur, notre dr\u00f4le d\u2019aventurier a de plus en plus de difficult\u00e9 \u00e0 g\u00e9rer son agitation au quotidien. Organisation, concentration, motivation, tol\u00e9rance, patience et confiance : voil\u00e0 quelques-unes des nombreuses \u00e9motions que Zachary explore au fil des jours et des nuits qui composent les 7 jours de la semaine. Et si Zachary d\u00e9couvrait en lui la vigilance n\u00e9cessaire pour comprendre les signaux d\u2019alarme qui lui causent trop souvent des ennuis? Et si, avec courage et efforts, Zachary arrivait \u00e0 cheminer positivement malgr\u00e9 sa \u00ab bougeotte \u00bb excessive?","og_url":"https:\/\/laroupille.com\/editions\/product\/les-7-jours-zachary-petit\/","og_site_name":"\u00c9ditions La Roupille, service d&#039;\u00e9dition","article_publisher":"https:\/\/facebook.com\/laroupille","article_modified_time":"2024-02-07T22:45:24+00:00","og_image":[{"width":800,"height":1200,"url":"https:\/\/laroupille.com\/editions\/wp-content\/uploads\/2022\/04\/COUVERTSEUL_7joursZachary.jpg","type":"image\/jpeg"}],"twitter_card":"summary_large_image","twitter_misc":{"Dur\u00e9e de lecture estim\u00e9e":"1 minute"},"schema":{"@context":"https:\/\/schema.org","@graph":[{"@type":"WebPage","@id":"https:\/\/laroupille.com\/editions\/product\/les-7-jours-zachary-petit\/","url":"https:\/\/laroupille.com\/editions\/product\/les-7-jours-zachary-petit\/","name":"Les 7 jours... Zachary Petit - \u00c9ditions La Roupille, service d&#039;\u00e9dition","isPartOf":{"@id":"https:\/\/laroupille.com\/editions\/#website"},"primaryImageOfPage":{"@id":"https:\/\/laroupille.com\/editions\/product\/les-7-jours-zachary-petit\/#primaryimage"},"image":{"@id":"https:\/\/laroupille.com\/editions\/product\/les-7-jours-zachary-petit\/#primaryimage"},"thumbnailUrl":"https:\/\/laroupille.com\/editions\/wp-content\/uploads\/2022\/04\/COUVERTSEUL_7joursZachary.jpg","datePublished":"2022-04-18T14:49:22+00:00","dateModified":"2024-02-07T22:45:24+00:00","breadcrumb":{"@id":"https:\/\/laroupille.com\/editions\/product\/les-7-jours-zachary-petit\/#breadcrumb"},"inLanguage":"fr-FR","potentialAction":[{"@type":"ReadAction","target":["https:\/\/laroupille.com\/editions\/product\/les-7-jours-zachary-petit\/"]}]},{"@type":"ImageObject","inLanguage":"fr-FR","@id":"https:\/\/laroupille.com\/editions\/product\/les-7-jours-zachary-petit\/#primaryimage","url":"https:\/\/laroupille.com\/editions\/wp-content\/uploads\/2022\/04\/COUVERTSEUL_7joursZachary.jpg","contentUrl":"https:\/\/laroupille.com\/editions\/wp-content\/uploads\/2022\/04\/COUVERTSEUL_7joursZachary.jpg","width":800,"height":1200,"caption":"Les 7 jours de Zachary Petit"},{"@type":"BreadcrumbList","@id":"https:\/\/laroupille.com\/editions\/product\/les-7-jours-zachary-petit\/#breadcrumb","itemListElement":[{"@type":"ListItem","position":1,"name":"Accueil","item":"https:\/\/laroupille.com\/editions\/"},{"@type":"ListItem","position":2,"name":"Catalogue","item":"https:\/\/laroupille.com\/editions\/catalogue\/"},{"@type":"ListItem","position":3,"name":"Les 7 jours&#8230; Zachary Petit"}]},{"@type":"WebSite","@id":"https:\/\/laroupille.com\/editions\/#website","url":"https:\/\/laroupille.com\/editions\/","name":"\u00c9ditions La Roupille, service d&#039;\u00e9dition","description":"La Roupille service d&#039;\u00e9ditions","publisher":{"@id":"https:\/\/laroupille.com\/editions\/#organization"},"potentialAction":[{"@type":"SearchAction","target":{"@type":"EntryPoint","urlTemplate":"https:\/\/laroupille.com\/editions\/?s={search_term_string}"},"query-input":{"@type":"PropertyValueSpecification","valueRequired":true,"valueName":"search_term_string"}}],"inLanguage":"fr-FR"},{"@type":"Organization","@id":"https:\/\/laroupille.com\/editions\/#organization","name":"La Roupille","url":"https:\/\/laroupille.com\/editions\/","logo":{"@type":"ImageObject","inLanguage":"fr-FR","@id":"https:\/\/laroupille.com\/editions\/#\/schema\/logo\/image\/","url":"https:\/\/laroupille.com\/editions\/wp-content\/uploads\/2021\/02\/logo-laroupille-big.png","contentUrl":"https:\/\/laroupille.com\/editions\/wp-content\/uploads\/2021\/02\/logo-laroupille-big.png","width":294,"height":130,"caption":"La Roupille"},"image":{"@id":"https:\/\/laroupille.com\/editions\/#\/schema\/logo\/image\/"},"sameAs":["https:\/\/facebook.com\/laroupille","https:\/\/www.instagram.com\/editionslaroupille\/"]}]}},"jetpack_sharing_enabled":true,"_links":{"self":[{"href":"https:\/\/laroupille.com\/editions\/wp-json\/wp\/v2\/product\/2306","targetHints":{"allow":["GET"]}}],"collection":[{"href":"https:\/\/laroupille.com\/editions\/wp-json\/wp\/v2\/product"}],"about":[{"href":"https:\/\/laroupille.com\/editions\/wp-json\/wp\/v2\/types\/product"}],"replies":[{"embeddable":true,"href":"https:\/\/laroupille.com\/editions\/wp-json\/wp\/v2\/comments?post=2306"}],"wp:featuredmedia":[{"embeddable":true,"href":"https:\/\/laroupille.com\/editions\/wp-json\/wp\/v2\/media\/2323"}],"wp:attachment":[{"href":"https:\/\/laroupille.com\/editions\/wp-json\/wp\/v2\/media?parent=2306"}],"wp:term":[{"taxonomy":"product_brand","embeddable":true,"href":"https:\/\/laroupille.com\/editions\/wp-json\/wp\/v2\/product_brand?post=2306"},{"taxonomy":"product_cat","embeddable":true,"href":"https:\/\/laroupille.com\/editions\/wp-json\/wp\/v2\/product_cat?post=2306"},{"taxonomy":"product_tag","embeddable":true,"href":"https:\/\/laroupille.com\/editions\/wp-json\/wp\/v2\/product_tag?post=2306"}],"curies":[{"name":"wp","href":"https:\/\/api.w.org\/{rel}","templated":true}]}}