{"id":2567,"date":"2023-09-21T13:53:06","date_gmt":"2023-09-21T18:53:06","guid":{"rendered":"https:\/\/laroupille.com\/editions\/?post_type=product&#038;p=2567"},"modified":"2024-10-03T15:21:57","modified_gmt":"2024-10-03T19:21:57","slug":"mademoiselle-gisele","status":"publish","type":"product","link":"https:\/\/laroupille.com\/editions\/product\/mademoiselle-gisele\/","title":{"rendered":"Mademoiselle Gis\u00e8le"},"content":{"rendered":"<p>Collection D\u00e9couverte<br \/>\nTh\u00e8me : Les m\u00e9tiers du march\u00e9<\/p>\n<p>O\u00f9 est pass\u00e9e Gigi la chipie?<\/p>\n<p>Cette folle \u00e9pop\u00e9e aborde avec doigt\u00e9 le th\u00e8me de la prudence, \u00e0 travers la d\u00e9couverte des m\u00e9tiers cr\u00e9atifs que l\u2019on retrouve dans les march\u00e9s r\u00e9gionaux. Les enfants feront ainsi la connaissance des personnes qui donnent vie aux produits que nous consommons r\u00e9guli\u00e8rement.<\/p>\n<p><em>Limiter les risques de la fuite par l\u2019apprentissage du danger.<\/em><\/p>\n","protected":false},"excerpt":{"rendered":"<p>Collection D\u00e9couverte<br \/>\nAutrice :<a href=\"https:\/\/laroupille.com\/editions\/auteurs\/#caroline-larochelle\"> Caroline Larochelle<\/a><br \/>\nTh\u00e8me : Les m\u00e9tiers du march\u00e9<\/p>\n<p>Trop souvent, mademoiselle Gis\u00e8le n\u2019en fait qu\u2019\u00e0 sa t\u00eate sans se soucier des cons\u00e9quences. Avec l\u2019\u00e9nergie renversante d\u2019une toupie, Gigi la chipie est capable des pires folies.<\/p>\n<p>Justement, ce matin, alors que la maisonn\u00e9e est encore endormie, la jeune chienne en profite pour r\u00e9aliser une id\u00e9e un peu trop risqu\u00e9e\u2026<\/p>\n<p>Quel r\u00f4le Albert le chat de goutti\u00e8re jouera-t-il dans cette gal\u00e8re?<br \/>\nVa-t-il aider la jeune Gigi ou profiter de sa na\u00efvet\u00e9?<br \/>\nGis\u00e8le peut-elle vraiment lui faire confiance?<\/p>\n","protected":false},"featured_media":2612,"comment_status":"closed","ping_status":"closed","template":"","meta":[],"product_brand":[],"product_cat":[60,61,62],"product_tag":[72,194],"class_list":{"0":"post-2567","1":"product","2":"type-product","3":"status-publish","4":"has-post-thumbnail","6":"product_cat-jeunesse","7":"product_cat-jeunesse-3-ans-plus","8":"product_cat-jeunesse-5-8-ans","9":"product_tag-caroline-larochelle","10":"product_tag-mademoiselle-gisele","11":"product_shipping_class-gratuit","13":"first","14":"instock","15":"featured","16":"taxable","17":"shipping-taxable","18":"purchasable","19":"product-type-simple"},"yoast_head":"<!-- This site is optimized with the Yoast SEO plugin v27.4 - https:\/\/yoast.com\/product\/yoast-seo-wordpress\/ -->\n<title>Mademoiselle Gis\u00e8le - \u00c9ditions La Roupille, service d&#039;\u00e9dition<\/title>\n<meta name=\"description\" content=\"Trop souvent, mademoiselle Gis\u00e8le n\u2019en fait qu\u2019\u00e0 sa t\u00eate sans se soucier des cons\u00e9quences. Justement, ce matin, alors que la maisonn\u00e9e est encore endormie, la jeune chienne en profite pour r\u00e9aliser une id\u00e9e un peu trop risqu\u00e9e\u2026\" \/>\n<meta name=\"robots\" content=\"index, follow, max-snippet:-1, max-image-preview:large, max-video-preview:-1\" \/>\n<link rel=\"canonical\" href=\"https:\/\/laroupille.com\/editions\/product\/mademoiselle-gisele\/\" \/>\n<meta property=\"og:locale\" content=\"fr_FR\" \/>\n<meta property=\"og:type\" content=\"article\" \/>\n<meta property=\"og:title\" content=\"Mademoiselle Gis\u00e8le - \u00c9ditions La Roupille, service d&#039;\u00e9dition\" \/>\n<meta property=\"og:description\" content=\"Trop souvent, mademoiselle Gis\u00e8le n\u2019en fait qu\u2019\u00e0 sa t\u00eate sans se soucier des cons\u00e9quences. Justement, ce matin, alors que la maisonn\u00e9e est encore endormie, la jeune chienne en profite pour r\u00e9aliser une id\u00e9e un peu trop risqu\u00e9e\u2026\" \/>\n<meta property=\"og:url\" content=\"https:\/\/laroupille.com\/editions\/product\/mademoiselle-gisele\/\" \/>\n<meta property=\"og:site_name\" content=\"\u00c9ditions La Roupille, service d&#039;\u00e9dition\" \/>\n<meta property=\"article:publisher\" content=\"https:\/\/facebook.com\/laroupille\" \/>\n<meta property=\"article:modified_time\" content=\"2024-10-03T19:21:57+00:00\" \/>\n<meta property=\"og:image\" content=\"https:\/\/laroupille.com\/editions\/wp-content\/uploads\/2023\/09\/couvert-gisele-3030x300-1.jpg\" \/>\n\t<meta property=\"og:image:width\" content=\"300\" \/>\n\t<meta property=\"og:image:height\" content=\"300\" \/>\n\t<meta property=\"og:image:type\" content=\"image\/jpeg\" \/>\n<meta name=\"twitter:card\" content=\"summary_large_image\" \/>\n<meta name=\"twitter:label1\" content=\"Dur\u00e9e de lecture estim\u00e9e\" \/>\n\t<meta name=\"twitter:data1\" content=\"1 minute\" \/>\n<script type=\"application\/ld+json\" class=\"yoast-schema-graph\">{\"@context\":\"https:\\\/\\\/schema.org\",\"@graph\":[{\"@type\":\"WebPage\",\"@id\":\"https:\\\/\\\/laroupille.com\\\/editions\\\/product\\\/mademoiselle-gisele\\\/\",\"url\":\"https:\\\/\\\/laroupille.com\\\/editions\\\/product\\\/mademoiselle-gisele\\\/\",\"name\":\"Mademoiselle Gis\u00e8le - \u00c9ditions La Roupille, service d&#039;\u00e9dition\",\"isPartOf\":{\"@id\":\"https:\\\/\\\/laroupille.com\\\/editions\\\/#website\"},\"primaryImageOfPage\":{\"@id\":\"https:\\\/\\\/laroupille.com\\\/editions\\\/product\\\/mademoiselle-gisele\\\/#primaryimage\"},\"image\":{\"@id\":\"https:\\\/\\\/laroupille.com\\\/editions\\\/product\\\/mademoiselle-gisele\\\/#primaryimage\"},\"thumbnailUrl\":\"https:\\\/\\\/laroupille.com\\\/editions\\\/wp-content\\\/uploads\\\/2023\\\/09\\\/couvert-gisele-3030x300-1.jpg\",\"datePublished\":\"2023-09-21T18:53:06+00:00\",\"dateModified\":\"2024-10-03T19:21:57+00:00\",\"description\":\"Trop souvent, mademoiselle Gis\u00e8le n\u2019en fait qu\u2019\u00e0 sa t\u00eate sans se soucier des cons\u00e9quences. Justement, ce matin, alors que la maisonn\u00e9e est encore endormie, la jeune chienne en profite pour r\u00e9aliser une id\u00e9e un peu trop risqu\u00e9e\u2026\",\"breadcrumb\":{\"@id\":\"https:\\\/\\\/laroupille.com\\\/editions\\\/product\\\/mademoiselle-gisele\\\/#breadcrumb\"},\"inLanguage\":\"fr-FR\",\"potentialAction\":[{\"@type\":\"ReadAction\",\"target\":[\"https:\\\/\\\/laroupille.com\\\/editions\\\/product\\\/mademoiselle-gisele\\\/\"]}]},{\"@type\":\"ImageObject\",\"inLanguage\":\"fr-FR\",\"@id\":\"https:\\\/\\\/laroupille.com\\\/editions\\\/product\\\/mademoiselle-gisele\\\/#primaryimage\",\"url\":\"https:\\\/\\\/laroupille.com\\\/editions\\\/wp-content\\\/uploads\\\/2023\\\/09\\\/couvert-gisele-3030x300-1.jpg\",\"contentUrl\":\"https:\\\/\\\/laroupille.com\\\/editions\\\/wp-content\\\/uploads\\\/2023\\\/09\\\/couvert-gisele-3030x300-1.jpg\",\"width\":300,\"height\":300,\"caption\":\"Gis\u00e8le de Caroline Larochelle\"},{\"@type\":\"BreadcrumbList\",\"@id\":\"https:\\\/\\\/laroupille.com\\\/editions\\\/product\\\/mademoiselle-gisele\\\/#breadcrumb\",\"itemListElement\":[{\"@type\":\"ListItem\",\"position\":1,\"name\":\"Accueil\",\"item\":\"https:\\\/\\\/laroupille.com\\\/editions\\\/\"},{\"@type\":\"ListItem\",\"position\":2,\"name\":\"Catalogue\",\"item\":\"https:\\\/\\\/laroupille.com\\\/editions\\\/catalogue\\\/\"},{\"@type\":\"ListItem\",\"position\":3,\"name\":\"Mademoiselle Gis\u00e8le\"}]},{\"@type\":\"WebSite\",\"@id\":\"https:\\\/\\\/laroupille.com\\\/editions\\\/#website\",\"url\":\"https:\\\/\\\/laroupille.com\\\/editions\\\/\",\"name\":\"\u00c9ditions La Roupille, service d&#039;\u00e9dition\",\"description\":\"La Roupille service d&#039;\u00e9ditions\",\"publisher\":{\"@id\":\"https:\\\/\\\/laroupille.com\\\/editions\\\/#organization\"},\"potentialAction\":[{\"@type\":\"SearchAction\",\"target\":{\"@type\":\"EntryPoint\",\"urlTemplate\":\"https:\\\/\\\/laroupille.com\\\/editions\\\/?s={search_term_string}\"},\"query-input\":{\"@type\":\"PropertyValueSpecification\",\"valueRequired\":true,\"valueName\":\"search_term_string\"}}],\"inLanguage\":\"fr-FR\"},{\"@type\":\"Organization\",\"@id\":\"https:\\\/\\\/laroupille.com\\\/editions\\\/#organization\",\"name\":\"La Roupille\",\"url\":\"https:\\\/\\\/laroupille.com\\\/editions\\\/\",\"logo\":{\"@type\":\"ImageObject\",\"inLanguage\":\"fr-FR\",\"@id\":\"https:\\\/\\\/laroupille.com\\\/editions\\\/#\\\/schema\\\/logo\\\/image\\\/\",\"url\":\"https:\\\/\\\/laroupille.com\\\/editions\\\/wp-content\\\/uploads\\\/2021\\\/02\\\/logo-laroupille-big.png\",\"contentUrl\":\"https:\\\/\\\/laroupille.com\\\/editions\\\/wp-content\\\/uploads\\\/2021\\\/02\\\/logo-laroupille-big.png\",\"width\":294,\"height\":130,\"caption\":\"La Roupille\"},\"image\":{\"@id\":\"https:\\\/\\\/laroupille.com\\\/editions\\\/#\\\/schema\\\/logo\\\/image\\\/\"},\"sameAs\":[\"https:\\\/\\\/facebook.com\\\/laroupille\",\"https:\\\/\\\/www.instagram.com\\\/editionslaroupille\\\/\"]}]}<\/script>\n<!-- \/ Yoast SEO plugin. -->","yoast_head_json":{"title":"Mademoiselle Gis\u00e8le - \u00c9ditions La Roupille, service d&#039;\u00e9dition","description":"Trop souvent, mademoiselle Gis\u00e8le n\u2019en fait qu\u2019\u00e0 sa t\u00eate sans se soucier des cons\u00e9quences. Justement, ce matin, alors que la maisonn\u00e9e est encore endormie, la jeune chienne en profite pour r\u00e9aliser une id\u00e9e un peu trop risqu\u00e9e\u2026","robots":{"index":"index","follow":"follow","max-snippet":"max-snippet:-1","max-image-preview":"max-image-preview:large","max-video-preview":"max-video-preview:-1"},"canonical":"https:\/\/laroupille.com\/editions\/product\/mademoiselle-gisele\/","og_locale":"fr_FR","og_type":"article","og_title":"Mademoiselle Gis\u00e8le - \u00c9ditions La Roupille, service d&#039;\u00e9dition","og_description":"Trop souvent, mademoiselle Gis\u00e8le n\u2019en fait qu\u2019\u00e0 sa t\u00eate sans se soucier des cons\u00e9quences. Justement, ce matin, alors que la maisonn\u00e9e est encore endormie, la jeune chienne en profite pour r\u00e9aliser une id\u00e9e un peu trop risqu\u00e9e\u2026","og_url":"https:\/\/laroupille.com\/editions\/product\/mademoiselle-gisele\/","og_site_name":"\u00c9ditions La Roupille, service d&#039;\u00e9dition","article_publisher":"https:\/\/facebook.com\/laroupille","article_modified_time":"2024-10-03T19:21:57+00:00","og_image":[{"width":300,"height":300,"url":"https:\/\/laroupille.com\/editions\/wp-content\/uploads\/2023\/09\/couvert-gisele-3030x300-1.jpg","type":"image\/jpeg"}],"twitter_card":"summary_large_image","twitter_misc":{"Dur\u00e9e de lecture estim\u00e9e":"1 minute"},"schema":{"@context":"https:\/\/schema.org","@graph":[{"@type":"WebPage","@id":"https:\/\/laroupille.com\/editions\/product\/mademoiselle-gisele\/","url":"https:\/\/laroupille.com\/editions\/product\/mademoiselle-gisele\/","name":"Mademoiselle Gis\u00e8le - \u00c9ditions La Roupille, service d&#039;\u00e9dition","isPartOf":{"@id":"https:\/\/laroupille.com\/editions\/#website"},"primaryImageOfPage":{"@id":"https:\/\/laroupille.com\/editions\/product\/mademoiselle-gisele\/#primaryimage"},"image":{"@id":"https:\/\/laroupille.com\/editions\/product\/mademoiselle-gisele\/#primaryimage"},"thumbnailUrl":"https:\/\/laroupille.com\/editions\/wp-content\/uploads\/2023\/09\/couvert-gisele-3030x300-1.jpg","datePublished":"2023-09-21T18:53:06+00:00","dateModified":"2024-10-03T19:21:57+00:00","description":"Trop souvent, mademoiselle Gis\u00e8le n\u2019en fait qu\u2019\u00e0 sa t\u00eate sans se soucier des cons\u00e9quences. Justement, ce matin, alors que la maisonn\u00e9e est encore endormie, la jeune chienne en profite pour r\u00e9aliser une id\u00e9e un peu trop risqu\u00e9e\u2026","breadcrumb":{"@id":"https:\/\/laroupille.com\/editions\/product\/mademoiselle-gisele\/#breadcrumb"},"inLanguage":"fr-FR","potentialAction":[{"@type":"ReadAction","target":["https:\/\/laroupille.com\/editions\/product\/mademoiselle-gisele\/"]}]},{"@type":"ImageObject","inLanguage":"fr-FR","@id":"https:\/\/laroupille.com\/editions\/product\/mademoiselle-gisele\/#primaryimage","url":"https:\/\/laroupille.com\/editions\/wp-content\/uploads\/2023\/09\/couvert-gisele-3030x300-1.jpg","contentUrl":"https:\/\/laroupille.com\/editions\/wp-content\/uploads\/2023\/09\/couvert-gisele-3030x300-1.jpg","width":300,"height":300,"caption":"Gis\u00e8le de Caroline Larochelle"},{"@type":"BreadcrumbList","@id":"https:\/\/laroupille.com\/editions\/product\/mademoiselle-gisele\/#breadcrumb","itemListElement":[{"@type":"ListItem","position":1,"name":"Accueil","item":"https:\/\/laroupille.com\/editions\/"},{"@type":"ListItem","position":2,"name":"Catalogue","item":"https:\/\/laroupille.com\/editions\/catalogue\/"},{"@type":"ListItem","position":3,"name":"Mademoiselle Gis\u00e8le"}]},{"@type":"WebSite","@id":"https:\/\/laroupille.com\/editions\/#website","url":"https:\/\/laroupille.com\/editions\/","name":"\u00c9ditions La Roupille, service d&#039;\u00e9dition","description":"La Roupille service d&#039;\u00e9ditions","publisher":{"@id":"https:\/\/laroupille.com\/editions\/#organization"},"potentialAction":[{"@type":"SearchAction","target":{"@type":"EntryPoint","urlTemplate":"https:\/\/laroupille.com\/editions\/?s={search_term_string}"},"query-input":{"@type":"PropertyValueSpecification","valueRequired":true,"valueName":"search_term_string"}}],"inLanguage":"fr-FR"},{"@type":"Organization","@id":"https:\/\/laroupille.com\/editions\/#organization","name":"La Roupille","url":"https:\/\/laroupille.com\/editions\/","logo":{"@type":"ImageObject","inLanguage":"fr-FR","@id":"https:\/\/laroupille.com\/editions\/#\/schema\/logo\/image\/","url":"https:\/\/laroupille.com\/editions\/wp-content\/uploads\/2021\/02\/logo-laroupille-big.png","contentUrl":"https:\/\/laroupille.com\/editions\/wp-content\/uploads\/2021\/02\/logo-laroupille-big.png","width":294,"height":130,"caption":"La Roupille"},"image":{"@id":"https:\/\/laroupille.com\/editions\/#\/schema\/logo\/image\/"},"sameAs":["https:\/\/facebook.com\/laroupille","https:\/\/www.instagram.com\/editionslaroupille\/"]}]}},"jetpack_sharing_enabled":true,"_links":{"self":[{"href":"https:\/\/laroupille.com\/editions\/wp-json\/wp\/v2\/product\/2567","targetHints":{"allow":["GET"]}}],"collection":[{"href":"https:\/\/laroupille.com\/editions\/wp-json\/wp\/v2\/product"}],"about":[{"href":"https:\/\/laroupille.com\/editions\/wp-json\/wp\/v2\/types\/product"}],"replies":[{"embeddable":true,"href":"https:\/\/laroupille.com\/editions\/wp-json\/wp\/v2\/comments?post=2567"}],"wp:featuredmedia":[{"embeddable":true,"href":"https:\/\/laroupille.com\/editions\/wp-json\/wp\/v2\/media\/2612"}],"wp:attachment":[{"href":"https:\/\/laroupille.com\/editions\/wp-json\/wp\/v2\/media?parent=2567"}],"wp:term":[{"taxonomy":"product_brand","embeddable":true,"href":"https:\/\/laroupille.com\/editions\/wp-json\/wp\/v2\/product_brand?post=2567"},{"taxonomy":"product_cat","embeddable":true,"href":"https:\/\/laroupille.com\/editions\/wp-json\/wp\/v2\/product_cat?post=2567"},{"taxonomy":"product_tag","embeddable":true,"href":"https:\/\/laroupille.com\/editions\/wp-json\/wp\/v2\/product_tag?post=2567"}],"curies":[{"name":"wp","href":"https:\/\/api.w.org\/{rel}","templated":true}]}}