{"id":2572,"date":"2023-09-21T14:09:30","date_gmt":"2023-09-21T19:09:30","guid":{"rendered":"https:\/\/laroupille.com\/editions\/?post_type=product&#038;p=2572"},"modified":"2024-08-27T14:27:50","modified_gmt":"2024-08-27T19:27:50","slug":"harry-et-ses-lunettes-noires","status":"publish","type":"product","link":"https:\/\/laroupille.com\/editions\/product\/harry-et-ses-lunettes-noires\/","title":{"rendered":"Harry et ses lunettes noires"},"content":{"rendered":"<p>Th\u00e8me : Les diff\u00e9rences<\/p>\n<p><strong><em>Voir sa vie avec confiance.<\/em><\/strong><\/p>\n<p>Aborder avec les plus jeunes le th\u00e8me de la diff\u00e9rence \u00e0 travers une histoire qui met en lumi\u00e8re\u00a0: l\u2019ouverture aux autres, le dialogue et l\u2019estime de soi.<\/p>\n","protected":false},"excerpt":{"rendered":"<p>Autrice : <a href=\"https:\/\/laroupille.com\/editions\/auteurs-autrices\/#claudia_dupont\">Claudia Dupont<\/a><br \/>\nTh\u00e8me : Les diff\u00e9rences<\/p>\n<p>Trop souvent, Harry porte ses lunettes noires. Alors, tout lui semble gris et sombre. \u00c7a le rend triste. Il se sent seul et diff\u00e9rent.<\/p>\n<p>Puis, un jour, il re\u00e7oit l\u2019aide inattendue d\u2019une personne tr\u00e8s sp\u00e9ciale. Il r\u00e9alise alors que chaque journ\u00e9e porte <em>SA<\/em> couleur. C\u2019est ainsi qu\u2019il apprend \u00e0 se faire confiance, et tout redevient plus facile pour lui.<\/p>\n<p>Maintenant, Harry porte toujours des lunettes aux couleurs de l\u2019arc-en-ciel.<\/p>\n","protected":false},"featured_media":2613,"comment_status":"closed","ping_status":"closed","template":"","meta":[],"product_brand":[],"product_cat":[60,61,62,49],"product_tag":[195,196],"class_list":{"0":"post-2572","1":"product","2":"type-product","3":"status-publish","4":"has-post-thumbnail","6":"product_cat-jeunesse","7":"product_cat-jeunesse-3-ans-plus","8":"product_cat-jeunesse-5-8-ans","9":"product_cat-tous-les-livres","10":"product_tag-claudia-dupont-et-annabelle-traversy","11":"product_tag-harry-et-ses-lunettes-noires","12":"product_shipping_class-forfait","14":"first","15":"instock","16":"featured","17":"taxable","18":"shipping-taxable","19":"purchasable","20":"product-type-simple"},"yoast_head":"<!-- This site is optimized with the Yoast SEO plugin v27.4 - https:\/\/yoast.com\/product\/yoast-seo-wordpress\/ -->\n<title>Harry et ses lunettes noires - \u00c9ditions La Roupille, service d&#039;\u00e9dition<\/title>\n<meta name=\"description\" content=\"Trop souvent, Harry porte ses lunettes noires. Alors, tout lui semble gris et sombre. \u00c7a le rend triste. Il se sent seul et diff\u00e9rent. Puis, un jour, il re\u00e7oit l\u2019aide inattendue d\u2019une personne tr\u00e8s sp\u00e9ciale. Il r\u00e9alise alors que chaque journ\u00e9e porte SA couleur. C\u2019est ainsi qu\u2019il apprend \u00e0 se faire confiance, et tout redevient plus facile pour lui. Maintenant, Harry porte toujours des lunettes aux couleurs de l\u2019arc-en-ciel.\" \/>\n<meta name=\"robots\" content=\"index, follow, max-snippet:-1, max-image-preview:large, max-video-preview:-1\" \/>\n<link rel=\"canonical\" href=\"https:\/\/laroupille.com\/editions\/product\/harry-et-ses-lunettes-noires\/\" \/>\n<meta property=\"og:locale\" content=\"fr_FR\" \/>\n<meta property=\"og:type\" content=\"article\" \/>\n<meta property=\"og:title\" content=\"Harry et ses lunettes noires - \u00c9ditions La Roupille, service d&#039;\u00e9dition\" \/>\n<meta property=\"og:description\" content=\"Trop souvent, Harry porte ses lunettes noires. Alors, tout lui semble gris et sombre. \u00c7a le rend triste. Il se sent seul et diff\u00e9rent. Puis, un jour, il re\u00e7oit l\u2019aide inattendue d\u2019une personne tr\u00e8s sp\u00e9ciale. Il r\u00e9alise alors que chaque journ\u00e9e porte SA couleur. C\u2019est ainsi qu\u2019il apprend \u00e0 se faire confiance, et tout redevient plus facile pour lui. Maintenant, Harry porte toujours des lunettes aux couleurs de l\u2019arc-en-ciel.\" \/>\n<meta property=\"og:url\" content=\"https:\/\/laroupille.com\/editions\/product\/harry-et-ses-lunettes-noires\/\" \/>\n<meta property=\"og:site_name\" content=\"\u00c9ditions La Roupille, service d&#039;\u00e9dition\" \/>\n<meta property=\"article:publisher\" content=\"https:\/\/facebook.com\/laroupille\" \/>\n<meta property=\"article:modified_time\" content=\"2024-08-27T19:27:50+00:00\" \/>\n<meta property=\"og:image\" content=\"https:\/\/laroupille.com\/editions\/wp-content\/uploads\/2023\/09\/couvet-harry-300x300-1.jpg\" \/>\n\t<meta property=\"og:image:width\" content=\"300\" \/>\n\t<meta property=\"og:image:height\" content=\"300\" \/>\n\t<meta property=\"og:image:type\" content=\"image\/jpeg\" \/>\n<meta name=\"twitter:card\" content=\"summary_large_image\" \/>\n<meta name=\"twitter:label1\" content=\"Dur\u00e9e de lecture estim\u00e9e\" \/>\n\t<meta name=\"twitter:data1\" content=\"1 minute\" \/>\n<script type=\"application\/ld+json\" class=\"yoast-schema-graph\">{\"@context\":\"https:\\\/\\\/schema.org\",\"@graph\":[{\"@type\":\"WebPage\",\"@id\":\"https:\\\/\\\/laroupille.com\\\/editions\\\/product\\\/harry-et-ses-lunettes-noires\\\/\",\"url\":\"https:\\\/\\\/laroupille.com\\\/editions\\\/product\\\/harry-et-ses-lunettes-noires\\\/\",\"name\":\"Harry et ses lunettes noires - \u00c9ditions La Roupille, service d&#039;\u00e9dition\",\"isPartOf\":{\"@id\":\"https:\\\/\\\/laroupille.com\\\/editions\\\/#website\"},\"primaryImageOfPage\":{\"@id\":\"https:\\\/\\\/laroupille.com\\\/editions\\\/product\\\/harry-et-ses-lunettes-noires\\\/#primaryimage\"},\"image\":{\"@id\":\"https:\\\/\\\/laroupille.com\\\/editions\\\/product\\\/harry-et-ses-lunettes-noires\\\/#primaryimage\"},\"thumbnailUrl\":\"https:\\\/\\\/laroupille.com\\\/editions\\\/wp-content\\\/uploads\\\/2023\\\/09\\\/couvet-harry-300x300-1.jpg\",\"datePublished\":\"2023-09-21T19:09:30+00:00\",\"dateModified\":\"2024-08-27T19:27:50+00:00\",\"description\":\"Trop souvent, Harry porte ses lunettes noires. Alors, tout lui semble gris et sombre. \u00c7a le rend triste. Il se sent seul et diff\u00e9rent. Puis, un jour, il re\u00e7oit l\u2019aide inattendue d\u2019une personne tr\u00e8s sp\u00e9ciale. Il r\u00e9alise alors que chaque journ\u00e9e porte SA couleur. C\u2019est ainsi qu\u2019il apprend \u00e0 se faire confiance, et tout redevient plus facile pour lui. Maintenant, Harry porte toujours des lunettes aux couleurs de l\u2019arc-en-ciel.\",\"breadcrumb\":{\"@id\":\"https:\\\/\\\/laroupille.com\\\/editions\\\/product\\\/harry-et-ses-lunettes-noires\\\/#breadcrumb\"},\"inLanguage\":\"fr-FR\",\"potentialAction\":[{\"@type\":\"ReadAction\",\"target\":[\"https:\\\/\\\/laroupille.com\\\/editions\\\/product\\\/harry-et-ses-lunettes-noires\\\/\"]}]},{\"@type\":\"ImageObject\",\"inLanguage\":\"fr-FR\",\"@id\":\"https:\\\/\\\/laroupille.com\\\/editions\\\/product\\\/harry-et-ses-lunettes-noires\\\/#primaryimage\",\"url\":\"https:\\\/\\\/laroupille.com\\\/editions\\\/wp-content\\\/uploads\\\/2023\\\/09\\\/couvet-harry-300x300-1.jpg\",\"contentUrl\":\"https:\\\/\\\/laroupille.com\\\/editions\\\/wp-content\\\/uploads\\\/2023\\\/09\\\/couvet-harry-300x300-1.jpg\",\"width\":300,\"height\":300},{\"@type\":\"BreadcrumbList\",\"@id\":\"https:\\\/\\\/laroupille.com\\\/editions\\\/product\\\/harry-et-ses-lunettes-noires\\\/#breadcrumb\",\"itemListElement\":[{\"@type\":\"ListItem\",\"position\":1,\"name\":\"Accueil\",\"item\":\"https:\\\/\\\/laroupille.com\\\/editions\\\/\"},{\"@type\":\"ListItem\",\"position\":2,\"name\":\"Catalogue\",\"item\":\"https:\\\/\\\/laroupille.com\\\/editions\\\/catalogue\\\/\"},{\"@type\":\"ListItem\",\"position\":3,\"name\":\"Harry et ses lunettes noires\"}]},{\"@type\":\"WebSite\",\"@id\":\"https:\\\/\\\/laroupille.com\\\/editions\\\/#website\",\"url\":\"https:\\\/\\\/laroupille.com\\\/editions\\\/\",\"name\":\"\u00c9ditions La Roupille, service d&#039;\u00e9dition\",\"description\":\"La Roupille service d&#039;\u00e9ditions\",\"publisher\":{\"@id\":\"https:\\\/\\\/laroupille.com\\\/editions\\\/#organization\"},\"potentialAction\":[{\"@type\":\"SearchAction\",\"target\":{\"@type\":\"EntryPoint\",\"urlTemplate\":\"https:\\\/\\\/laroupille.com\\\/editions\\\/?s={search_term_string}\"},\"query-input\":{\"@type\":\"PropertyValueSpecification\",\"valueRequired\":true,\"valueName\":\"search_term_string\"}}],\"inLanguage\":\"fr-FR\"},{\"@type\":\"Organization\",\"@id\":\"https:\\\/\\\/laroupille.com\\\/editions\\\/#organization\",\"name\":\"La Roupille\",\"url\":\"https:\\\/\\\/laroupille.com\\\/editions\\\/\",\"logo\":{\"@type\":\"ImageObject\",\"inLanguage\":\"fr-FR\",\"@id\":\"https:\\\/\\\/laroupille.com\\\/editions\\\/#\\\/schema\\\/logo\\\/image\\\/\",\"url\":\"https:\\\/\\\/laroupille.com\\\/editions\\\/wp-content\\\/uploads\\\/2021\\\/02\\\/logo-laroupille-big.png\",\"contentUrl\":\"https:\\\/\\\/laroupille.com\\\/editions\\\/wp-content\\\/uploads\\\/2021\\\/02\\\/logo-laroupille-big.png\",\"width\":294,\"height\":130,\"caption\":\"La Roupille\"},\"image\":{\"@id\":\"https:\\\/\\\/laroupille.com\\\/editions\\\/#\\\/schema\\\/logo\\\/image\\\/\"},\"sameAs\":[\"https:\\\/\\\/facebook.com\\\/laroupille\",\"https:\\\/\\\/www.instagram.com\\\/editionslaroupille\\\/\"]}]}<\/script>\n<!-- \/ Yoast SEO plugin. -->","yoast_head_json":{"title":"Harry et ses lunettes noires - \u00c9ditions La Roupille, service d&#039;\u00e9dition","description":"Trop souvent, Harry porte ses lunettes noires. Alors, tout lui semble gris et sombre. \u00c7a le rend triste. Il se sent seul et diff\u00e9rent. Puis, un jour, il re\u00e7oit l\u2019aide inattendue d\u2019une personne tr\u00e8s sp\u00e9ciale. Il r\u00e9alise alors que chaque journ\u00e9e porte SA couleur. C\u2019est ainsi qu\u2019il apprend \u00e0 se faire confiance, et tout redevient plus facile pour lui. Maintenant, Harry porte toujours des lunettes aux couleurs de l\u2019arc-en-ciel.","robots":{"index":"index","follow":"follow","max-snippet":"max-snippet:-1","max-image-preview":"max-image-preview:large","max-video-preview":"max-video-preview:-1"},"canonical":"https:\/\/laroupille.com\/editions\/product\/harry-et-ses-lunettes-noires\/","og_locale":"fr_FR","og_type":"article","og_title":"Harry et ses lunettes noires - \u00c9ditions La Roupille, service d&#039;\u00e9dition","og_description":"Trop souvent, Harry porte ses lunettes noires. Alors, tout lui semble gris et sombre. \u00c7a le rend triste. Il se sent seul et diff\u00e9rent. Puis, un jour, il re\u00e7oit l\u2019aide inattendue d\u2019une personne tr\u00e8s sp\u00e9ciale. Il r\u00e9alise alors que chaque journ\u00e9e porte SA couleur. C\u2019est ainsi qu\u2019il apprend \u00e0 se faire confiance, et tout redevient plus facile pour lui. Maintenant, Harry porte toujours des lunettes aux couleurs de l\u2019arc-en-ciel.","og_url":"https:\/\/laroupille.com\/editions\/product\/harry-et-ses-lunettes-noires\/","og_site_name":"\u00c9ditions La Roupille, service d&#039;\u00e9dition","article_publisher":"https:\/\/facebook.com\/laroupille","article_modified_time":"2024-08-27T19:27:50+00:00","og_image":[{"width":300,"height":300,"url":"https:\/\/laroupille.com\/editions\/wp-content\/uploads\/2023\/09\/couvet-harry-300x300-1.jpg","type":"image\/jpeg"}],"twitter_card":"summary_large_image","twitter_misc":{"Dur\u00e9e de lecture estim\u00e9e":"1 minute"},"schema":{"@context":"https:\/\/schema.org","@graph":[{"@type":"WebPage","@id":"https:\/\/laroupille.com\/editions\/product\/harry-et-ses-lunettes-noires\/","url":"https:\/\/laroupille.com\/editions\/product\/harry-et-ses-lunettes-noires\/","name":"Harry et ses lunettes noires - \u00c9ditions La Roupille, service d&#039;\u00e9dition","isPartOf":{"@id":"https:\/\/laroupille.com\/editions\/#website"},"primaryImageOfPage":{"@id":"https:\/\/laroupille.com\/editions\/product\/harry-et-ses-lunettes-noires\/#primaryimage"},"image":{"@id":"https:\/\/laroupille.com\/editions\/product\/harry-et-ses-lunettes-noires\/#primaryimage"},"thumbnailUrl":"https:\/\/laroupille.com\/editions\/wp-content\/uploads\/2023\/09\/couvet-harry-300x300-1.jpg","datePublished":"2023-09-21T19:09:30+00:00","dateModified":"2024-08-27T19:27:50+00:00","description":"Trop souvent, Harry porte ses lunettes noires. Alors, tout lui semble gris et sombre. \u00c7a le rend triste. Il se sent seul et diff\u00e9rent. Puis, un jour, il re\u00e7oit l\u2019aide inattendue d\u2019une personne tr\u00e8s sp\u00e9ciale. Il r\u00e9alise alors que chaque journ\u00e9e porte SA couleur. C\u2019est ainsi qu\u2019il apprend \u00e0 se faire confiance, et tout redevient plus facile pour lui. Maintenant, Harry porte toujours des lunettes aux couleurs de l\u2019arc-en-ciel.","breadcrumb":{"@id":"https:\/\/laroupille.com\/editions\/product\/harry-et-ses-lunettes-noires\/#breadcrumb"},"inLanguage":"fr-FR","potentialAction":[{"@type":"ReadAction","target":["https:\/\/laroupille.com\/editions\/product\/harry-et-ses-lunettes-noires\/"]}]},{"@type":"ImageObject","inLanguage":"fr-FR","@id":"https:\/\/laroupille.com\/editions\/product\/harry-et-ses-lunettes-noires\/#primaryimage","url":"https:\/\/laroupille.com\/editions\/wp-content\/uploads\/2023\/09\/couvet-harry-300x300-1.jpg","contentUrl":"https:\/\/laroupille.com\/editions\/wp-content\/uploads\/2023\/09\/couvet-harry-300x300-1.jpg","width":300,"height":300},{"@type":"BreadcrumbList","@id":"https:\/\/laroupille.com\/editions\/product\/harry-et-ses-lunettes-noires\/#breadcrumb","itemListElement":[{"@type":"ListItem","position":1,"name":"Accueil","item":"https:\/\/laroupille.com\/editions\/"},{"@type":"ListItem","position":2,"name":"Catalogue","item":"https:\/\/laroupille.com\/editions\/catalogue\/"},{"@type":"ListItem","position":3,"name":"Harry et ses lunettes noires"}]},{"@type":"WebSite","@id":"https:\/\/laroupille.com\/editions\/#website","url":"https:\/\/laroupille.com\/editions\/","name":"\u00c9ditions La Roupille, service d&#039;\u00e9dition","description":"La Roupille service d&#039;\u00e9ditions","publisher":{"@id":"https:\/\/laroupille.com\/editions\/#organization"},"potentialAction":[{"@type":"SearchAction","target":{"@type":"EntryPoint","urlTemplate":"https:\/\/laroupille.com\/editions\/?s={search_term_string}"},"query-input":{"@type":"PropertyValueSpecification","valueRequired":true,"valueName":"search_term_string"}}],"inLanguage":"fr-FR"},{"@type":"Organization","@id":"https:\/\/laroupille.com\/editions\/#organization","name":"La Roupille","url":"https:\/\/laroupille.com\/editions\/","logo":{"@type":"ImageObject","inLanguage":"fr-FR","@id":"https:\/\/laroupille.com\/editions\/#\/schema\/logo\/image\/","url":"https:\/\/laroupille.com\/editions\/wp-content\/uploads\/2021\/02\/logo-laroupille-big.png","contentUrl":"https:\/\/laroupille.com\/editions\/wp-content\/uploads\/2021\/02\/logo-laroupille-big.png","width":294,"height":130,"caption":"La Roupille"},"image":{"@id":"https:\/\/laroupille.com\/editions\/#\/schema\/logo\/image\/"},"sameAs":["https:\/\/facebook.com\/laroupille","https:\/\/www.instagram.com\/editionslaroupille\/"]}]}},"jetpack_sharing_enabled":true,"_links":{"self":[{"href":"https:\/\/laroupille.com\/editions\/wp-json\/wp\/v2\/product\/2572","targetHints":{"allow":["GET"]}}],"collection":[{"href":"https:\/\/laroupille.com\/editions\/wp-json\/wp\/v2\/product"}],"about":[{"href":"https:\/\/laroupille.com\/editions\/wp-json\/wp\/v2\/types\/product"}],"replies":[{"embeddable":true,"href":"https:\/\/laroupille.com\/editions\/wp-json\/wp\/v2\/comments?post=2572"}],"wp:featuredmedia":[{"embeddable":true,"href":"https:\/\/laroupille.com\/editions\/wp-json\/wp\/v2\/media\/2613"}],"wp:attachment":[{"href":"https:\/\/laroupille.com\/editions\/wp-json\/wp\/v2\/media?parent=2572"}],"wp:term":[{"taxonomy":"product_brand","embeddable":true,"href":"https:\/\/laroupille.com\/editions\/wp-json\/wp\/v2\/product_brand?post=2572"},{"taxonomy":"product_cat","embeddable":true,"href":"https:\/\/laroupille.com\/editions\/wp-json\/wp\/v2\/product_cat?post=2572"},{"taxonomy":"product_tag","embeddable":true,"href":"https:\/\/laroupille.com\/editions\/wp-json\/wp\/v2\/product_tag?post=2572"}],"curies":[{"name":"wp","href":"https:\/\/api.w.org\/{rel}","templated":true}]}}