{"id":2593,"date":"2023-09-21T16:27:45","date_gmt":"2023-09-21T21:27:45","guid":{"rendered":"https:\/\/laroupille.com\/editions\/?post_type=product&#038;p=2593"},"modified":"2024-08-28T10:23:27","modified_gmt":"2024-08-28T14:23:27","slug":"pauline-se-raconte","status":"publish","type":"product","link":"https:\/\/laroupille.com\/editions\/product\/pauline-se-raconte\/","title":{"rendered":"Pauline se raconte&#8230;"},"content":{"rendered":"<p>Collection: Inspiration<br \/>\nTh\u00e8me : Ma vie de voyages<\/p>\n<p><em>Wherever you are, it is your friends who make your world.<\/em><\/p>\n<p>William James<\/p>\n<p><em>La vie n\u2019est pas d\u00e9finie par le nombre de respirations que l\u2019on prend, <\/em><\/p>\n<p><em>mais par les moments qui nous coupent le souffle.<\/em><\/p>\n<p>Confucius<\/p>\n","protected":false},"excerpt":{"rendered":"<p>Autrice :<a href=\"https:\/\/laroupille.com\/editions\/auteurs-autrices\/#pauline_loignon\"> Pauline Loignon<\/a><br \/>\nTh\u00e8me : Ma vie en voyages<\/p>\n<p><strong>Faire le tour du monde en 80 ans<\/strong><\/p>\n<p>De pays en pays, l\u2019auteure a appris plusieurs langues, s\u2019est fait des amis, s\u2019est cr\u00e9\u00e9 des nids et les a quitt\u00e9s aussi.<\/p>\n<p>Aujourd\u2019hui, Pauline est de retour \u00e0 Qu\u00e9bec, et elle a eu envie de laisser sa trace par la voie de ses \u00e9crits.<\/p>\n<p>\u00ab Le r\u00e9cit de Pauline nous pr\u00e9sente sa vie de nomade aux c\u00f4t\u00e9s de son mari, agent des affaires \u00e9trang\u00e8res pour le Canada. Un parcours exceptionnel \u00e0 travers le monde.\u00a0\u00bb<\/p>\n<p>Une vie de voyages, c\u2019est une vie riche en souvenirs.<\/p>\n<p>&nbsp;<\/p>\n","protected":false},"featured_media":2595,"comment_status":"closed","ping_status":"closed","template":"","meta":[],"product_brand":[],"product_cat":[74,49],"product_tag":[197,198],"class_list":{"0":"post-2593","1":"product","2":"type-product","3":"status-publish","4":"has-post-thumbnail","6":"product_cat-roman-inspiration","7":"product_cat-tous-les-livres","8":"product_tag-pauline-loignon","9":"product_tag-pauline-se-raconte","10":"product_shipping_class-forfait","12":"first","13":"instock","14":"taxable","15":"shipping-taxable","16":"purchasable","17":"product-type-simple"},"yoast_head":"<!-- This site is optimized with the Yoast SEO plugin v27.4 - https:\/\/yoast.com\/product\/yoast-seo-wordpress\/ -->\n<title>Pauline se raconte... - \u00c9ditions La Roupille, service d&#039;\u00e9dition<\/title>\n<meta name=\"description\" content=\"De pays en pays, l\u2019auteure a appris plusieurs langues, s\u2019est fait des amis, s\u2019est cr\u00e9\u00e9 des nids et les a quitt\u00e9s aussi. Aujourd\u2019hui, Pauline est de retour \u00e0 Qu\u00e9bec, et elle a eu envie de laisser sa trace par la voie de ses \u00e9crits.\u00ab Le r\u00e9cit de Pauline nous pr\u00e9sente sa vie de nomade aux c\u00f4t\u00e9s de son mari, agent des affaires \u00e9trang\u00e8res pour le Canada. Un parcours exceptionnel \u00e0 travers le monde. \u00bbUne vie de voyages, c\u2019est une vie riche en souvenirs.\" \/>\n<meta name=\"robots\" content=\"index, follow, max-snippet:-1, max-image-preview:large, max-video-preview:-1\" \/>\n<link rel=\"canonical\" href=\"https:\/\/laroupille.com\/editions\/product\/pauline-se-raconte\/\" \/>\n<meta property=\"og:locale\" content=\"fr_FR\" \/>\n<meta property=\"og:type\" content=\"article\" \/>\n<meta property=\"og:title\" content=\"Pauline se raconte... - \u00c9ditions La Roupille, service d&#039;\u00e9dition\" \/>\n<meta property=\"og:description\" content=\"De pays en pays, l\u2019auteure a appris plusieurs langues, s\u2019est fait des amis, s\u2019est cr\u00e9\u00e9 des nids et les a quitt\u00e9s aussi. Aujourd\u2019hui, Pauline est de retour \u00e0 Qu\u00e9bec, et elle a eu envie de laisser sa trace par la voie de ses \u00e9crits.\u00ab Le r\u00e9cit de Pauline nous pr\u00e9sente sa vie de nomade aux c\u00f4t\u00e9s de son mari, agent des affaires \u00e9trang\u00e8res pour le Canada. Un parcours exceptionnel \u00e0 travers le monde. \u00bbUne vie de voyages, c\u2019est une vie riche en souvenirs.\" \/>\n<meta property=\"og:url\" content=\"https:\/\/laroupille.com\/editions\/product\/pauline-se-raconte\/\" \/>\n<meta property=\"og:site_name\" content=\"\u00c9ditions La Roupille, service d&#039;\u00e9dition\" \/>\n<meta property=\"article:publisher\" content=\"https:\/\/facebook.com\/laroupille\" \/>\n<meta property=\"article:modified_time\" content=\"2024-08-28T14:23:27+00:00\" \/>\n<meta property=\"og:image\" content=\"https:\/\/laroupille.com\/editions\/wp-content\/uploads\/2023\/09\/couvertseul_PAULINE.jpg\" \/>\n\t<meta property=\"og:image:width\" content=\"800\" \/>\n\t<meta property=\"og:image:height\" content=\"939\" \/>\n\t<meta property=\"og:image:type\" content=\"image\/jpeg\" \/>\n<meta name=\"twitter:card\" content=\"summary_large_image\" \/>\n<meta name=\"twitter:label1\" content=\"Dur\u00e9e de lecture estim\u00e9e\" \/>\n\t<meta name=\"twitter:data1\" content=\"1 minute\" \/>\n<script type=\"application\/ld+json\" class=\"yoast-schema-graph\">{\"@context\":\"https:\\\/\\\/schema.org\",\"@graph\":[{\"@type\":\"WebPage\",\"@id\":\"https:\\\/\\\/laroupille.com\\\/editions\\\/product\\\/pauline-se-raconte\\\/\",\"url\":\"https:\\\/\\\/laroupille.com\\\/editions\\\/product\\\/pauline-se-raconte\\\/\",\"name\":\"Pauline se raconte... - \u00c9ditions La Roupille, service d&#039;\u00e9dition\",\"isPartOf\":{\"@id\":\"https:\\\/\\\/laroupille.com\\\/editions\\\/#website\"},\"primaryImageOfPage\":{\"@id\":\"https:\\\/\\\/laroupille.com\\\/editions\\\/product\\\/pauline-se-raconte\\\/#primaryimage\"},\"image\":{\"@id\":\"https:\\\/\\\/laroupille.com\\\/editions\\\/product\\\/pauline-se-raconte\\\/#primaryimage\"},\"thumbnailUrl\":\"https:\\\/\\\/laroupille.com\\\/editions\\\/wp-content\\\/uploads\\\/2023\\\/09\\\/couvertseul_PAULINE.jpg\",\"datePublished\":\"2023-09-21T21:27:45+00:00\",\"dateModified\":\"2024-08-28T14:23:27+00:00\",\"description\":\"De pays en pays, l\u2019auteure a appris plusieurs langues, s\u2019est fait des amis, s\u2019est cr\u00e9\u00e9 des nids et les a quitt\u00e9s aussi. Aujourd\u2019hui, Pauline est de retour \u00e0 Qu\u00e9bec, et elle a eu envie de laisser sa trace par la voie de ses \u00e9crits.\u00ab Le r\u00e9cit de Pauline nous pr\u00e9sente sa vie de nomade aux c\u00f4t\u00e9s de son mari, agent des affaires \u00e9trang\u00e8res pour le Canada. Un parcours exceptionnel \u00e0 travers le monde. \u00bbUne vie de voyages, c\u2019est une vie riche en souvenirs.\",\"breadcrumb\":{\"@id\":\"https:\\\/\\\/laroupille.com\\\/editions\\\/product\\\/pauline-se-raconte\\\/#breadcrumb\"},\"inLanguage\":\"fr-FR\",\"potentialAction\":[{\"@type\":\"ReadAction\",\"target\":[\"https:\\\/\\\/laroupille.com\\\/editions\\\/product\\\/pauline-se-raconte\\\/\"]}]},{\"@type\":\"ImageObject\",\"inLanguage\":\"fr-FR\",\"@id\":\"https:\\\/\\\/laroupille.com\\\/editions\\\/product\\\/pauline-se-raconte\\\/#primaryimage\",\"url\":\"https:\\\/\\\/laroupille.com\\\/editions\\\/wp-content\\\/uploads\\\/2023\\\/09\\\/couvertseul_PAULINE.jpg\",\"contentUrl\":\"https:\\\/\\\/laroupille.com\\\/editions\\\/wp-content\\\/uploads\\\/2023\\\/09\\\/couvertseul_PAULINE.jpg\",\"width\":800,\"height\":939,\"caption\":\"Pauline se raconte - Autrice Pauline Loignon\"},{\"@type\":\"BreadcrumbList\",\"@id\":\"https:\\\/\\\/laroupille.com\\\/editions\\\/product\\\/pauline-se-raconte\\\/#breadcrumb\",\"itemListElement\":[{\"@type\":\"ListItem\",\"position\":1,\"name\":\"Accueil\",\"item\":\"https:\\\/\\\/laroupille.com\\\/editions\\\/\"},{\"@type\":\"ListItem\",\"position\":2,\"name\":\"Catalogue\",\"item\":\"https:\\\/\\\/laroupille.com\\\/editions\\\/catalogue\\\/\"},{\"@type\":\"ListItem\",\"position\":3,\"name\":\"Pauline se raconte&#8230;\"}]},{\"@type\":\"WebSite\",\"@id\":\"https:\\\/\\\/laroupille.com\\\/editions\\\/#website\",\"url\":\"https:\\\/\\\/laroupille.com\\\/editions\\\/\",\"name\":\"\u00c9ditions La Roupille, service d&#039;\u00e9dition\",\"description\":\"La Roupille service d&#039;\u00e9ditions\",\"publisher\":{\"@id\":\"https:\\\/\\\/laroupille.com\\\/editions\\\/#organization\"},\"potentialAction\":[{\"@type\":\"SearchAction\",\"target\":{\"@type\":\"EntryPoint\",\"urlTemplate\":\"https:\\\/\\\/laroupille.com\\\/editions\\\/?s={search_term_string}\"},\"query-input\":{\"@type\":\"PropertyValueSpecification\",\"valueRequired\":true,\"valueName\":\"search_term_string\"}}],\"inLanguage\":\"fr-FR\"},{\"@type\":\"Organization\",\"@id\":\"https:\\\/\\\/laroupille.com\\\/editions\\\/#organization\",\"name\":\"La Roupille\",\"url\":\"https:\\\/\\\/laroupille.com\\\/editions\\\/\",\"logo\":{\"@type\":\"ImageObject\",\"inLanguage\":\"fr-FR\",\"@id\":\"https:\\\/\\\/laroupille.com\\\/editions\\\/#\\\/schema\\\/logo\\\/image\\\/\",\"url\":\"https:\\\/\\\/laroupille.com\\\/editions\\\/wp-content\\\/uploads\\\/2021\\\/02\\\/logo-laroupille-big.png\",\"contentUrl\":\"https:\\\/\\\/laroupille.com\\\/editions\\\/wp-content\\\/uploads\\\/2021\\\/02\\\/logo-laroupille-big.png\",\"width\":294,\"height\":130,\"caption\":\"La Roupille\"},\"image\":{\"@id\":\"https:\\\/\\\/laroupille.com\\\/editions\\\/#\\\/schema\\\/logo\\\/image\\\/\"},\"sameAs\":[\"https:\\\/\\\/facebook.com\\\/laroupille\",\"https:\\\/\\\/www.instagram.com\\\/editionslaroupille\\\/\"]}]}<\/script>\n<!-- \/ Yoast SEO plugin. -->","yoast_head_json":{"title":"Pauline se raconte... - \u00c9ditions La Roupille, service d&#039;\u00e9dition","description":"De pays en pays, l\u2019auteure a appris plusieurs langues, s\u2019est fait des amis, s\u2019est cr\u00e9\u00e9 des nids et les a quitt\u00e9s aussi. Aujourd\u2019hui, Pauline est de retour \u00e0 Qu\u00e9bec, et elle a eu envie de laisser sa trace par la voie de ses \u00e9crits.\u00ab Le r\u00e9cit de Pauline nous pr\u00e9sente sa vie de nomade aux c\u00f4t\u00e9s de son mari, agent des affaires \u00e9trang\u00e8res pour le Canada. Un parcours exceptionnel \u00e0 travers le monde. \u00bbUne vie de voyages, c\u2019est une vie riche en souvenirs.","robots":{"index":"index","follow":"follow","max-snippet":"max-snippet:-1","max-image-preview":"max-image-preview:large","max-video-preview":"max-video-preview:-1"},"canonical":"https:\/\/laroupille.com\/editions\/product\/pauline-se-raconte\/","og_locale":"fr_FR","og_type":"article","og_title":"Pauline se raconte... - \u00c9ditions La Roupille, service d&#039;\u00e9dition","og_description":"De pays en pays, l\u2019auteure a appris plusieurs langues, s\u2019est fait des amis, s\u2019est cr\u00e9\u00e9 des nids et les a quitt\u00e9s aussi. Aujourd\u2019hui, Pauline est de retour \u00e0 Qu\u00e9bec, et elle a eu envie de laisser sa trace par la voie de ses \u00e9crits.\u00ab Le r\u00e9cit de Pauline nous pr\u00e9sente sa vie de nomade aux c\u00f4t\u00e9s de son mari, agent des affaires \u00e9trang\u00e8res pour le Canada. Un parcours exceptionnel \u00e0 travers le monde. \u00bbUne vie de voyages, c\u2019est une vie riche en souvenirs.","og_url":"https:\/\/laroupille.com\/editions\/product\/pauline-se-raconte\/","og_site_name":"\u00c9ditions La Roupille, service d&#039;\u00e9dition","article_publisher":"https:\/\/facebook.com\/laroupille","article_modified_time":"2024-08-28T14:23:27+00:00","og_image":[{"width":800,"height":939,"url":"https:\/\/laroupille.com\/editions\/wp-content\/uploads\/2023\/09\/couvertseul_PAULINE.jpg","type":"image\/jpeg"}],"twitter_card":"summary_large_image","twitter_misc":{"Dur\u00e9e de lecture estim\u00e9e":"1 minute"},"schema":{"@context":"https:\/\/schema.org","@graph":[{"@type":"WebPage","@id":"https:\/\/laroupille.com\/editions\/product\/pauline-se-raconte\/","url":"https:\/\/laroupille.com\/editions\/product\/pauline-se-raconte\/","name":"Pauline se raconte... - \u00c9ditions La Roupille, service d&#039;\u00e9dition","isPartOf":{"@id":"https:\/\/laroupille.com\/editions\/#website"},"primaryImageOfPage":{"@id":"https:\/\/laroupille.com\/editions\/product\/pauline-se-raconte\/#primaryimage"},"image":{"@id":"https:\/\/laroupille.com\/editions\/product\/pauline-se-raconte\/#primaryimage"},"thumbnailUrl":"https:\/\/laroupille.com\/editions\/wp-content\/uploads\/2023\/09\/couvertseul_PAULINE.jpg","datePublished":"2023-09-21T21:27:45+00:00","dateModified":"2024-08-28T14:23:27+00:00","description":"De pays en pays, l\u2019auteure a appris plusieurs langues, s\u2019est fait des amis, s\u2019est cr\u00e9\u00e9 des nids et les a quitt\u00e9s aussi. Aujourd\u2019hui, Pauline est de retour \u00e0 Qu\u00e9bec, et elle a eu envie de laisser sa trace par la voie de ses \u00e9crits.\u00ab Le r\u00e9cit de Pauline nous pr\u00e9sente sa vie de nomade aux c\u00f4t\u00e9s de son mari, agent des affaires \u00e9trang\u00e8res pour le Canada. Un parcours exceptionnel \u00e0 travers le monde. \u00bbUne vie de voyages, c\u2019est une vie riche en souvenirs.","breadcrumb":{"@id":"https:\/\/laroupille.com\/editions\/product\/pauline-se-raconte\/#breadcrumb"},"inLanguage":"fr-FR","potentialAction":[{"@type":"ReadAction","target":["https:\/\/laroupille.com\/editions\/product\/pauline-se-raconte\/"]}]},{"@type":"ImageObject","inLanguage":"fr-FR","@id":"https:\/\/laroupille.com\/editions\/product\/pauline-se-raconte\/#primaryimage","url":"https:\/\/laroupille.com\/editions\/wp-content\/uploads\/2023\/09\/couvertseul_PAULINE.jpg","contentUrl":"https:\/\/laroupille.com\/editions\/wp-content\/uploads\/2023\/09\/couvertseul_PAULINE.jpg","width":800,"height":939,"caption":"Pauline se raconte - Autrice Pauline Loignon"},{"@type":"BreadcrumbList","@id":"https:\/\/laroupille.com\/editions\/product\/pauline-se-raconte\/#breadcrumb","itemListElement":[{"@type":"ListItem","position":1,"name":"Accueil","item":"https:\/\/laroupille.com\/editions\/"},{"@type":"ListItem","position":2,"name":"Catalogue","item":"https:\/\/laroupille.com\/editions\/catalogue\/"},{"@type":"ListItem","position":3,"name":"Pauline se raconte&#8230;"}]},{"@type":"WebSite","@id":"https:\/\/laroupille.com\/editions\/#website","url":"https:\/\/laroupille.com\/editions\/","name":"\u00c9ditions La Roupille, service d&#039;\u00e9dition","description":"La Roupille service d&#039;\u00e9ditions","publisher":{"@id":"https:\/\/laroupille.com\/editions\/#organization"},"potentialAction":[{"@type":"SearchAction","target":{"@type":"EntryPoint","urlTemplate":"https:\/\/laroupille.com\/editions\/?s={search_term_string}"},"query-input":{"@type":"PropertyValueSpecification","valueRequired":true,"valueName":"search_term_string"}}],"inLanguage":"fr-FR"},{"@type":"Organization","@id":"https:\/\/laroupille.com\/editions\/#organization","name":"La Roupille","url":"https:\/\/laroupille.com\/editions\/","logo":{"@type":"ImageObject","inLanguage":"fr-FR","@id":"https:\/\/laroupille.com\/editions\/#\/schema\/logo\/image\/","url":"https:\/\/laroupille.com\/editions\/wp-content\/uploads\/2021\/02\/logo-laroupille-big.png","contentUrl":"https:\/\/laroupille.com\/editions\/wp-content\/uploads\/2021\/02\/logo-laroupille-big.png","width":294,"height":130,"caption":"La Roupille"},"image":{"@id":"https:\/\/laroupille.com\/editions\/#\/schema\/logo\/image\/"},"sameAs":["https:\/\/facebook.com\/laroupille","https:\/\/www.instagram.com\/editionslaroupille\/"]}]}},"jetpack_sharing_enabled":true,"_links":{"self":[{"href":"https:\/\/laroupille.com\/editions\/wp-json\/wp\/v2\/product\/2593","targetHints":{"allow":["GET"]}}],"collection":[{"href":"https:\/\/laroupille.com\/editions\/wp-json\/wp\/v2\/product"}],"about":[{"href":"https:\/\/laroupille.com\/editions\/wp-json\/wp\/v2\/types\/product"}],"replies":[{"embeddable":true,"href":"https:\/\/laroupille.com\/editions\/wp-json\/wp\/v2\/comments?post=2593"}],"wp:featuredmedia":[{"embeddable":true,"href":"https:\/\/laroupille.com\/editions\/wp-json\/wp\/v2\/media\/2595"}],"wp:attachment":[{"href":"https:\/\/laroupille.com\/editions\/wp-json\/wp\/v2\/media?parent=2593"}],"wp:term":[{"taxonomy":"product_brand","embeddable":true,"href":"https:\/\/laroupille.com\/editions\/wp-json\/wp\/v2\/product_brand?post=2593"},{"taxonomy":"product_cat","embeddable":true,"href":"https:\/\/laroupille.com\/editions\/wp-json\/wp\/v2\/product_cat?post=2593"},{"taxonomy":"product_tag","embeddable":true,"href":"https:\/\/laroupille.com\/editions\/wp-json\/wp\/v2\/product_tag?post=2593"}],"curies":[{"name":"wp","href":"https:\/\/api.w.org\/{rel}","templated":true}]}}